{"id":3882,"date":"2022-03-28T10:22:59","date_gmt":"2022-03-28T10:22:59","guid":{"rendered":"https:\/\/madeincreativos.com\/?post_type=product&#038;p=3882"},"modified":"2022-03-28T14:57:19","modified_gmt":"2022-03-28T14:57:19","slug":"tarjetas-de-visita-clasicas-sin-laminar","status":"publish","type":"product","link":"https:\/\/madeincreativos.com\/en\/product\/tarjetas-de-visita-clasicas-sin-laminar\/","title":{"rendered":"Tarjetas de visita cl\u00e1sicas sin laminar"},"content":{"rendered":"<p>Obt\u00e9n tus <strong>tarjetas de visita personalizadas<\/strong> y has lucir a tu empresa. La mejor impresi\u00f3n la tienes en MadeIn Creativos.<\/p>","protected":false},"excerpt":{"rendered":"<p>Obt\u00e9n tus <strong>tarjetas de visita personalizadas<\/strong> y has lucir a tu empresa. La mejor impresi\u00f3n la tienes en MadeIn Creativos.<\/p>\n<p>Tama\u00f1o 8,5 x 5,5<\/p>","protected":false},"featured_media":3931,"comment_status":"open","ping_status":"closed","template":"","meta":{"_et_pb_use_builder":"","_et_pb_old_content":"","_et_gb_content_width":""},"product_brand":[],"product_cat":[18],"product_tag":[],"class_list":{"0":"post-3882","1":"product","2":"type-product","3":"status-publish","4":"has-post-thumbnail","6":"product_cat-imprenta","8":"first","9":"instock","10":"taxable","11":"shipping-taxable","12":"purchasable","13":"product-type-variable","14":"has-default-attributes"},"yoast_head":"<!-- This site is optimized with the Yoast SEO plugin v27.5 - https:\/\/yoast.com\/product\/yoast-seo-wordpress\/ -->\n<title>Tarjetas de visita cl\u00e1sicas sin laminar &#187; MadeIn Creativos<\/title>\n<meta name=\"description\" content=\"Obt\u00e9n tus tarjetas de visita personalizadas y has lucir a tu empresa. La mejor impresi\u00f3n la tienes en MadeIn Creativos.\" \/>\n<meta name=\"robots\" content=\"index, follow, max-snippet:-1, max-image-preview:large, max-video-preview:-1\" \/>\n<link rel=\"canonical\" href=\"https:\/\/madeincreativos.com\/en\/product\/tarjetas-de-visita-clasicas-sin-laminar\/\" \/>\n<meta property=\"og:locale\" content=\"en_GB\" \/>\n<meta property=\"og:type\" content=\"article\" \/>\n<meta property=\"og:title\" content=\"Tarjetas de visita cl\u00e1sicas sin laminar &#187; MadeIn Creativos\" \/>\n<meta property=\"og:description\" content=\"Obt\u00e9n tus tarjetas de visita personalizadas y has lucir a tu empresa. La mejor impresi\u00f3n la tienes en MadeIn Creativos.\" \/>\n<meta property=\"og:url\" content=\"https:\/\/madeincreativos.com\/en\/product\/tarjetas-de-visita-clasicas-sin-laminar\/\" \/>\n<meta property=\"og:site_name\" content=\"MadeIn Creativos\" \/>\n<meta property=\"article:publisher\" content=\"https:\/\/www.facebook.com\/madeincreativos\" \/>\n<meta property=\"article:modified_time\" content=\"2022-03-28T14:57:19+00:00\" \/>\n<meta property=\"og:image\" content=\"https:\/\/madeincreativos.com\/wp-content\/uploads\/2022\/03\/image-6822222-20220319-ob_c21d93_boton-web-tarjetas-clasicas-copia.jpg\" \/>\n\t<meta property=\"og:image:width\" content=\"500\" \/>\n\t<meta property=\"og:image:height\" content=\"550\" \/>\n\t<meta property=\"og:image:type\" content=\"image\/jpeg\" \/>\n<meta name=\"twitter:card\" content=\"summary_large_image\" \/>\n<meta name=\"twitter:label1\" content=\"Estimated reading time\" \/>\n\t<meta name=\"twitter:data1\" content=\"1 minute\" \/>\n<script type=\"application\/ld+json\" class=\"yoast-schema-graph\">{\"@context\":\"https:\\\/\\\/schema.org\",\"@graph\":[{\"@type\":\"WebPage\",\"@id\":\"https:\\\/\\\/madeincreativos.com\\\/producto\\\/tarjetas-de-visita-clasicas-sin-laminar\\\/\",\"url\":\"https:\\\/\\\/madeincreativos.com\\\/producto\\\/tarjetas-de-visita-clasicas-sin-laminar\\\/\",\"name\":\"Tarjetas de visita cl\u00e1sicas sin laminar &#187; MadeIn Creativos\",\"isPartOf\":{\"@id\":\"https:\\\/\\\/madeincreativos.com\\\/#website\"},\"primaryImageOfPage\":{\"@id\":\"https:\\\/\\\/madeincreativos.com\\\/producto\\\/tarjetas-de-visita-clasicas-sin-laminar\\\/#primaryimage\"},\"image\":{\"@id\":\"https:\\\/\\\/madeincreativos.com\\\/producto\\\/tarjetas-de-visita-clasicas-sin-laminar\\\/#primaryimage\"},\"thumbnailUrl\":\"https:\\\/\\\/madeincreativos.com\\\/wp-content\\\/uploads\\\/2022\\\/03\\\/image-6822222-20220319-ob_c21d93_boton-web-tarjetas-clasicas-copia.jpg\",\"datePublished\":\"2022-03-28T10:22:59+00:00\",\"dateModified\":\"2022-03-28T14:57:19+00:00\",\"description\":\"Obt\u00e9n tus tarjetas de visita personalizadas y has lucir a tu empresa. La mejor impresi\u00f3n la tienes en MadeIn Creativos.\",\"breadcrumb\":{\"@id\":\"https:\\\/\\\/madeincreativos.com\\\/producto\\\/tarjetas-de-visita-clasicas-sin-laminar\\\/#breadcrumb\"},\"inLanguage\":\"en-GB\",\"potentialAction\":[{\"@type\":\"ReadAction\",\"target\":[\"https:\\\/\\\/madeincreativos.com\\\/producto\\\/tarjetas-de-visita-clasicas-sin-laminar\\\/\"]}]},{\"@type\":\"ImageObject\",\"inLanguage\":\"en-GB\",\"@id\":\"https:\\\/\\\/madeincreativos.com\\\/producto\\\/tarjetas-de-visita-clasicas-sin-laminar\\\/#primaryimage\",\"url\":\"https:\\\/\\\/madeincreativos.com\\\/wp-content\\\/uploads\\\/2022\\\/03\\\/image-6822222-20220319-ob_c21d93_boton-web-tarjetas-clasicas-copia.jpg\",\"contentUrl\":\"https:\\\/\\\/madeincreativos.com\\\/wp-content\\\/uploads\\\/2022\\\/03\\\/image-6822222-20220319-ob_c21d93_boton-web-tarjetas-clasicas-copia.jpg\",\"width\":500,\"height\":550},{\"@type\":\"BreadcrumbList\",\"@id\":\"https:\\\/\\\/madeincreativos.com\\\/producto\\\/tarjetas-de-visita-clasicas-sin-laminar\\\/#breadcrumb\",\"itemListElement\":[{\"@type\":\"ListItem\",\"position\":1,\"name\":\"Portada\",\"item\":\"https:\\\/\\\/madeincreativos.com\\\/\"},{\"@type\":\"ListItem\",\"position\":2,\"name\":\"Productos\",\"item\":\"https:\\\/\\\/madeincreativos.com\\\/shop\\\/\"},{\"@type\":\"ListItem\",\"position\":3,\"name\":\"Tarjetas de visita cl\u00e1sicas sin laminar\"}]},{\"@type\":\"WebSite\",\"@id\":\"https:\\\/\\\/madeincreativos.com\\\/#website\",\"url\":\"https:\\\/\\\/madeincreativos.com\\\/\",\"name\":\"MadeIn Creativos\",\"description\":\"Imprenta y r\u00f3tulos en Ibiza\",\"publisher\":{\"@id\":\"https:\\\/\\\/madeincreativos.com\\\/#organization\"},\"potentialAction\":[{\"@type\":\"SearchAction\",\"target\":{\"@type\":\"EntryPoint\",\"urlTemplate\":\"https:\\\/\\\/madeincreativos.com\\\/?s={search_term_string}\"},\"query-input\":{\"@type\":\"PropertyValueSpecification\",\"valueRequired\":true,\"valueName\":\"search_term_string\"}}],\"inLanguage\":\"en-GB\"},{\"@type\":\"Organization\",\"@id\":\"https:\\\/\\\/madeincreativos.com\\\/#organization\",\"name\":\"MadeIn Creativos\",\"url\":\"https:\\\/\\\/madeincreativos.com\\\/\",\"logo\":{\"@type\":\"ImageObject\",\"inLanguage\":\"en-GB\",\"@id\":\"https:\\\/\\\/madeincreativos.com\\\/#\\\/schema\\\/logo\\\/image\\\/\",\"url\":\"https:\\\/\\\/madeincreativos.com\\\/wp-content\\\/uploads\\\/2021\\\/10\\\/05.png\",\"contentUrl\":\"https:\\\/\\\/madeincreativos.com\\\/wp-content\\\/uploads\\\/2021\\\/10\\\/05.png\",\"width\":444,\"height\":453,\"caption\":\"MadeIn Creativos\"},\"image\":{\"@id\":\"https:\\\/\\\/madeincreativos.com\\\/#\\\/schema\\\/logo\\\/image\\\/\"},\"sameAs\":[\"https:\\\/\\\/www.facebook.com\\\/madeincreativos\",\"https:\\\/\\\/www.instagram.com\\\/madeincreativos\\\/\"]}]}<\/script>\n<!-- \/ Yoast SEO plugin. -->","yoast_head_json":{"title":"Tarjetas de visita cl\u00e1sicas sin laminar &#187; MadeIn Creativos","description":"Obt\u00e9n tus tarjetas de visita personalizadas y has lucir a tu empresa. La mejor impresi\u00f3n la tienes en MadeIn Creativos.","robots":{"index":"index","follow":"follow","max-snippet":"max-snippet:-1","max-image-preview":"max-image-preview:large","max-video-preview":"max-video-preview:-1"},"canonical":"https:\/\/madeincreativos.com\/en\/product\/tarjetas-de-visita-clasicas-sin-laminar\/","og_locale":"en_GB","og_type":"article","og_title":"Tarjetas de visita cl\u00e1sicas sin laminar &#187; MadeIn Creativos","og_description":"Obt\u00e9n tus tarjetas de visita personalizadas y has lucir a tu empresa. La mejor impresi\u00f3n la tienes en MadeIn Creativos.","og_url":"https:\/\/madeincreativos.com\/en\/product\/tarjetas-de-visita-clasicas-sin-laminar\/","og_site_name":"MadeIn Creativos","article_publisher":"https:\/\/www.facebook.com\/madeincreativos","article_modified_time":"2022-03-28T14:57:19+00:00","og_image":[{"width":500,"height":550,"url":"https:\/\/madeincreativos.com\/wp-content\/uploads\/2022\/03\/image-6822222-20220319-ob_c21d93_boton-web-tarjetas-clasicas-copia.jpg","type":"image\/jpeg"}],"twitter_card":"summary_large_image","twitter_misc":{"Estimated reading time":"1 minute"},"schema":{"@context":"https:\/\/schema.org","@graph":[{"@type":"WebPage","@id":"https:\/\/madeincreativos.com\/producto\/tarjetas-de-visita-clasicas-sin-laminar\/","url":"https:\/\/madeincreativos.com\/producto\/tarjetas-de-visita-clasicas-sin-laminar\/","name":"Tarjetas de visita cl\u00e1sicas sin laminar &#187; MadeIn Creativos","isPartOf":{"@id":"https:\/\/madeincreativos.com\/#website"},"primaryImageOfPage":{"@id":"https:\/\/madeincreativos.com\/producto\/tarjetas-de-visita-clasicas-sin-laminar\/#primaryimage"},"image":{"@id":"https:\/\/madeincreativos.com\/producto\/tarjetas-de-visita-clasicas-sin-laminar\/#primaryimage"},"thumbnailUrl":"https:\/\/madeincreativos.com\/wp-content\/uploads\/2022\/03\/image-6822222-20220319-ob_c21d93_boton-web-tarjetas-clasicas-copia.jpg","datePublished":"2022-03-28T10:22:59+00:00","dateModified":"2022-03-28T14:57:19+00:00","description":"Obt\u00e9n tus tarjetas de visita personalizadas y has lucir a tu empresa. La mejor impresi\u00f3n la tienes en MadeIn Creativos.","breadcrumb":{"@id":"https:\/\/madeincreativos.com\/producto\/tarjetas-de-visita-clasicas-sin-laminar\/#breadcrumb"},"inLanguage":"en-GB","potentialAction":[{"@type":"ReadAction","target":["https:\/\/madeincreativos.com\/producto\/tarjetas-de-visita-clasicas-sin-laminar\/"]}]},{"@type":"ImageObject","inLanguage":"en-GB","@id":"https:\/\/madeincreativos.com\/producto\/tarjetas-de-visita-clasicas-sin-laminar\/#primaryimage","url":"https:\/\/madeincreativos.com\/wp-content\/uploads\/2022\/03\/image-6822222-20220319-ob_c21d93_boton-web-tarjetas-clasicas-copia.jpg","contentUrl":"https:\/\/madeincreativos.com\/wp-content\/uploads\/2022\/03\/image-6822222-20220319-ob_c21d93_boton-web-tarjetas-clasicas-copia.jpg","width":500,"height":550},{"@type":"BreadcrumbList","@id":"https:\/\/madeincreativos.com\/producto\/tarjetas-de-visita-clasicas-sin-laminar\/#breadcrumb","itemListElement":[{"@type":"ListItem","position":1,"name":"Portada","item":"https:\/\/madeincreativos.com\/"},{"@type":"ListItem","position":2,"name":"Productos","item":"https:\/\/madeincreativos.com\/shop\/"},{"@type":"ListItem","position":3,"name":"Tarjetas de visita cl\u00e1sicas sin laminar"}]},{"@type":"WebSite","@id":"https:\/\/madeincreativos.com\/#website","url":"https:\/\/madeincreativos.com\/","name":"MadeIn Creativos","description":"Imprenta y r\u00f3tulos en Ibiza","publisher":{"@id":"https:\/\/madeincreativos.com\/#organization"},"potentialAction":[{"@type":"SearchAction","target":{"@type":"EntryPoint","urlTemplate":"https:\/\/madeincreativos.com\/?s={search_term_string}"},"query-input":{"@type":"PropertyValueSpecification","valueRequired":true,"valueName":"search_term_string"}}],"inLanguage":"en-GB"},{"@type":"Organization","@id":"https:\/\/madeincreativos.com\/#organization","name":"MadeIn Creativos","url":"https:\/\/madeincreativos.com\/","logo":{"@type":"ImageObject","inLanguage":"en-GB","@id":"https:\/\/madeincreativos.com\/#\/schema\/logo\/image\/","url":"https:\/\/madeincreativos.com\/wp-content\/uploads\/2021\/10\/05.png","contentUrl":"https:\/\/madeincreativos.com\/wp-content\/uploads\/2021\/10\/05.png","width":444,"height":453,"caption":"MadeIn Creativos"},"image":{"@id":"https:\/\/madeincreativos.com\/#\/schema\/logo\/image\/"},"sameAs":["https:\/\/www.facebook.com\/madeincreativos","https:\/\/www.instagram.com\/madeincreativos\/"]}]}},"_links":{"self":[{"href":"https:\/\/madeincreativos.com\/en\/wp-json\/wp\/v2\/product\/3882","targetHints":{"allow":["GET"]}}],"collection":[{"href":"https:\/\/madeincreativos.com\/en\/wp-json\/wp\/v2\/product"}],"about":[{"href":"https:\/\/madeincreativos.com\/en\/wp-json\/wp\/v2\/types\/product"}],"replies":[{"embeddable":true,"href":"https:\/\/madeincreativos.com\/en\/wp-json\/wp\/v2\/comments?post=3882"}],"wp:featuredmedia":[{"embeddable":true,"href":"https:\/\/madeincreativos.com\/en\/wp-json\/wp\/v2\/media\/3931"}],"wp:attachment":[{"href":"https:\/\/madeincreativos.com\/en\/wp-json\/wp\/v2\/media?parent=3882"}],"wp:term":[{"taxonomy":"product_brand","embeddable":true,"href":"https:\/\/madeincreativos.com\/en\/wp-json\/wp\/v2\/product_brand?post=3882"},{"taxonomy":"product_cat","embeddable":true,"href":"https:\/\/madeincreativos.com\/en\/wp-json\/wp\/v2\/product_cat?post=3882"},{"taxonomy":"product_tag","embeddable":true,"href":"https:\/\/madeincreativos.com\/en\/wp-json\/wp\/v2\/product_tag?post=3882"}],"curies":[{"name":"wp","href":"https:\/\/api.w.org\/{rel}","templated":true}]}}