{"id":3310,"date":"2021-10-04T11:07:05","date_gmt":"2021-10-04T11:07:05","guid":{"rendered":"https:\/\/madeincreativos.com\/?post_type=product&#038;p=3310"},"modified":"2021-10-19T09:11:40","modified_gmt":"2021-10-19T09:11:40","slug":"curriculum-vitae","status":"publish","type":"product","link":"https:\/\/madeincreativos.com\/en\/product\/curriculum-vitae\/","title":{"rendered":"Curr\u00edculum Vitae"},"content":{"rendered":"<p>Por muy bueno que seas en lo tuyo, que sabemos que lo eres, todos necesitamos un buen CV para destacar. Ahora creamos el tuyo para que puedas presentarlo tanto f\u00edsicamente, como digitalmente.<\/p>\n<p>Consigue el puesto de trabajo al que aspiras y deslumbra a tus posibles contratadores.<\/p>\n<p>Dise\u00f1amos tu curr\u00edculum vitae personalizado, este curr\u00edculum ser\u00e1 la forma de presentarte a nuevas empresas destacando tus valores y objetivos, este ser\u00e1 \u00fanico y personalizado, aportando valor y seriedad a toda tu carrera profesional.<\/p>\n<div class=\"woocommerce-product-details__short-description\">\n<div class=\"kvgmc6g5 cxmmr5t8 oygrvhab hcukyx3x c1et5uql ii04i59q\">\n<p>L\u00facete con tu mejor carta de presentaci\u00f3n en cualquier empresa.<\/p>\n<p dir=\"auto\">\n<\/div>\n<\/div>","protected":false},"excerpt":{"rendered":"<p>Dise\u00f1amos tu curr\u00edculum vitae personalizado, este curr\u00edculum ser\u00e1 la forma de presentarte a nuevas empresas destacando tus valores y objetivos, este ser\u00e1 \u00fanico y personalizado, aportando valor y seriedad a toda tu carrera profesional.<\/p>\n<div class=\"woocommerce-product-details__short-description\">\n<div class=\"kvgmc6g5 cxmmr5t8 oygrvhab hcukyx3x c1et5uql ii04i59q\">\n<p>L\u00facete con tu mejor carta de presentaci\u00f3n en cualquier empresa.<\/p>\n<\/div>\n<\/div>","protected":false},"featured_media":3297,"comment_status":"open","ping_status":"closed","template":"","meta":{"_et_pb_use_builder":"","_et_pb_old_content":"","_et_gb_content_width":""},"product_brand":[],"product_cat":[20],"product_tag":[],"class_list":{"0":"post-3310","1":"product","2":"type-product","3":"status-publish","4":"has-post-thumbnail","6":"product_cat-servicios-de-diseno","8":"first","9":"instock","10":"sale","11":"taxable","12":"shipping-taxable","13":"purchasable","14":"product-type-simple"},"yoast_head":"<!-- This site is optimized with the Yoast SEO plugin v27.4 - https:\/\/yoast.com\/product\/yoast-seo-wordpress\/ -->\n<title>Curr\u00edculum Vitae &#187; MadeIn Creativos<\/title>\n<meta name=\"description\" content=\"Dise\u00f1amos tu curr\u00edculum vitae personalizado, aportamos valor y seriedad a toda tu carrera profesional. L\u00facete ense\u00f1ando tu curr\u00edculum\" \/>\n<meta name=\"robots\" content=\"index, follow, max-snippet:-1, max-image-preview:large, max-video-preview:-1\" \/>\n<link rel=\"canonical\" href=\"https:\/\/madeincreativos.com\/en\/product\/curriculum-vitae\/\" \/>\n<meta property=\"og:locale\" content=\"en_GB\" \/>\n<meta property=\"og:type\" content=\"article\" \/>\n<meta property=\"og:title\" content=\"Curr\u00edculum Vitae &#187; MadeIn Creativos\" \/>\n<meta property=\"og:description\" content=\"Dise\u00f1amos tu curr\u00edculum vitae personalizado, aportamos valor y seriedad a toda tu carrera profesional. L\u00facete ense\u00f1ando tu curr\u00edculum\" \/>\n<meta property=\"og:url\" content=\"https:\/\/madeincreativos.com\/en\/product\/curriculum-vitae\/\" \/>\n<meta property=\"og:site_name\" content=\"MadeIn Creativos\" \/>\n<meta property=\"article:publisher\" content=\"https:\/\/www.facebook.com\/madeincreativos\" \/>\n<meta property=\"article:modified_time\" content=\"2021-10-19T09:11:40+00:00\" \/>\n<meta property=\"og:image\" content=\"https:\/\/madeincreativos.com\/wp-content\/uploads\/2021\/10\/Diseno-de-curriculums.png\" \/>\n\t<meta property=\"og:image:width\" content=\"1500\" \/>\n\t<meta property=\"og:image:height\" content=\"1500\" \/>\n\t<meta property=\"og:image:type\" content=\"image\/png\" \/>\n<meta name=\"twitter:card\" content=\"summary_large_image\" \/>\n<meta name=\"twitter:label1\" content=\"Estimated reading time\" \/>\n\t<meta name=\"twitter:data1\" content=\"1 minute\" \/>\n<script type=\"application\/ld+json\" class=\"yoast-schema-graph\">{\"@context\":\"https:\\\/\\\/schema.org\",\"@graph\":[{\"@type\":\"WebPage\",\"@id\":\"https:\\\/\\\/madeincreativos.com\\\/producto\\\/curriculum-vitae\\\/\",\"url\":\"https:\\\/\\\/madeincreativos.com\\\/producto\\\/curriculum-vitae\\\/\",\"name\":\"Curr\u00edculum Vitae &#187; MadeIn Creativos\",\"isPartOf\":{\"@id\":\"https:\\\/\\\/madeincreativos.com\\\/#website\"},\"primaryImageOfPage\":{\"@id\":\"https:\\\/\\\/madeincreativos.com\\\/producto\\\/curriculum-vitae\\\/#primaryimage\"},\"image\":{\"@id\":\"https:\\\/\\\/madeincreativos.com\\\/producto\\\/curriculum-vitae\\\/#primaryimage\"},\"thumbnailUrl\":\"https:\\\/\\\/madeincreativos.com\\\/wp-content\\\/uploads\\\/2021\\\/10\\\/Diseno-de-curriculums.png\",\"datePublished\":\"2021-10-04T11:07:05+00:00\",\"dateModified\":\"2021-10-19T09:11:40+00:00\",\"description\":\"Dise\u00f1amos tu curr\u00edculum vitae personalizado, aportamos valor y seriedad a toda tu carrera profesional. L\u00facete ense\u00f1ando tu curr\u00edculum\",\"breadcrumb\":{\"@id\":\"https:\\\/\\\/madeincreativos.com\\\/producto\\\/curriculum-vitae\\\/#breadcrumb\"},\"inLanguage\":\"en-GB\",\"potentialAction\":[{\"@type\":\"ReadAction\",\"target\":[\"https:\\\/\\\/madeincreativos.com\\\/producto\\\/curriculum-vitae\\\/\"]}]},{\"@type\":\"ImageObject\",\"inLanguage\":\"en-GB\",\"@id\":\"https:\\\/\\\/madeincreativos.com\\\/producto\\\/curriculum-vitae\\\/#primaryimage\",\"url\":\"https:\\\/\\\/madeincreativos.com\\\/wp-content\\\/uploads\\\/2021\\\/10\\\/Diseno-de-curriculums.png\",\"contentUrl\":\"https:\\\/\\\/madeincreativos.com\\\/wp-content\\\/uploads\\\/2021\\\/10\\\/Diseno-de-curriculums.png\",\"width\":1500,\"height\":1500,\"caption\":\"Curr\u00edculum Vitae\"},{\"@type\":\"BreadcrumbList\",\"@id\":\"https:\\\/\\\/madeincreativos.com\\\/producto\\\/curriculum-vitae\\\/#breadcrumb\",\"itemListElement\":[{\"@type\":\"ListItem\",\"position\":1,\"name\":\"Portada\",\"item\":\"https:\\\/\\\/madeincreativos.com\\\/\"},{\"@type\":\"ListItem\",\"position\":2,\"name\":\"Productos\",\"item\":\"https:\\\/\\\/madeincreativos.com\\\/shop\\\/\"},{\"@type\":\"ListItem\",\"position\":3,\"name\":\"Curr\u00edculum Vitae\"}]},{\"@type\":\"WebSite\",\"@id\":\"https:\\\/\\\/madeincreativos.com\\\/#website\",\"url\":\"https:\\\/\\\/madeincreativos.com\\\/\",\"name\":\"MadeIn Creativos\",\"description\":\"Imprenta y r\u00f3tulos en Ibiza\",\"publisher\":{\"@id\":\"https:\\\/\\\/madeincreativos.com\\\/#organization\"},\"potentialAction\":[{\"@type\":\"SearchAction\",\"target\":{\"@type\":\"EntryPoint\",\"urlTemplate\":\"https:\\\/\\\/madeincreativos.com\\\/?s={search_term_string}\"},\"query-input\":{\"@type\":\"PropertyValueSpecification\",\"valueRequired\":true,\"valueName\":\"search_term_string\"}}],\"inLanguage\":\"en-GB\"},{\"@type\":\"Organization\",\"@id\":\"https:\\\/\\\/madeincreativos.com\\\/#organization\",\"name\":\"MadeIn Creativos\",\"url\":\"https:\\\/\\\/madeincreativos.com\\\/\",\"logo\":{\"@type\":\"ImageObject\",\"inLanguage\":\"en-GB\",\"@id\":\"https:\\\/\\\/madeincreativos.com\\\/#\\\/schema\\\/logo\\\/image\\\/\",\"url\":\"https:\\\/\\\/madeincreativos.com\\\/wp-content\\\/uploads\\\/2021\\\/10\\\/05.png\",\"contentUrl\":\"https:\\\/\\\/madeincreativos.com\\\/wp-content\\\/uploads\\\/2021\\\/10\\\/05.png\",\"width\":444,\"height\":453,\"caption\":\"MadeIn Creativos\"},\"image\":{\"@id\":\"https:\\\/\\\/madeincreativos.com\\\/#\\\/schema\\\/logo\\\/image\\\/\"},\"sameAs\":[\"https:\\\/\\\/www.facebook.com\\\/madeincreativos\",\"https:\\\/\\\/www.instagram.com\\\/madeincreativos\\\/\"]}]}<\/script>\n<!-- \/ Yoast SEO plugin. -->","yoast_head_json":{"title":"Curr\u00edculum Vitae &#187; MadeIn Creativos","description":"Dise\u00f1amos tu curr\u00edculum vitae personalizado, aportamos valor y seriedad a toda tu carrera profesional. L\u00facete ense\u00f1ando tu curr\u00edculum","robots":{"index":"index","follow":"follow","max-snippet":"max-snippet:-1","max-image-preview":"max-image-preview:large","max-video-preview":"max-video-preview:-1"},"canonical":"https:\/\/madeincreativos.com\/en\/product\/curriculum-vitae\/","og_locale":"en_GB","og_type":"article","og_title":"Curr\u00edculum Vitae &#187; MadeIn Creativos","og_description":"Dise\u00f1amos tu curr\u00edculum vitae personalizado, aportamos valor y seriedad a toda tu carrera profesional. L\u00facete ense\u00f1ando tu curr\u00edculum","og_url":"https:\/\/madeincreativos.com\/en\/product\/curriculum-vitae\/","og_site_name":"MadeIn Creativos","article_publisher":"https:\/\/www.facebook.com\/madeincreativos","article_modified_time":"2021-10-19T09:11:40+00:00","og_image":[{"width":1500,"height":1500,"url":"https:\/\/madeincreativos.com\/wp-content\/uploads\/2021\/10\/Diseno-de-curriculums.png","type":"image\/png"}],"twitter_card":"summary_large_image","twitter_misc":{"Estimated reading time":"1 minute"},"schema":{"@context":"https:\/\/schema.org","@graph":[{"@type":"WebPage","@id":"https:\/\/madeincreativos.com\/producto\/curriculum-vitae\/","url":"https:\/\/madeincreativos.com\/producto\/curriculum-vitae\/","name":"Curr\u00edculum Vitae &#187; MadeIn Creativos","isPartOf":{"@id":"https:\/\/madeincreativos.com\/#website"},"primaryImageOfPage":{"@id":"https:\/\/madeincreativos.com\/producto\/curriculum-vitae\/#primaryimage"},"image":{"@id":"https:\/\/madeincreativos.com\/producto\/curriculum-vitae\/#primaryimage"},"thumbnailUrl":"https:\/\/madeincreativos.com\/wp-content\/uploads\/2021\/10\/Diseno-de-curriculums.png","datePublished":"2021-10-04T11:07:05+00:00","dateModified":"2021-10-19T09:11:40+00:00","description":"Dise\u00f1amos tu curr\u00edculum vitae personalizado, aportamos valor y seriedad a toda tu carrera profesional. L\u00facete ense\u00f1ando tu curr\u00edculum","breadcrumb":{"@id":"https:\/\/madeincreativos.com\/producto\/curriculum-vitae\/#breadcrumb"},"inLanguage":"en-GB","potentialAction":[{"@type":"ReadAction","target":["https:\/\/madeincreativos.com\/producto\/curriculum-vitae\/"]}]},{"@type":"ImageObject","inLanguage":"en-GB","@id":"https:\/\/madeincreativos.com\/producto\/curriculum-vitae\/#primaryimage","url":"https:\/\/madeincreativos.com\/wp-content\/uploads\/2021\/10\/Diseno-de-curriculums.png","contentUrl":"https:\/\/madeincreativos.com\/wp-content\/uploads\/2021\/10\/Diseno-de-curriculums.png","width":1500,"height":1500,"caption":"Curr\u00edculum Vitae"},{"@type":"BreadcrumbList","@id":"https:\/\/madeincreativos.com\/producto\/curriculum-vitae\/#breadcrumb","itemListElement":[{"@type":"ListItem","position":1,"name":"Portada","item":"https:\/\/madeincreativos.com\/"},{"@type":"ListItem","position":2,"name":"Productos","item":"https:\/\/madeincreativos.com\/shop\/"},{"@type":"ListItem","position":3,"name":"Curr\u00edculum Vitae"}]},{"@type":"WebSite","@id":"https:\/\/madeincreativos.com\/#website","url":"https:\/\/madeincreativos.com\/","name":"MadeIn Creativos","description":"Imprenta y r\u00f3tulos en Ibiza","publisher":{"@id":"https:\/\/madeincreativos.com\/#organization"},"potentialAction":[{"@type":"SearchAction","target":{"@type":"EntryPoint","urlTemplate":"https:\/\/madeincreativos.com\/?s={search_term_string}"},"query-input":{"@type":"PropertyValueSpecification","valueRequired":true,"valueName":"search_term_string"}}],"inLanguage":"en-GB"},{"@type":"Organization","@id":"https:\/\/madeincreativos.com\/#organization","name":"MadeIn Creativos","url":"https:\/\/madeincreativos.com\/","logo":{"@type":"ImageObject","inLanguage":"en-GB","@id":"https:\/\/madeincreativos.com\/#\/schema\/logo\/image\/","url":"https:\/\/madeincreativos.com\/wp-content\/uploads\/2021\/10\/05.png","contentUrl":"https:\/\/madeincreativos.com\/wp-content\/uploads\/2021\/10\/05.png","width":444,"height":453,"caption":"MadeIn Creativos"},"image":{"@id":"https:\/\/madeincreativos.com\/#\/schema\/logo\/image\/"},"sameAs":["https:\/\/www.facebook.com\/madeincreativos","https:\/\/www.instagram.com\/madeincreativos\/"]}]}},"_links":{"self":[{"href":"https:\/\/madeincreativos.com\/en\/wp-json\/wp\/v2\/product\/3310","targetHints":{"allow":["GET"]}}],"collection":[{"href":"https:\/\/madeincreativos.com\/en\/wp-json\/wp\/v2\/product"}],"about":[{"href":"https:\/\/madeincreativos.com\/en\/wp-json\/wp\/v2\/types\/product"}],"replies":[{"embeddable":true,"href":"https:\/\/madeincreativos.com\/en\/wp-json\/wp\/v2\/comments?post=3310"}],"wp:featuredmedia":[{"embeddable":true,"href":"https:\/\/madeincreativos.com\/en\/wp-json\/wp\/v2\/media\/3297"}],"wp:attachment":[{"href":"https:\/\/madeincreativos.com\/en\/wp-json\/wp\/v2\/media?parent=3310"}],"wp:term":[{"taxonomy":"product_brand","embeddable":true,"href":"https:\/\/madeincreativos.com\/en\/wp-json\/wp\/v2\/product_brand?post=3310"},{"taxonomy":"product_cat","embeddable":true,"href":"https:\/\/madeincreativos.com\/en\/wp-json\/wp\/v2\/product_cat?post=3310"},{"taxonomy":"product_tag","embeddable":true,"href":"https:\/\/madeincreativos.com\/en\/wp-json\/wp\/v2\/product_tag?post=3310"}],"curies":[{"name":"wp","href":"https:\/\/api.w.org\/{rel}","templated":true}]}}