{"id":3303,"date":"2021-10-04T09:38:19","date_gmt":"2021-10-04T09:38:19","guid":{"rendered":"https:\/\/madeincreativos.com\/?post_type=product&#038;p=3303"},"modified":"2021-10-04T10:33:14","modified_gmt":"2021-10-04T10:33:14","slug":"oferta-tarjetas-de-visita","status":"publish","type":"product","link":"https:\/\/madeincreativos.com\/en\/product\/oferta-tarjetas-de-visita\/","title":{"rendered":"Oferta Tarjetas de visita"},"content":{"rendered":"<p>Ahora mismo conseguir un nuevo cliente es m\u00e1s complicado que antes, por lo tanto debemos utilizar todas las herramientas que est\u00e9n a nuestro alcance. \u00bfNo te ha pasado, que\u2026 despu\u00e9s de hablar largo y tendido con un cliente y a punto de cerrar un buen trato, te ha pedido un tel\u00e9fono o una direcci\u00f3n y has tenido que d\u00e1rselo en un trozo de papel, o apuntado en cualquier hoja\u2026?. \u00a1\u00a1Cu\u00e1ntos proyectos se habr\u00e1n perdido as\u00ed!!. Ahora nosotros hemos creado un paquete OFERTA para TI, dale elegancia a tu trabajo y la imagen que se merece.<\/p>\n<p>La Tarjeta de Visita, te ayudar\u00e1 a dar presencia a tu trabajo y a tu empresa, podr\u00e1s captar nuevos clientes y sobre todo, NO LOS PERDER\u00c1S. Aprovecha nuestra oferta \u00fanica.<\/p>","protected":false},"excerpt":{"rendered":"<ul>\n<li>Dise\u00f1o de Tarjetas de Visita + 1000 impresiones, por tan solo 69,99.<\/li>\n<li>Disfruta de tarjetas \u00fanicas y dise\u00f1os personalizados.<\/li>\n<\/ul>\n<p>Es el momento de dar un nuevo impulso a tu empresa!!<\/p>\n<p>P\u00eddela y crearemos el dise\u00f1o en 48h. y tendr\u00e1s tus tarjetas en los 12 d\u00edas siguientes.<\/p>\n<p>Env\u00edo gratuito a toda Espa\u00f1a.<\/p>","protected":false},"featured_media":3298,"comment_status":"open","ping_status":"closed","template":"","meta":{"_et_pb_use_builder":"","_et_pb_old_content":"","_et_gb_content_width":""},"product_brand":[],"product_cat":[20],"product_tag":[],"class_list":{"0":"post-3303","1":"product","2":"type-product","3":"status-publish","4":"has-post-thumbnail","6":"product_cat-servicios-de-diseno","8":"first","9":"instock","10":"sale","11":"taxable","12":"shipping-taxable","13":"purchasable","14":"product-type-simple"},"yoast_head":"<!-- This site is optimized with the Yoast SEO plugin v27.5 - https:\/\/yoast.com\/product\/yoast-seo-wordpress\/ -->\n<title>Oferta Tarjetas de visita &#187; MadeIn Creativos<\/title>\n<meta name=\"robots\" content=\"index, follow, max-snippet:-1, max-image-preview:large, max-video-preview:-1\" \/>\n<link rel=\"canonical\" href=\"https:\/\/madeincreativos.com\/en\/product\/oferta-tarjetas-de-visita\/\" \/>\n<meta property=\"og:locale\" content=\"en_GB\" \/>\n<meta property=\"og:type\" content=\"article\" \/>\n<meta property=\"og:title\" content=\"Oferta Tarjetas de visita &#187; MadeIn Creativos\" \/>\n<meta property=\"og:description\" content=\"Dise\u00f1o de Tarjetas de Visita + 1000 impresiones, por tan solo 69,99.  Disfruta de tarjetas \u00fanicas y dise\u00f1os personalizados.  Es el momento de dar un nuevo impulso a tu empresa!!  P\u00eddela y crearemos el dise\u00f1o en 48h. y tendr\u00e1s tus tarjetas en los 12 d\u00edas siguientes.  Env\u00edo gratuito a toda Espa\u00f1a.\" \/>\n<meta property=\"og:url\" content=\"https:\/\/madeincreativos.com\/en\/product\/oferta-tarjetas-de-visita\/\" \/>\n<meta property=\"og:site_name\" content=\"MadeIn Creativos\" \/>\n<meta property=\"article:publisher\" content=\"https:\/\/www.facebook.com\/madeincreativos\" \/>\n<meta property=\"article:modified_time\" content=\"2021-10-04T10:33:14+00:00\" \/>\n<meta property=\"og:image\" content=\"https:\/\/madeincreativos.com\/wp-content\/uploads\/2021\/10\/tarjetas-de-visita-economicas.jpg\" \/>\n\t<meta property=\"og:image:width\" content=\"1500\" \/>\n\t<meta property=\"og:image:height\" content=\"1500\" \/>\n\t<meta property=\"og:image:type\" content=\"image\/jpeg\" \/>\n<meta name=\"twitter:card\" content=\"summary_large_image\" \/>\n<meta name=\"twitter:label1\" content=\"Estimated reading time\" \/>\n\t<meta name=\"twitter:data1\" content=\"1 minute\" \/>\n<script type=\"application\/ld+json\" class=\"yoast-schema-graph\">{\"@context\":\"https:\\\/\\\/schema.org\",\"@graph\":[{\"@type\":\"WebPage\",\"@id\":\"https:\\\/\\\/madeincreativos.com\\\/producto\\\/oferta-tarjetas-de-visita\\\/\",\"url\":\"https:\\\/\\\/madeincreativos.com\\\/producto\\\/oferta-tarjetas-de-visita\\\/\",\"name\":\"Oferta Tarjetas de visita &#187; MadeIn Creativos\",\"isPartOf\":{\"@id\":\"https:\\\/\\\/madeincreativos.com\\\/#website\"},\"primaryImageOfPage\":{\"@id\":\"https:\\\/\\\/madeincreativos.com\\\/producto\\\/oferta-tarjetas-de-visita\\\/#primaryimage\"},\"image\":{\"@id\":\"https:\\\/\\\/madeincreativos.com\\\/producto\\\/oferta-tarjetas-de-visita\\\/#primaryimage\"},\"thumbnailUrl\":\"https:\\\/\\\/madeincreativos.com\\\/wp-content\\\/uploads\\\/2021\\\/10\\\/tarjetas-de-visita-economicas.jpg\",\"datePublished\":\"2021-10-04T09:38:19+00:00\",\"dateModified\":\"2021-10-04T10:33:14+00:00\",\"breadcrumb\":{\"@id\":\"https:\\\/\\\/madeincreativos.com\\\/producto\\\/oferta-tarjetas-de-visita\\\/#breadcrumb\"},\"inLanguage\":\"en-GB\",\"potentialAction\":[{\"@type\":\"ReadAction\",\"target\":[\"https:\\\/\\\/madeincreativos.com\\\/producto\\\/oferta-tarjetas-de-visita\\\/\"]}]},{\"@type\":\"ImageObject\",\"inLanguage\":\"en-GB\",\"@id\":\"https:\\\/\\\/madeincreativos.com\\\/producto\\\/oferta-tarjetas-de-visita\\\/#primaryimage\",\"url\":\"https:\\\/\\\/madeincreativos.com\\\/wp-content\\\/uploads\\\/2021\\\/10\\\/tarjetas-de-visita-economicas.jpg\",\"contentUrl\":\"https:\\\/\\\/madeincreativos.com\\\/wp-content\\\/uploads\\\/2021\\\/10\\\/tarjetas-de-visita-economicas.jpg\",\"width\":1500,\"height\":1500,\"caption\":\"tarjetas de visita econ\u00f3micas\"},{\"@type\":\"BreadcrumbList\",\"@id\":\"https:\\\/\\\/madeincreativos.com\\\/producto\\\/oferta-tarjetas-de-visita\\\/#breadcrumb\",\"itemListElement\":[{\"@type\":\"ListItem\",\"position\":1,\"name\":\"Portada\",\"item\":\"https:\\\/\\\/madeincreativos.com\\\/\"},{\"@type\":\"ListItem\",\"position\":2,\"name\":\"Productos\",\"item\":\"https:\\\/\\\/madeincreativos.com\\\/shop\\\/\"},{\"@type\":\"ListItem\",\"position\":3,\"name\":\"Oferta Tarjetas de visita\"}]},{\"@type\":\"WebSite\",\"@id\":\"https:\\\/\\\/madeincreativos.com\\\/#website\",\"url\":\"https:\\\/\\\/madeincreativos.com\\\/\",\"name\":\"MadeIn Creativos\",\"description\":\"Imprenta y r\u00f3tulos en Ibiza\",\"publisher\":{\"@id\":\"https:\\\/\\\/madeincreativos.com\\\/#organization\"},\"potentialAction\":[{\"@type\":\"SearchAction\",\"target\":{\"@type\":\"EntryPoint\",\"urlTemplate\":\"https:\\\/\\\/madeincreativos.com\\\/?s={search_term_string}\"},\"query-input\":{\"@type\":\"PropertyValueSpecification\",\"valueRequired\":true,\"valueName\":\"search_term_string\"}}],\"inLanguage\":\"en-GB\"},{\"@type\":\"Organization\",\"@id\":\"https:\\\/\\\/madeincreativos.com\\\/#organization\",\"name\":\"MadeIn Creativos\",\"url\":\"https:\\\/\\\/madeincreativos.com\\\/\",\"logo\":{\"@type\":\"ImageObject\",\"inLanguage\":\"en-GB\",\"@id\":\"https:\\\/\\\/madeincreativos.com\\\/#\\\/schema\\\/logo\\\/image\\\/\",\"url\":\"https:\\\/\\\/madeincreativos.com\\\/wp-content\\\/uploads\\\/2021\\\/10\\\/05.png\",\"contentUrl\":\"https:\\\/\\\/madeincreativos.com\\\/wp-content\\\/uploads\\\/2021\\\/10\\\/05.png\",\"width\":444,\"height\":453,\"caption\":\"MadeIn Creativos\"},\"image\":{\"@id\":\"https:\\\/\\\/madeincreativos.com\\\/#\\\/schema\\\/logo\\\/image\\\/\"},\"sameAs\":[\"https:\\\/\\\/www.facebook.com\\\/madeincreativos\",\"https:\\\/\\\/www.instagram.com\\\/madeincreativos\\\/\"]}]}<\/script>\n<!-- \/ Yoast SEO plugin. -->","yoast_head_json":{"title":"Oferta Tarjetas de visita &#187; MadeIn Creativos","robots":{"index":"index","follow":"follow","max-snippet":"max-snippet:-1","max-image-preview":"max-image-preview:large","max-video-preview":"max-video-preview:-1"},"canonical":"https:\/\/madeincreativos.com\/en\/product\/oferta-tarjetas-de-visita\/","og_locale":"en_GB","og_type":"article","og_title":"Oferta Tarjetas de visita &#187; MadeIn Creativos","og_description":"Dise\u00f1o de Tarjetas de Visita + 1000 impresiones, por tan solo 69,99.  Disfruta de tarjetas \u00fanicas y dise\u00f1os personalizados.  Es el momento de dar un nuevo impulso a tu empresa!!  P\u00eddela y crearemos el dise\u00f1o en 48h. y tendr\u00e1s tus tarjetas en los 12 d\u00edas siguientes.  Env\u00edo gratuito a toda Espa\u00f1a.","og_url":"https:\/\/madeincreativos.com\/en\/product\/oferta-tarjetas-de-visita\/","og_site_name":"MadeIn Creativos","article_publisher":"https:\/\/www.facebook.com\/madeincreativos","article_modified_time":"2021-10-04T10:33:14+00:00","og_image":[{"width":1500,"height":1500,"url":"https:\/\/madeincreativos.com\/wp-content\/uploads\/2021\/10\/tarjetas-de-visita-economicas.jpg","type":"image\/jpeg"}],"twitter_card":"summary_large_image","twitter_misc":{"Estimated reading time":"1 minute"},"schema":{"@context":"https:\/\/schema.org","@graph":[{"@type":"WebPage","@id":"https:\/\/madeincreativos.com\/producto\/oferta-tarjetas-de-visita\/","url":"https:\/\/madeincreativos.com\/producto\/oferta-tarjetas-de-visita\/","name":"Oferta Tarjetas de visita &#187; MadeIn Creativos","isPartOf":{"@id":"https:\/\/madeincreativos.com\/#website"},"primaryImageOfPage":{"@id":"https:\/\/madeincreativos.com\/producto\/oferta-tarjetas-de-visita\/#primaryimage"},"image":{"@id":"https:\/\/madeincreativos.com\/producto\/oferta-tarjetas-de-visita\/#primaryimage"},"thumbnailUrl":"https:\/\/madeincreativos.com\/wp-content\/uploads\/2021\/10\/tarjetas-de-visita-economicas.jpg","datePublished":"2021-10-04T09:38:19+00:00","dateModified":"2021-10-04T10:33:14+00:00","breadcrumb":{"@id":"https:\/\/madeincreativos.com\/producto\/oferta-tarjetas-de-visita\/#breadcrumb"},"inLanguage":"en-GB","potentialAction":[{"@type":"ReadAction","target":["https:\/\/madeincreativos.com\/producto\/oferta-tarjetas-de-visita\/"]}]},{"@type":"ImageObject","inLanguage":"en-GB","@id":"https:\/\/madeincreativos.com\/producto\/oferta-tarjetas-de-visita\/#primaryimage","url":"https:\/\/madeincreativos.com\/wp-content\/uploads\/2021\/10\/tarjetas-de-visita-economicas.jpg","contentUrl":"https:\/\/madeincreativos.com\/wp-content\/uploads\/2021\/10\/tarjetas-de-visita-economicas.jpg","width":1500,"height":1500,"caption":"tarjetas de visita econ\u00f3micas"},{"@type":"BreadcrumbList","@id":"https:\/\/madeincreativos.com\/producto\/oferta-tarjetas-de-visita\/#breadcrumb","itemListElement":[{"@type":"ListItem","position":1,"name":"Portada","item":"https:\/\/madeincreativos.com\/"},{"@type":"ListItem","position":2,"name":"Productos","item":"https:\/\/madeincreativos.com\/shop\/"},{"@type":"ListItem","position":3,"name":"Oferta Tarjetas de visita"}]},{"@type":"WebSite","@id":"https:\/\/madeincreativos.com\/#website","url":"https:\/\/madeincreativos.com\/","name":"MadeIn Creativos","description":"Imprenta y r\u00f3tulos en Ibiza","publisher":{"@id":"https:\/\/madeincreativos.com\/#organization"},"potentialAction":[{"@type":"SearchAction","target":{"@type":"EntryPoint","urlTemplate":"https:\/\/madeincreativos.com\/?s={search_term_string}"},"query-input":{"@type":"PropertyValueSpecification","valueRequired":true,"valueName":"search_term_string"}}],"inLanguage":"en-GB"},{"@type":"Organization","@id":"https:\/\/madeincreativos.com\/#organization","name":"MadeIn Creativos","url":"https:\/\/madeincreativos.com\/","logo":{"@type":"ImageObject","inLanguage":"en-GB","@id":"https:\/\/madeincreativos.com\/#\/schema\/logo\/image\/","url":"https:\/\/madeincreativos.com\/wp-content\/uploads\/2021\/10\/05.png","contentUrl":"https:\/\/madeincreativos.com\/wp-content\/uploads\/2021\/10\/05.png","width":444,"height":453,"caption":"MadeIn Creativos"},"image":{"@id":"https:\/\/madeincreativos.com\/#\/schema\/logo\/image\/"},"sameAs":["https:\/\/www.facebook.com\/madeincreativos","https:\/\/www.instagram.com\/madeincreativos\/"]}]}},"_links":{"self":[{"href":"https:\/\/madeincreativos.com\/en\/wp-json\/wp\/v2\/product\/3303","targetHints":{"allow":["GET"]}}],"collection":[{"href":"https:\/\/madeincreativos.com\/en\/wp-json\/wp\/v2\/product"}],"about":[{"href":"https:\/\/madeincreativos.com\/en\/wp-json\/wp\/v2\/types\/product"}],"replies":[{"embeddable":true,"href":"https:\/\/madeincreativos.com\/en\/wp-json\/wp\/v2\/comments?post=3303"}],"wp:featuredmedia":[{"embeddable":true,"href":"https:\/\/madeincreativos.com\/en\/wp-json\/wp\/v2\/media\/3298"}],"wp:attachment":[{"href":"https:\/\/madeincreativos.com\/en\/wp-json\/wp\/v2\/media?parent=3303"}],"wp:term":[{"taxonomy":"product_brand","embeddable":true,"href":"https:\/\/madeincreativos.com\/en\/wp-json\/wp\/v2\/product_brand?post=3303"},{"taxonomy":"product_cat","embeddable":true,"href":"https:\/\/madeincreativos.com\/en\/wp-json\/wp\/v2\/product_cat?post=3303"},{"taxonomy":"product_tag","embeddable":true,"href":"https:\/\/madeincreativos.com\/en\/wp-json\/wp\/v2\/product_tag?post=3303"}],"curies":[{"name":"wp","href":"https:\/\/api.w.org\/{rel}","templated":true}]}}