{"id":2855,"date":"2021-07-13T09:40:37","date_gmt":"2021-07-13T09:40:37","guid":{"rendered":"https:\/\/madeincreativos.com\/?post_type=product&#038;p=2855"},"modified":"2021-09-30T13:05:54","modified_gmt":"2021-09-30T13:05:54","slug":"web-profesional","status":"publish","type":"product","link":"https:\/\/madeincreativos.com\/en\/product\/web-profesional\/","title":{"rendered":"Web Profesional"},"content":{"rendered":"<h3 class=\"titulo_blog\">Por qu\u00e9 contratar una Web Profesional con MadeIn Creativos<\/h3>\n<div id=\"ficha_blog\">\n<div id=\"node-153\" class=\"node node-article node-promoted\">\n<div class=\"content clearfix\">\n<div class=\"field field-name-body field-type-text-with-summary field-label-hidden\">\n<div class=\"field-items\">\n<div class=\"field-item even\">\n<ul>\n<li><strong>Internet es el escaparate de tu negocio<\/strong><\/li>\n<\/ul>\n<p>Hoy en d\u00eda, <strong>el mejor escaparate para tu negocio es internet.<\/strong>\u00a0 El mercado cada vez est\u00e1 m\u00e1s globalizado y la competencia es m\u00e1s fuerte. Seguramente, esa competencia ya tiene su p\u00e1gina profesional. <strong>Tu imagen corporativa y tu p\u00e1gina web son la cara visible de tu marca<\/strong>. Por eso tienen que ser actuales y potentes.<\/p>\n<ul>\n<li><b>Debes ofrecer asesor\u00eda a tus clientes<\/b><\/li>\n<\/ul>\n<p>Una web te d\u00e1 la oportunidad de estar en <strong>contacto con tus clientes<\/strong>, que te podr\u00e1n consultar en cualquier momento o ver tus productos y\/o servicios a cualquier hora. Eso les da <strong>confianza y seguridad<\/strong>. Con una buena estrategia de comunicaci\u00f3n en nuestra p\u00e1gina, favoreceremos el feedback con el cliente, el que pueda dejarnos su opini\u00f3n, sus dudas, sus alabanzas y quejas. Es importante respetar todas las opiniones y responder en todos los casos. Eso nos dar\u00e1 <strong>buena imagen<\/strong> cuando nuevos clientes accedan a nuestro sitio.<\/p>\n<ul>\n<li><strong>Deben encontrarte Online<\/strong><\/li>\n<\/ul>\n<p>Actualmente, <strong>el mayor porcentaje de b\u00fasqueda de profesionales se hace en internet<\/strong>. Cuando la gente realiza esas b\u00fasquedas en la red es importante que nos encuentre en los primeros puestos, por eso la importancia de un buen trabajo de posicionamiento SEO y de palabras clave previamente estudiado. Difer\u00e9nciate dentro de tu sector con una p\u00e1gina sencilla, fresca y nueva. Dale credibilidad y <strong>a\u00f1ade valor con un contenido siempre actualizado <\/strong>y de inter\u00e9s para tus clientes. Eso potenciar\u00e1 los motores de b\u00fasqueda para que te encuentren m\u00e1s f\u00e1cilmente.<\/p>\n<ul>\n<li><strong>Consigue nuevos clientes y afianza los que ya tienes<\/strong><\/li>\n<\/ul>\n<p>Si hacemos un buen trabajo con la web, y aplicamos algunas t\u00e9cnicas sencillas de marketing online, veremos como comienzan a contactarnos nuevos clientes. Podemos dirigirnos a nichos de mercado concretos o baremos de edades, para obtener mayor efectividad. Si somos competitivos en nuestra imagen y servicios,<strong>esas visitas se convertir\u00e1n en clientes<\/strong>. Tambi\u00e9n podemos usar esas t\u00e9cnicas para fidelizar a nuestros clientes habituales, ofreci\u00e9ndoles ventajas espec\u00edficas pensando en sus necesidades, y entreteni\u00e9ndoles con contenidos de inter\u00e9s.<\/p>\n<ul>\n<li><strong>La publicidad Online es mas econ\u00f3mica<\/strong><\/li>\n<\/ul>\n<p>Una p\u00e1gina web es una manera de <strong>publicitarnos diariamente con un m\u00ednimo mantenimiento<\/strong>. Un anuncio permanente que puede contar diferentes cosas seg\u00fan lo vayamos adaptando a las necesidades cambiantes de nuestro p\u00fablico y que tiene un alcance mundial con un <strong>coste realmente bajo<\/strong>.<\/p>\n<p>Por todo esto Made In Creativos te dar\u00e1 las facilidades para tener tu p\u00e1gina web y que puedas dar a conocer tu negocio al mundo, o renovar la imagen de tu antigua p\u00e1gina al mejor precio.<\/p>\n<p>Ofrecemos todo lo necesario para que, a pesar de la crisis, puedas competir y seguir adelante.<\/p>\n<\/div>\n<\/div>\n<\/div>\n<\/div>\n<\/div>\n<\/div>","protected":false},"excerpt":{"rendered":"<p>Dise\u00f1o gr\u00e1fico adaptado<\/p>\n<p>Certificado SSL<\/p>\n<p>Web m\u00f3vil Responsive<\/p>\n<p>3 P\u00e1ginas interiores:<\/p>\n<ul>\n<li>Home<\/li>\n<li>Secci\u00f3n de contenidos<\/li>\n<li>Contacto<\/li>\n<li style=\"text-align: left;\">Galer\u00eda de im\u00e1genes<\/li>\n<li style=\"text-align: left;\">Google Maps<\/li>\n<li style=\"text-align: left;\">Secci\u00f3n de Contenido<\/li>\n<li style=\"text-align: left;\">Contacto<\/li>\n<li style=\"text-align: left;\">Web m\u00f3vil (Responsive)<\/li>\n<\/ul>\n<p>&nbsp;<\/p>","protected":false},"featured_media":3105,"comment_status":"open","ping_status":"closed","template":"","meta":{"_et_pb_use_builder":"","_et_pb_old_content":"","_et_gb_content_width":""},"product_brand":[],"product_cat":[57],"product_tag":[],"class_list":{"0":"post-2855","1":"product","2":"type-product","3":"status-publish","4":"has-post-thumbnail","6":"product_cat-diseno-web","8":"first","9":"instock","10":"virtual","11":"taxable","12":"purchasable","13":"product-type-simple"},"yoast_head":"<!-- This site is optimized with the Yoast SEO plugin v27.4 - https:\/\/yoast.com\/product\/yoast-seo-wordpress\/ -->\n<title>Web Profesional &#187; MadeIn Creativos<\/title>\n<meta name=\"robots\" content=\"index, follow, max-snippet:-1, max-image-preview:large, max-video-preview:-1\" \/>\n<link rel=\"canonical\" href=\"https:\/\/madeincreativos.com\/en\/product\/web-profesional\/\" \/>\n<meta property=\"og:locale\" content=\"en_GB\" \/>\n<meta property=\"og:type\" content=\"article\" \/>\n<meta property=\"og:title\" content=\"Web Profesional &#187; MadeIn Creativos\" \/>\n<meta property=\"og:description\" content=\"Dise\u00f1o gr\u00e1fico adaptado  Certificado SSL  Web m\u00f3vil Responsive  3 P\u00e1ginas interiores:   Home  Secci\u00f3n de contenidos  Contacto  Galer\u00eda de im\u00e1genes  Google Maps  Secci\u00f3n de Contenido  Contacto  Web m\u00f3vil (Responsive)  &nbsp;\" \/>\n<meta property=\"og:url\" content=\"https:\/\/madeincreativos.com\/en\/product\/web-profesional\/\" \/>\n<meta property=\"og:site_name\" content=\"MadeIn Creativos\" \/>\n<meta property=\"article:publisher\" content=\"https:\/\/www.facebook.com\/madeincreativos\" \/>\n<meta property=\"article:modified_time\" content=\"2021-09-30T13:05:54+00:00\" \/>\n<meta property=\"og:image\" content=\"https:\/\/madeincreativos.com\/wp-content\/uploads\/2021\/07\/servicios-diseno-pro.png\" \/>\n\t<meta property=\"og:image:width\" content=\"504\" \/>\n\t<meta property=\"og:image:height\" content=\"502\" \/>\n\t<meta property=\"og:image:type\" content=\"image\/png\" \/>\n<meta name=\"twitter:card\" content=\"summary_large_image\" \/>\n<meta name=\"twitter:label1\" content=\"Estimated reading time\" \/>\n\t<meta name=\"twitter:data1\" content=\"2 minutes\" \/>\n<script type=\"application\/ld+json\" class=\"yoast-schema-graph\">{\"@context\":\"https:\\\/\\\/schema.org\",\"@graph\":[{\"@type\":\"WebPage\",\"@id\":\"https:\\\/\\\/madeincreativos.com\\\/producto\\\/web-profesional\\\/\",\"url\":\"https:\\\/\\\/madeincreativos.com\\\/producto\\\/web-profesional\\\/\",\"name\":\"Web Profesional &#187; MadeIn Creativos\",\"isPartOf\":{\"@id\":\"https:\\\/\\\/madeincreativos.com\\\/#website\"},\"primaryImageOfPage\":{\"@id\":\"https:\\\/\\\/madeincreativos.com\\\/producto\\\/web-profesional\\\/#primaryimage\"},\"image\":{\"@id\":\"https:\\\/\\\/madeincreativos.com\\\/producto\\\/web-profesional\\\/#primaryimage\"},\"thumbnailUrl\":\"https:\\\/\\\/madeincreativos.com\\\/wp-content\\\/uploads\\\/2021\\\/07\\\/servicios-diseno-pro.png\",\"datePublished\":\"2021-07-13T09:40:37+00:00\",\"dateModified\":\"2021-09-30T13:05:54+00:00\",\"breadcrumb\":{\"@id\":\"https:\\\/\\\/madeincreativos.com\\\/producto\\\/web-profesional\\\/#breadcrumb\"},\"inLanguage\":\"en-GB\",\"potentialAction\":[{\"@type\":\"ReadAction\",\"target\":[\"https:\\\/\\\/madeincreativos.com\\\/producto\\\/web-profesional\\\/\"]}]},{\"@type\":\"ImageObject\",\"inLanguage\":\"en-GB\",\"@id\":\"https:\\\/\\\/madeincreativos.com\\\/producto\\\/web-profesional\\\/#primaryimage\",\"url\":\"https:\\\/\\\/madeincreativos.com\\\/wp-content\\\/uploads\\\/2021\\\/07\\\/servicios-diseno-pro.png\",\"contentUrl\":\"https:\\\/\\\/madeincreativos.com\\\/wp-content\\\/uploads\\\/2021\\\/07\\\/servicios-diseno-pro.png\",\"width\":504,\"height\":502,\"caption\":\"Web-profesional\"},{\"@type\":\"BreadcrumbList\",\"@id\":\"https:\\\/\\\/madeincreativos.com\\\/producto\\\/web-profesional\\\/#breadcrumb\",\"itemListElement\":[{\"@type\":\"ListItem\",\"position\":1,\"name\":\"Portada\",\"item\":\"https:\\\/\\\/madeincreativos.com\\\/\"},{\"@type\":\"ListItem\",\"position\":2,\"name\":\"Productos\",\"item\":\"https:\\\/\\\/madeincreativos.com\\\/shop\\\/\"},{\"@type\":\"ListItem\",\"position\":3,\"name\":\"Web Profesional\"}]},{\"@type\":\"WebSite\",\"@id\":\"https:\\\/\\\/madeincreativos.com\\\/#website\",\"url\":\"https:\\\/\\\/madeincreativos.com\\\/\",\"name\":\"MadeIn Creativos\",\"description\":\"Imprenta y r\u00f3tulos en Ibiza\",\"publisher\":{\"@id\":\"https:\\\/\\\/madeincreativos.com\\\/#organization\"},\"potentialAction\":[{\"@type\":\"SearchAction\",\"target\":{\"@type\":\"EntryPoint\",\"urlTemplate\":\"https:\\\/\\\/madeincreativos.com\\\/?s={search_term_string}\"},\"query-input\":{\"@type\":\"PropertyValueSpecification\",\"valueRequired\":true,\"valueName\":\"search_term_string\"}}],\"inLanguage\":\"en-GB\"},{\"@type\":\"Organization\",\"@id\":\"https:\\\/\\\/madeincreativos.com\\\/#organization\",\"name\":\"MadeIn Creativos\",\"url\":\"https:\\\/\\\/madeincreativos.com\\\/\",\"logo\":{\"@type\":\"ImageObject\",\"inLanguage\":\"en-GB\",\"@id\":\"https:\\\/\\\/madeincreativos.com\\\/#\\\/schema\\\/logo\\\/image\\\/\",\"url\":\"https:\\\/\\\/madeincreativos.com\\\/wp-content\\\/uploads\\\/2021\\\/10\\\/05.png\",\"contentUrl\":\"https:\\\/\\\/madeincreativos.com\\\/wp-content\\\/uploads\\\/2021\\\/10\\\/05.png\",\"width\":444,\"height\":453,\"caption\":\"MadeIn Creativos\"},\"image\":{\"@id\":\"https:\\\/\\\/madeincreativos.com\\\/#\\\/schema\\\/logo\\\/image\\\/\"},\"sameAs\":[\"https:\\\/\\\/www.facebook.com\\\/madeincreativos\",\"https:\\\/\\\/www.instagram.com\\\/madeincreativos\\\/\"]}]}<\/script>\n<!-- \/ Yoast SEO plugin. -->","yoast_head_json":{"title":"Web Profesional &#187; MadeIn Creativos","robots":{"index":"index","follow":"follow","max-snippet":"max-snippet:-1","max-image-preview":"max-image-preview:large","max-video-preview":"max-video-preview:-1"},"canonical":"https:\/\/madeincreativos.com\/en\/product\/web-profesional\/","og_locale":"en_GB","og_type":"article","og_title":"Web Profesional &#187; MadeIn Creativos","og_description":"Dise\u00f1o gr\u00e1fico adaptado  Certificado SSL  Web m\u00f3vil Responsive  3 P\u00e1ginas interiores:   Home  Secci\u00f3n de contenidos  Contacto  Galer\u00eda de im\u00e1genes  Google Maps  Secci\u00f3n de Contenido  Contacto  Web m\u00f3vil (Responsive)  &nbsp;","og_url":"https:\/\/madeincreativos.com\/en\/product\/web-profesional\/","og_site_name":"MadeIn Creativos","article_publisher":"https:\/\/www.facebook.com\/madeincreativos","article_modified_time":"2021-09-30T13:05:54+00:00","og_image":[{"width":504,"height":502,"url":"https:\/\/madeincreativos.com\/wp-content\/uploads\/2021\/07\/servicios-diseno-pro.png","type":"image\/png"}],"twitter_card":"summary_large_image","twitter_misc":{"Estimated reading time":"2 minutes"},"schema":{"@context":"https:\/\/schema.org","@graph":[{"@type":"WebPage","@id":"https:\/\/madeincreativos.com\/producto\/web-profesional\/","url":"https:\/\/madeincreativos.com\/producto\/web-profesional\/","name":"Web Profesional &#187; MadeIn Creativos","isPartOf":{"@id":"https:\/\/madeincreativos.com\/#website"},"primaryImageOfPage":{"@id":"https:\/\/madeincreativos.com\/producto\/web-profesional\/#primaryimage"},"image":{"@id":"https:\/\/madeincreativos.com\/producto\/web-profesional\/#primaryimage"},"thumbnailUrl":"https:\/\/madeincreativos.com\/wp-content\/uploads\/2021\/07\/servicios-diseno-pro.png","datePublished":"2021-07-13T09:40:37+00:00","dateModified":"2021-09-30T13:05:54+00:00","breadcrumb":{"@id":"https:\/\/madeincreativos.com\/producto\/web-profesional\/#breadcrumb"},"inLanguage":"en-GB","potentialAction":[{"@type":"ReadAction","target":["https:\/\/madeincreativos.com\/producto\/web-profesional\/"]}]},{"@type":"ImageObject","inLanguage":"en-GB","@id":"https:\/\/madeincreativos.com\/producto\/web-profesional\/#primaryimage","url":"https:\/\/madeincreativos.com\/wp-content\/uploads\/2021\/07\/servicios-diseno-pro.png","contentUrl":"https:\/\/madeincreativos.com\/wp-content\/uploads\/2021\/07\/servicios-diseno-pro.png","width":504,"height":502,"caption":"Web-profesional"},{"@type":"BreadcrumbList","@id":"https:\/\/madeincreativos.com\/producto\/web-profesional\/#breadcrumb","itemListElement":[{"@type":"ListItem","position":1,"name":"Portada","item":"https:\/\/madeincreativos.com\/"},{"@type":"ListItem","position":2,"name":"Productos","item":"https:\/\/madeincreativos.com\/shop\/"},{"@type":"ListItem","position":3,"name":"Web Profesional"}]},{"@type":"WebSite","@id":"https:\/\/madeincreativos.com\/#website","url":"https:\/\/madeincreativos.com\/","name":"MadeIn Creativos","description":"Imprenta y r\u00f3tulos en Ibiza","publisher":{"@id":"https:\/\/madeincreativos.com\/#organization"},"potentialAction":[{"@type":"SearchAction","target":{"@type":"EntryPoint","urlTemplate":"https:\/\/madeincreativos.com\/?s={search_term_string}"},"query-input":{"@type":"PropertyValueSpecification","valueRequired":true,"valueName":"search_term_string"}}],"inLanguage":"en-GB"},{"@type":"Organization","@id":"https:\/\/madeincreativos.com\/#organization","name":"MadeIn Creativos","url":"https:\/\/madeincreativos.com\/","logo":{"@type":"ImageObject","inLanguage":"en-GB","@id":"https:\/\/madeincreativos.com\/#\/schema\/logo\/image\/","url":"https:\/\/madeincreativos.com\/wp-content\/uploads\/2021\/10\/05.png","contentUrl":"https:\/\/madeincreativos.com\/wp-content\/uploads\/2021\/10\/05.png","width":444,"height":453,"caption":"MadeIn Creativos"},"image":{"@id":"https:\/\/madeincreativos.com\/#\/schema\/logo\/image\/"},"sameAs":["https:\/\/www.facebook.com\/madeincreativos","https:\/\/www.instagram.com\/madeincreativos\/"]}]}},"_links":{"self":[{"href":"https:\/\/madeincreativos.com\/en\/wp-json\/wp\/v2\/product\/2855","targetHints":{"allow":["GET"]}}],"collection":[{"href":"https:\/\/madeincreativos.com\/en\/wp-json\/wp\/v2\/product"}],"about":[{"href":"https:\/\/madeincreativos.com\/en\/wp-json\/wp\/v2\/types\/product"}],"replies":[{"embeddable":true,"href":"https:\/\/madeincreativos.com\/en\/wp-json\/wp\/v2\/comments?post=2855"}],"wp:featuredmedia":[{"embeddable":true,"href":"https:\/\/madeincreativos.com\/en\/wp-json\/wp\/v2\/media\/3105"}],"wp:attachment":[{"href":"https:\/\/madeincreativos.com\/en\/wp-json\/wp\/v2\/media?parent=2855"}],"wp:term":[{"taxonomy":"product_brand","embeddable":true,"href":"https:\/\/madeincreativos.com\/en\/wp-json\/wp\/v2\/product_brand?post=2855"},{"taxonomy":"product_cat","embeddable":true,"href":"https:\/\/madeincreativos.com\/en\/wp-json\/wp\/v2\/product_cat?post=2855"},{"taxonomy":"product_tag","embeddable":true,"href":"https:\/\/madeincreativos.com\/en\/wp-json\/wp\/v2\/product_tag?post=2855"}],"curies":[{"name":"wp","href":"https:\/\/api.w.org\/{rel}","templated":true}]}}