{"id":2850,"date":"2021-07-13T08:47:45","date_gmt":"2021-07-13T08:47:45","guid":{"rendered":"https:\/\/madeincreativos.com\/?post_type=product&#038;p=2850"},"modified":"2021-10-19T08:23:15","modified_gmt":"2021-10-19T08:23:15","slug":"one-page-tu-web-economica","status":"publish","type":"product","link":"https:\/\/madeincreativos.com\/en\/product\/one-page-tu-web-economica\/","title":{"rendered":"One Page, tu web econ\u00f3mica"},"content":{"rendered":"<h3><strong>\u00bfPiensas que una p\u00e1gina web no puede ser econ\u00f3mica y necesita mucho mantenimiento?<\/strong><\/h3>\n<p>Creamos tu One Page, una web econ\u00f3mica y una forma \u00f3ptima de comenzar tu negocio y darte visibilidad, lanza tu negocio online en la web, queremos que todos los emprendedores puedan lanzar su negocio mejorando su posicionamiento online y con ello sus ventas. Trabajamos en tu p\u00e1gina web ofreciendote las mejores soluciones de dise\u00f1o para que tu empresa obtenga un aspecto Profesional e Impactante. Creamos dise\u00f1os adapt\u00e1ndonos a nuestros clientes, priorizando la facilidad de uso y mostrando con todo lujo de detalles tus servicios y productos.<\/p>\n<h2><strong>&gt;&gt; ONE PAGE<\/strong><\/h2>\n<ul>\n<li>\n<h4><strong>Contruye tu\u00a0presencia online<\/strong><\/h4>\n<\/li>\n<\/ul>\n<p>Muestra a tu p\u00fablico objetivo qui\u00e9n eres y qu\u00e9 ofreces de una forma sencilla y elegante.<\/p>\n<ul>\n<li>\n<h4><strong>Muestra tus productos con una galer\u00eda de\u00a0<\/strong><b>im\u00e1genes<\/b><\/h4>\n<\/li>\n<\/ul>\n<p>Muestra a todo el mundo tus productos o servicios, haz que tengan visibilidad y que el mundo se interese por ellos.<\/p>\n<ul>\n<li>\n<h4><strong>Creamos un contacto <\/strong><\/h4>\n<\/li>\n<\/ul>\n<p>Creamos tu contacto donde te llegar\u00e1 un correo directo a tu Email, con todas las dudas e intereses sobre tus productos.<\/p>\n<ul>\n<li>\n<h4><strong>Mapa<\/strong><\/h4>\n<\/li>\n<\/ul>\n<p>Colocamos un mapa de google en tu web, el cual reflejar\u00e1 tu localizaci\u00f3n exacta, para que te encuentren de forma sencilla.<\/p>\n<ul>\n<li>\n<h4><strong>Web Responsive<\/strong><\/h4>\n<\/li>\n<\/ul>\n<p>Dise\u00f1amos web responsives, las cuales se adaptar\u00e1n a todos los formatos, pantallas y dispositivos m\u00f3viles.<\/p>\n<p>&nbsp;<\/p>\n<hr \/>\n<p>&nbsp;<\/p>\n<p>Si despu\u00e9s de todo esto a\u00fan piensas que necesitas algo m\u00e1s, siempre estas a tiempo de ampliarla a nuestra <a href=\"https:\/\/madeincreativos.com\/en\/product\/web-profesional\/\">Web Profesional<\/a>. <strong>Ponte en contacto con nosotros si tienes dudas.<\/strong><\/p>","protected":false},"excerpt":{"rendered":"<h2><\/h2>\n<h2><\/h2>\n<h2><\/h2>\n<h2><strong>\u00bfQue ofrecemos?<\/strong><\/h2>\n<ul>\n<li>Hosting + Dominio primer a\u00f1o incluido<\/li>\n<li>Dise\u00f1o gr\u00e1fico adaptado<\/li>\n<li>Certificado SSL<\/li>\n<li>Web m\u00f3vil Responsive<\/li>\n<\/ul>\n<hr \/>\n<p><strong>1 P\u00c1GINA INTERIOR, VARIAS SECCIONES<\/strong><\/p>\n<ul>\n<li>Galer\u00eda de im\u00e1genes<\/li>\n<li>Contacto<\/li>\n<li>Google Maps<\/li>\n<\/ul>","protected":false},"featured_media":3107,"comment_status":"open","ping_status":"closed","template":"","meta":{"_et_pb_use_builder":"","_et_pb_old_content":"","_et_gb_content_width":""},"product_brand":[],"product_cat":[57],"product_tag":[],"class_list":{"0":"post-2850","1":"product","2":"type-product","3":"status-publish","4":"has-post-thumbnail","6":"product_cat-diseno-web","8":"first","9":"instock","10":"taxable","11":"shipping-taxable","12":"purchasable","13":"product-type-simple"},"yoast_head":"<!-- This site is optimized with the Yoast SEO plugin v27.5 - https:\/\/yoast.com\/product\/yoast-seo-wordpress\/ -->\n<title>Web econ\u00f3mica &#187; One Page, tu web econ\u00f3mica &#187; MadeIn Creativos<\/title>\n<meta name=\"description\" content=\"Creamos tu One Page, una web econ\u00f3mica y una forma \u00f3ptima de comenzar tu negocio y darte visibilidad, lanza tu negocio online.\" \/>\n<meta name=\"robots\" content=\"index, follow, max-snippet:-1, max-image-preview:large, max-video-preview:-1\" \/>\n<link rel=\"canonical\" href=\"https:\/\/madeincreativos.com\/en\/product\/one-page-tu-web-economica\/\" \/>\n<meta property=\"og:locale\" content=\"en_GB\" \/>\n<meta property=\"og:type\" content=\"article\" \/>\n<meta property=\"og:title\" content=\"Web econ\u00f3mica &#187; One Page, tu web econ\u00f3mica &#187; MadeIn Creativos\" \/>\n<meta property=\"og:description\" content=\"Creamos tu One Page, una web econ\u00f3mica y una forma \u00f3ptima de comenzar tu negocio y darte visibilidad, lanza tu negocio online.\" \/>\n<meta property=\"og:url\" content=\"https:\/\/madeincreativos.com\/en\/product\/one-page-tu-web-economica\/\" \/>\n<meta property=\"og:site_name\" content=\"MadeIn Creativos\" \/>\n<meta property=\"article:publisher\" content=\"https:\/\/www.facebook.com\/madeincreativos\" \/>\n<meta property=\"article:modified_time\" content=\"2021-10-19T08:23:15+00:00\" \/>\n<meta property=\"og:image\" content=\"https:\/\/madeincreativos.com\/wp-content\/uploads\/2021\/07\/Web-one-page-basica.png\" \/>\n\t<meta property=\"og:image:width\" content=\"504\" \/>\n\t<meta property=\"og:image:height\" content=\"502\" \/>\n\t<meta property=\"og:image:type\" content=\"image\/png\" \/>\n<meta name=\"twitter:card\" content=\"summary_large_image\" \/>\n<meta name=\"twitter:label1\" content=\"Estimated reading time\" \/>\n\t<meta name=\"twitter:data1\" content=\"2 minutes\" \/>\n<script type=\"application\/ld+json\" class=\"yoast-schema-graph\">{\"@context\":\"https:\\\/\\\/schema.org\",\"@graph\":[{\"@type\":\"WebPage\",\"@id\":\"https:\\\/\\\/madeincreativos.com\\\/producto\\\/one-page-tu-web-economica\\\/\",\"url\":\"https:\\\/\\\/madeincreativos.com\\\/producto\\\/one-page-tu-web-economica\\\/\",\"name\":\"Web econ\u00f3mica &#187; One Page, tu web econ\u00f3mica &#187; MadeIn Creativos\",\"isPartOf\":{\"@id\":\"https:\\\/\\\/madeincreativos.com\\\/#website\"},\"primaryImageOfPage\":{\"@id\":\"https:\\\/\\\/madeincreativos.com\\\/producto\\\/one-page-tu-web-economica\\\/#primaryimage\"},\"image\":{\"@id\":\"https:\\\/\\\/madeincreativos.com\\\/producto\\\/one-page-tu-web-economica\\\/#primaryimage\"},\"thumbnailUrl\":\"https:\\\/\\\/madeincreativos.com\\\/wp-content\\\/uploads\\\/2021\\\/07\\\/Web-one-page-basica.png\",\"datePublished\":\"2021-07-13T08:47:45+00:00\",\"dateModified\":\"2021-10-19T08:23:15+00:00\",\"description\":\"Creamos tu One Page, una web econ\u00f3mica y una forma \u00f3ptima de comenzar tu negocio y darte visibilidad, lanza tu negocio online.\",\"breadcrumb\":{\"@id\":\"https:\\\/\\\/madeincreativos.com\\\/producto\\\/one-page-tu-web-economica\\\/#breadcrumb\"},\"inLanguage\":\"en-GB\",\"potentialAction\":[{\"@type\":\"ReadAction\",\"target\":[\"https:\\\/\\\/madeincreativos.com\\\/producto\\\/one-page-tu-web-economica\\\/\"]}]},{\"@type\":\"ImageObject\",\"inLanguage\":\"en-GB\",\"@id\":\"https:\\\/\\\/madeincreativos.com\\\/producto\\\/one-page-tu-web-economica\\\/#primaryimage\",\"url\":\"https:\\\/\\\/madeincreativos.com\\\/wp-content\\\/uploads\\\/2021\\\/07\\\/Web-one-page-basica.png\",\"contentUrl\":\"https:\\\/\\\/madeincreativos.com\\\/wp-content\\\/uploads\\\/2021\\\/07\\\/Web-one-page-basica.png\",\"width\":504,\"height\":502,\"caption\":\"Web-one-page\"},{\"@type\":\"BreadcrumbList\",\"@id\":\"https:\\\/\\\/madeincreativos.com\\\/producto\\\/one-page-tu-web-economica\\\/#breadcrumb\",\"itemListElement\":[{\"@type\":\"ListItem\",\"position\":1,\"name\":\"Portada\",\"item\":\"https:\\\/\\\/madeincreativos.com\\\/\"},{\"@type\":\"ListItem\",\"position\":2,\"name\":\"Productos\",\"item\":\"https:\\\/\\\/madeincreativos.com\\\/shop\\\/\"},{\"@type\":\"ListItem\",\"position\":3,\"name\":\"One Page, tu web econ\u00f3mica\"}]},{\"@type\":\"WebSite\",\"@id\":\"https:\\\/\\\/madeincreativos.com\\\/#website\",\"url\":\"https:\\\/\\\/madeincreativos.com\\\/\",\"name\":\"MadeIn Creativos\",\"description\":\"Imprenta y r\u00f3tulos en Ibiza\",\"publisher\":{\"@id\":\"https:\\\/\\\/madeincreativos.com\\\/#organization\"},\"potentialAction\":[{\"@type\":\"SearchAction\",\"target\":{\"@type\":\"EntryPoint\",\"urlTemplate\":\"https:\\\/\\\/madeincreativos.com\\\/?s={search_term_string}\"},\"query-input\":{\"@type\":\"PropertyValueSpecification\",\"valueRequired\":true,\"valueName\":\"search_term_string\"}}],\"inLanguage\":\"en-GB\"},{\"@type\":\"Organization\",\"@id\":\"https:\\\/\\\/madeincreativos.com\\\/#organization\",\"name\":\"MadeIn Creativos\",\"url\":\"https:\\\/\\\/madeincreativos.com\\\/\",\"logo\":{\"@type\":\"ImageObject\",\"inLanguage\":\"en-GB\",\"@id\":\"https:\\\/\\\/madeincreativos.com\\\/#\\\/schema\\\/logo\\\/image\\\/\",\"url\":\"https:\\\/\\\/madeincreativos.com\\\/wp-content\\\/uploads\\\/2021\\\/10\\\/05.png\",\"contentUrl\":\"https:\\\/\\\/madeincreativos.com\\\/wp-content\\\/uploads\\\/2021\\\/10\\\/05.png\",\"width\":444,\"height\":453,\"caption\":\"MadeIn Creativos\"},\"image\":{\"@id\":\"https:\\\/\\\/madeincreativos.com\\\/#\\\/schema\\\/logo\\\/image\\\/\"},\"sameAs\":[\"https:\\\/\\\/www.facebook.com\\\/madeincreativos\",\"https:\\\/\\\/www.instagram.com\\\/madeincreativos\\\/\"]}]}<\/script>\n<!-- \/ Yoast SEO plugin. -->","yoast_head_json":{"title":"Web econ\u00f3mica &#187; One Page, tu web econ\u00f3mica &#187; MadeIn Creativos","description":"Creamos tu One Page, una web econ\u00f3mica y una forma \u00f3ptima de comenzar tu negocio y darte visibilidad, lanza tu negocio online.","robots":{"index":"index","follow":"follow","max-snippet":"max-snippet:-1","max-image-preview":"max-image-preview:large","max-video-preview":"max-video-preview:-1"},"canonical":"https:\/\/madeincreativos.com\/en\/product\/one-page-tu-web-economica\/","og_locale":"en_GB","og_type":"article","og_title":"Web econ\u00f3mica &#187; One Page, tu web econ\u00f3mica &#187; MadeIn Creativos","og_description":"Creamos tu One Page, una web econ\u00f3mica y una forma \u00f3ptima de comenzar tu negocio y darte visibilidad, lanza tu negocio online.","og_url":"https:\/\/madeincreativos.com\/en\/product\/one-page-tu-web-economica\/","og_site_name":"MadeIn Creativos","article_publisher":"https:\/\/www.facebook.com\/madeincreativos","article_modified_time":"2021-10-19T08:23:15+00:00","og_image":[{"width":504,"height":502,"url":"https:\/\/madeincreativos.com\/wp-content\/uploads\/2021\/07\/Web-one-page-basica.png","type":"image\/png"}],"twitter_card":"summary_large_image","twitter_misc":{"Estimated reading time":"2 minutes"},"schema":{"@context":"https:\/\/schema.org","@graph":[{"@type":"WebPage","@id":"https:\/\/madeincreativos.com\/producto\/one-page-tu-web-economica\/","url":"https:\/\/madeincreativos.com\/producto\/one-page-tu-web-economica\/","name":"Web econ\u00f3mica &#187; One Page, tu web econ\u00f3mica &#187; MadeIn Creativos","isPartOf":{"@id":"https:\/\/madeincreativos.com\/#website"},"primaryImageOfPage":{"@id":"https:\/\/madeincreativos.com\/producto\/one-page-tu-web-economica\/#primaryimage"},"image":{"@id":"https:\/\/madeincreativos.com\/producto\/one-page-tu-web-economica\/#primaryimage"},"thumbnailUrl":"https:\/\/madeincreativos.com\/wp-content\/uploads\/2021\/07\/Web-one-page-basica.png","datePublished":"2021-07-13T08:47:45+00:00","dateModified":"2021-10-19T08:23:15+00:00","description":"Creamos tu One Page, una web econ\u00f3mica y una forma \u00f3ptima de comenzar tu negocio y darte visibilidad, lanza tu negocio online.","breadcrumb":{"@id":"https:\/\/madeincreativos.com\/producto\/one-page-tu-web-economica\/#breadcrumb"},"inLanguage":"en-GB","potentialAction":[{"@type":"ReadAction","target":["https:\/\/madeincreativos.com\/producto\/one-page-tu-web-economica\/"]}]},{"@type":"ImageObject","inLanguage":"en-GB","@id":"https:\/\/madeincreativos.com\/producto\/one-page-tu-web-economica\/#primaryimage","url":"https:\/\/madeincreativos.com\/wp-content\/uploads\/2021\/07\/Web-one-page-basica.png","contentUrl":"https:\/\/madeincreativos.com\/wp-content\/uploads\/2021\/07\/Web-one-page-basica.png","width":504,"height":502,"caption":"Web-one-page"},{"@type":"BreadcrumbList","@id":"https:\/\/madeincreativos.com\/producto\/one-page-tu-web-economica\/#breadcrumb","itemListElement":[{"@type":"ListItem","position":1,"name":"Portada","item":"https:\/\/madeincreativos.com\/"},{"@type":"ListItem","position":2,"name":"Productos","item":"https:\/\/madeincreativos.com\/shop\/"},{"@type":"ListItem","position":3,"name":"One Page, tu web econ\u00f3mica"}]},{"@type":"WebSite","@id":"https:\/\/madeincreativos.com\/#website","url":"https:\/\/madeincreativos.com\/","name":"MadeIn Creativos","description":"Imprenta y r\u00f3tulos en Ibiza","publisher":{"@id":"https:\/\/madeincreativos.com\/#organization"},"potentialAction":[{"@type":"SearchAction","target":{"@type":"EntryPoint","urlTemplate":"https:\/\/madeincreativos.com\/?s={search_term_string}"},"query-input":{"@type":"PropertyValueSpecification","valueRequired":true,"valueName":"search_term_string"}}],"inLanguage":"en-GB"},{"@type":"Organization","@id":"https:\/\/madeincreativos.com\/#organization","name":"MadeIn Creativos","url":"https:\/\/madeincreativos.com\/","logo":{"@type":"ImageObject","inLanguage":"en-GB","@id":"https:\/\/madeincreativos.com\/#\/schema\/logo\/image\/","url":"https:\/\/madeincreativos.com\/wp-content\/uploads\/2021\/10\/05.png","contentUrl":"https:\/\/madeincreativos.com\/wp-content\/uploads\/2021\/10\/05.png","width":444,"height":453,"caption":"MadeIn Creativos"},"image":{"@id":"https:\/\/madeincreativos.com\/#\/schema\/logo\/image\/"},"sameAs":["https:\/\/www.facebook.com\/madeincreativos","https:\/\/www.instagram.com\/madeincreativos\/"]}]}},"_links":{"self":[{"href":"https:\/\/madeincreativos.com\/en\/wp-json\/wp\/v2\/product\/2850","targetHints":{"allow":["GET"]}}],"collection":[{"href":"https:\/\/madeincreativos.com\/en\/wp-json\/wp\/v2\/product"}],"about":[{"href":"https:\/\/madeincreativos.com\/en\/wp-json\/wp\/v2\/types\/product"}],"replies":[{"embeddable":true,"href":"https:\/\/madeincreativos.com\/en\/wp-json\/wp\/v2\/comments?post=2850"}],"wp:featuredmedia":[{"embeddable":true,"href":"https:\/\/madeincreativos.com\/en\/wp-json\/wp\/v2\/media\/3107"}],"wp:attachment":[{"href":"https:\/\/madeincreativos.com\/en\/wp-json\/wp\/v2\/media?parent=2850"}],"wp:term":[{"taxonomy":"product_brand","embeddable":true,"href":"https:\/\/madeincreativos.com\/en\/wp-json\/wp\/v2\/product_brand?post=2850"},{"taxonomy":"product_cat","embeddable":true,"href":"https:\/\/madeincreativos.com\/en\/wp-json\/wp\/v2\/product_cat?post=2850"},{"taxonomy":"product_tag","embeddable":true,"href":"https:\/\/madeincreativos.com\/en\/wp-json\/wp\/v2\/product_tag?post=2850"}],"curies":[{"name":"wp","href":"https:\/\/api.w.org\/{rel}","templated":true}]}}