{"id":2835,"date":"2021-07-10T23:01:55","date_gmt":"2021-07-10T23:01:55","guid":{"rendered":"https:\/\/madeincreativos.com\/?post_type=product&#038;p=2835"},"modified":"2022-03-28T14:42:46","modified_gmt":"2022-03-28T14:42:46","slug":"diseno-de-rotulo-local","status":"publish","type":"product","link":"https:\/\/madeincreativos.com\/en\/product\/diseno-de-rotulo-local\/","title":{"rendered":"Dise\u00f1o R\u00f3tulo local"},"content":{"rendered":"<p>El equipo de MadeIn Creativos crear\u00e1 el dise\u00f1o gr\u00e1fico y publicitario del frente de tu local para que logres destacar y llamar la atenci\u00f3n de potenciales clientes. Tendr\u00e1s un dise\u00f1o llamativo, original y exclusivo que va a cautivar a todos, te har\u00e1 diferente y \u00fanico frente a la competencia.<\/p>\n<p>Destaca de la competencia con un r\u00f3tulo elegante, dise\u00f1amos el r\u00f3tulo de tu local para que sea atractivo y llamativo.<\/p>\n<p>Mejoraremos notablemente la imagen corporativa de tu negocio, haremos que tu fachada luzca y est\u00e9 a la altura de tu trabajo.<\/p>","protected":false},"excerpt":{"rendered":"<p>El equipo de MadeIn Creativos crear\u00e1 el dise\u00f1o gr\u00e1fico y publicitario del frente de tu local para que logres destacar y llamar la atenci\u00f3n de potenciales clientes. Tendr\u00e1s un dise\u00f1o llamativo, original y exclusivo que va a cautivar a todos, te har\u00e1 diferente y \u00fanico frente a la competencia.<\/p>","protected":false},"featured_media":3073,"comment_status":"open","ping_status":"closed","template":"","meta":{"_et_pb_use_builder":"","_et_pb_old_content":"","_et_gb_content_width":""},"product_brand":[],"product_cat":[20],"product_tag":[],"class_list":{"0":"post-2835","1":"product","2":"type-product","3":"status-publish","4":"has-post-thumbnail","6":"product_cat-servicios-de-diseno","8":"first","9":"instock","10":"taxable","11":"shipping-taxable","12":"purchasable","13":"product-type-simple"},"yoast_head":"<!-- This site is optimized with the Yoast SEO plugin v27.5 - https:\/\/yoast.com\/product\/yoast-seo-wordpress\/ -->\n<title>Dise\u00f1o R\u00f3tulo local &#187; MadeIn Creativos<\/title>\n<meta name=\"robots\" content=\"index, follow, max-snippet:-1, max-image-preview:large, max-video-preview:-1\" \/>\n<link rel=\"canonical\" href=\"https:\/\/madeincreativos.com\/en\/product\/diseno-de-rotulo-local\/\" \/>\n<meta property=\"og:locale\" content=\"en_GB\" \/>\n<meta property=\"og:type\" content=\"article\" \/>\n<meta property=\"og:title\" content=\"Dise\u00f1o R\u00f3tulo local &#187; MadeIn Creativos\" \/>\n<meta property=\"og:description\" content=\"El equipo de MadeIn Creativos crear\u00e1 el dise\u00f1o gr\u00e1fico y publicitario del frente de tu local para que logres destacar y llamar la atenci\u00f3n de potenciales clientes. Tendr\u00e1s un dise\u00f1o llamativo, original y exclusivo que va a cautivar a todos, te har\u00e1 diferente y \u00fanico frente a la competencia.\" \/>\n<meta property=\"og:url\" content=\"https:\/\/madeincreativos.com\/en\/product\/diseno-de-rotulo-local\/\" \/>\n<meta property=\"og:site_name\" content=\"MadeIn Creativos\" \/>\n<meta property=\"article:publisher\" content=\"https:\/\/www.facebook.com\/madeincreativos\" \/>\n<meta property=\"article:modified_time\" content=\"2022-03-28T14:42:46+00:00\" \/>\n<meta property=\"og:image\" content=\"https:\/\/madeincreativos.com\/wp-content\/uploads\/2021\/07\/diseno-rotulo.png\" \/>\n\t<meta property=\"og:image:width\" content=\"504\" \/>\n\t<meta property=\"og:image:height\" content=\"502\" \/>\n\t<meta property=\"og:image:type\" content=\"image\/png\" \/>\n<meta name=\"twitter:card\" content=\"summary_large_image\" \/>\n<script type=\"application\/ld+json\" class=\"yoast-schema-graph\">{\"@context\":\"https:\\\/\\\/schema.org\",\"@graph\":[{\"@type\":\"WebPage\",\"@id\":\"https:\\\/\\\/madeincreativos.com\\\/producto\\\/diseno-de-rotulo-local\\\/\",\"url\":\"https:\\\/\\\/madeincreativos.com\\\/producto\\\/diseno-de-rotulo-local\\\/\",\"name\":\"Dise\u00f1o R\u00f3tulo local &#187; MadeIn Creativos\",\"isPartOf\":{\"@id\":\"https:\\\/\\\/madeincreativos.com\\\/#website\"},\"primaryImageOfPage\":{\"@id\":\"https:\\\/\\\/madeincreativos.com\\\/producto\\\/diseno-de-rotulo-local\\\/#primaryimage\"},\"image\":{\"@id\":\"https:\\\/\\\/madeincreativos.com\\\/producto\\\/diseno-de-rotulo-local\\\/#primaryimage\"},\"thumbnailUrl\":\"https:\\\/\\\/madeincreativos.com\\\/wp-content\\\/uploads\\\/2021\\\/07\\\/diseno-rotulo.png\",\"datePublished\":\"2021-07-10T23:01:55+00:00\",\"dateModified\":\"2022-03-28T14:42:46+00:00\",\"breadcrumb\":{\"@id\":\"https:\\\/\\\/madeincreativos.com\\\/producto\\\/diseno-de-rotulo-local\\\/#breadcrumb\"},\"inLanguage\":\"en-GB\",\"potentialAction\":[{\"@type\":\"ReadAction\",\"target\":[\"https:\\\/\\\/madeincreativos.com\\\/producto\\\/diseno-de-rotulo-local\\\/\"]}]},{\"@type\":\"ImageObject\",\"inLanguage\":\"en-GB\",\"@id\":\"https:\\\/\\\/madeincreativos.com\\\/producto\\\/diseno-de-rotulo-local\\\/#primaryimage\",\"url\":\"https:\\\/\\\/madeincreativos.com\\\/wp-content\\\/uploads\\\/2021\\\/07\\\/diseno-rotulo.png\",\"contentUrl\":\"https:\\\/\\\/madeincreativos.com\\\/wp-content\\\/uploads\\\/2021\\\/07\\\/diseno-rotulo.png\",\"width\":504,\"height\":502,\"caption\":\"dise\u00f1o-r\u00f3tulo\"},{\"@type\":\"BreadcrumbList\",\"@id\":\"https:\\\/\\\/madeincreativos.com\\\/producto\\\/diseno-de-rotulo-local\\\/#breadcrumb\",\"itemListElement\":[{\"@type\":\"ListItem\",\"position\":1,\"name\":\"Portada\",\"item\":\"https:\\\/\\\/madeincreativos.com\\\/\"},{\"@type\":\"ListItem\",\"position\":2,\"name\":\"Productos\",\"item\":\"https:\\\/\\\/madeincreativos.com\\\/shop\\\/\"},{\"@type\":\"ListItem\",\"position\":3,\"name\":\"Dise\u00f1o R\u00f3tulo local\"}]},{\"@type\":\"WebSite\",\"@id\":\"https:\\\/\\\/madeincreativos.com\\\/#website\",\"url\":\"https:\\\/\\\/madeincreativos.com\\\/\",\"name\":\"MadeIn Creativos\",\"description\":\"Imprenta y r\u00f3tulos en Ibiza\",\"publisher\":{\"@id\":\"https:\\\/\\\/madeincreativos.com\\\/#organization\"},\"potentialAction\":[{\"@type\":\"SearchAction\",\"target\":{\"@type\":\"EntryPoint\",\"urlTemplate\":\"https:\\\/\\\/madeincreativos.com\\\/?s={search_term_string}\"},\"query-input\":{\"@type\":\"PropertyValueSpecification\",\"valueRequired\":true,\"valueName\":\"search_term_string\"}}],\"inLanguage\":\"en-GB\"},{\"@type\":\"Organization\",\"@id\":\"https:\\\/\\\/madeincreativos.com\\\/#organization\",\"name\":\"MadeIn Creativos\",\"url\":\"https:\\\/\\\/madeincreativos.com\\\/\",\"logo\":{\"@type\":\"ImageObject\",\"inLanguage\":\"en-GB\",\"@id\":\"https:\\\/\\\/madeincreativos.com\\\/#\\\/schema\\\/logo\\\/image\\\/\",\"url\":\"https:\\\/\\\/madeincreativos.com\\\/wp-content\\\/uploads\\\/2021\\\/10\\\/05.png\",\"contentUrl\":\"https:\\\/\\\/madeincreativos.com\\\/wp-content\\\/uploads\\\/2021\\\/10\\\/05.png\",\"width\":444,\"height\":453,\"caption\":\"MadeIn Creativos\"},\"image\":{\"@id\":\"https:\\\/\\\/madeincreativos.com\\\/#\\\/schema\\\/logo\\\/image\\\/\"},\"sameAs\":[\"https:\\\/\\\/www.facebook.com\\\/madeincreativos\",\"https:\\\/\\\/www.instagram.com\\\/madeincreativos\\\/\"]}]}<\/script>\n<!-- \/ Yoast SEO plugin. -->","yoast_head_json":{"title":"Dise\u00f1o R\u00f3tulo local &#187; MadeIn Creativos","robots":{"index":"index","follow":"follow","max-snippet":"max-snippet:-1","max-image-preview":"max-image-preview:large","max-video-preview":"max-video-preview:-1"},"canonical":"https:\/\/madeincreativos.com\/en\/product\/diseno-de-rotulo-local\/","og_locale":"en_GB","og_type":"article","og_title":"Dise\u00f1o R\u00f3tulo local &#187; MadeIn Creativos","og_description":"El equipo de MadeIn Creativos crear\u00e1 el dise\u00f1o gr\u00e1fico y publicitario del frente de tu local para que logres destacar y llamar la atenci\u00f3n de potenciales clientes. Tendr\u00e1s un dise\u00f1o llamativo, original y exclusivo que va a cautivar a todos, te har\u00e1 diferente y \u00fanico frente a la competencia.","og_url":"https:\/\/madeincreativos.com\/en\/product\/diseno-de-rotulo-local\/","og_site_name":"MadeIn Creativos","article_publisher":"https:\/\/www.facebook.com\/madeincreativos","article_modified_time":"2022-03-28T14:42:46+00:00","og_image":[{"width":504,"height":502,"url":"https:\/\/madeincreativos.com\/wp-content\/uploads\/2021\/07\/diseno-rotulo.png","type":"image\/png"}],"twitter_card":"summary_large_image","schema":{"@context":"https:\/\/schema.org","@graph":[{"@type":"WebPage","@id":"https:\/\/madeincreativos.com\/producto\/diseno-de-rotulo-local\/","url":"https:\/\/madeincreativos.com\/producto\/diseno-de-rotulo-local\/","name":"Dise\u00f1o R\u00f3tulo local &#187; MadeIn Creativos","isPartOf":{"@id":"https:\/\/madeincreativos.com\/#website"},"primaryImageOfPage":{"@id":"https:\/\/madeincreativos.com\/producto\/diseno-de-rotulo-local\/#primaryimage"},"image":{"@id":"https:\/\/madeincreativos.com\/producto\/diseno-de-rotulo-local\/#primaryimage"},"thumbnailUrl":"https:\/\/madeincreativos.com\/wp-content\/uploads\/2021\/07\/diseno-rotulo.png","datePublished":"2021-07-10T23:01:55+00:00","dateModified":"2022-03-28T14:42:46+00:00","breadcrumb":{"@id":"https:\/\/madeincreativos.com\/producto\/diseno-de-rotulo-local\/#breadcrumb"},"inLanguage":"en-GB","potentialAction":[{"@type":"ReadAction","target":["https:\/\/madeincreativos.com\/producto\/diseno-de-rotulo-local\/"]}]},{"@type":"ImageObject","inLanguage":"en-GB","@id":"https:\/\/madeincreativos.com\/producto\/diseno-de-rotulo-local\/#primaryimage","url":"https:\/\/madeincreativos.com\/wp-content\/uploads\/2021\/07\/diseno-rotulo.png","contentUrl":"https:\/\/madeincreativos.com\/wp-content\/uploads\/2021\/07\/diseno-rotulo.png","width":504,"height":502,"caption":"dise\u00f1o-r\u00f3tulo"},{"@type":"BreadcrumbList","@id":"https:\/\/madeincreativos.com\/producto\/diseno-de-rotulo-local\/#breadcrumb","itemListElement":[{"@type":"ListItem","position":1,"name":"Portada","item":"https:\/\/madeincreativos.com\/"},{"@type":"ListItem","position":2,"name":"Productos","item":"https:\/\/madeincreativos.com\/shop\/"},{"@type":"ListItem","position":3,"name":"Dise\u00f1o R\u00f3tulo local"}]},{"@type":"WebSite","@id":"https:\/\/madeincreativos.com\/#website","url":"https:\/\/madeincreativos.com\/","name":"MadeIn Creativos","description":"Imprenta y r\u00f3tulos en Ibiza","publisher":{"@id":"https:\/\/madeincreativos.com\/#organization"},"potentialAction":[{"@type":"SearchAction","target":{"@type":"EntryPoint","urlTemplate":"https:\/\/madeincreativos.com\/?s={search_term_string}"},"query-input":{"@type":"PropertyValueSpecification","valueRequired":true,"valueName":"search_term_string"}}],"inLanguage":"en-GB"},{"@type":"Organization","@id":"https:\/\/madeincreativos.com\/#organization","name":"MadeIn Creativos","url":"https:\/\/madeincreativos.com\/","logo":{"@type":"ImageObject","inLanguage":"en-GB","@id":"https:\/\/madeincreativos.com\/#\/schema\/logo\/image\/","url":"https:\/\/madeincreativos.com\/wp-content\/uploads\/2021\/10\/05.png","contentUrl":"https:\/\/madeincreativos.com\/wp-content\/uploads\/2021\/10\/05.png","width":444,"height":453,"caption":"MadeIn Creativos"},"image":{"@id":"https:\/\/madeincreativos.com\/#\/schema\/logo\/image\/"},"sameAs":["https:\/\/www.facebook.com\/madeincreativos","https:\/\/www.instagram.com\/madeincreativos\/"]}]}},"_links":{"self":[{"href":"https:\/\/madeincreativos.com\/en\/wp-json\/wp\/v2\/product\/2835","targetHints":{"allow":["GET"]}}],"collection":[{"href":"https:\/\/madeincreativos.com\/en\/wp-json\/wp\/v2\/product"}],"about":[{"href":"https:\/\/madeincreativos.com\/en\/wp-json\/wp\/v2\/types\/product"}],"replies":[{"embeddable":true,"href":"https:\/\/madeincreativos.com\/en\/wp-json\/wp\/v2\/comments?post=2835"}],"wp:featuredmedia":[{"embeddable":true,"href":"https:\/\/madeincreativos.com\/en\/wp-json\/wp\/v2\/media\/3073"}],"wp:attachment":[{"href":"https:\/\/madeincreativos.com\/en\/wp-json\/wp\/v2\/media?parent=2835"}],"wp:term":[{"taxonomy":"product_brand","embeddable":true,"href":"https:\/\/madeincreativos.com\/en\/wp-json\/wp\/v2\/product_brand?post=2835"},{"taxonomy":"product_cat","embeddable":true,"href":"https:\/\/madeincreativos.com\/en\/wp-json\/wp\/v2\/product_cat?post=2835"},{"taxonomy":"product_tag","embeddable":true,"href":"https:\/\/madeincreativos.com\/en\/wp-json\/wp\/v2\/product_tag?post=2835"}],"curies":[{"name":"wp","href":"https:\/\/api.w.org\/{rel}","templated":true}]}}