{"id":2833,"date":"2021-07-10T20:40:05","date_gmt":"2021-07-10T20:40:05","guid":{"rendered":"https:\/\/madeincreativos.com\/?post_type=product&#038;p=2833"},"modified":"2022-03-28T14:41:51","modified_gmt":"2022-03-28T14:41:51","slug":"diseno-diptico","status":"publish","type":"product","link":"https:\/\/madeincreativos.com\/en\/product\/diseno-diptico\/","title":{"rendered":"Dise\u00f1o d\u00edptico"},"content":{"rendered":"<p>El d\u00edptico permite una cercan\u00eda al cliente en el que elaborar mensajes claros y directos y cuentan, adem\u00e1s, con una clara ventaja econ\u00f3mica: tiradas masivas de d\u00edpticos a un coste reducido permiten un alto impacto al llegar a miles de personas que transitan por calles.<\/p>\n<p>El d\u00edptico genera una imagen de marca real, pr\u00f3xima y fiable. As\u00ed, pasamos a comprobar cu\u00e1les son los elementos base de un d\u00edptico para poder elaborar un dise\u00f1o espectacular.<\/p>\n<p>Un d\u00edptico te permitir\u00e1 ampliar la informaci\u00f3n con respecto a un flyer tradicional, Si necesitas dar una buena impresi\u00f3n frente a tus clientes, realizamos tus d\u00edpticos con una excelente calidad que reforzar\u00e1 tu idea publicitaria.<\/p>","protected":false},"excerpt":{"rendered":"<p>Un d\u00edptico te permitir\u00e1 ampliar la informaci\u00f3n con respecto a un flyer tradicional, Si necesitas dar una buena impresi\u00f3n frente a tus clientes, realizamos tus d\u00edpticos con una excelente calidad que reforzar\u00e1 tu idea publicitaria.<\/p>","protected":false},"featured_media":3074,"comment_status":"open","ping_status":"closed","template":"","meta":{"_et_pb_use_builder":"","_et_pb_old_content":"","_et_gb_content_width":""},"product_brand":[],"product_cat":[20],"product_tag":[],"class_list":{"0":"post-2833","1":"product","2":"type-product","3":"status-publish","4":"has-post-thumbnail","6":"product_cat-servicios-de-diseno","8":"first","9":"instock","10":"taxable","11":"shipping-taxable","12":"purchasable","13":"product-type-simple"},"yoast_head":"<!-- This site is optimized with the Yoast SEO plugin v27.4 - https:\/\/yoast.com\/product\/yoast-seo-wordpress\/ -->\n<title>Dise\u00f1o d\u00edptico &#187; MadeIn Creativos<\/title>\n<meta name=\"robots\" content=\"index, follow, max-snippet:-1, max-image-preview:large, max-video-preview:-1\" \/>\n<link rel=\"canonical\" href=\"https:\/\/madeincreativos.com\/en\/product\/diseno-diptico\/\" \/>\n<meta property=\"og:locale\" content=\"en_GB\" \/>\n<meta property=\"og:type\" content=\"article\" \/>\n<meta property=\"og:title\" content=\"Dise\u00f1o d\u00edptico &#187; MadeIn Creativos\" \/>\n<meta property=\"og:description\" content=\"Un d\u00edptico te permitir\u00e1 ampliar la informaci\u00f3n con respecto a un flyer tradicional, Si necesitas dar una buena impresi\u00f3n frente a tus clientes, realizamos tus d\u00edpticos con una excelente calidad que reforzar\u00e1 tu idea publicitaria.\" \/>\n<meta property=\"og:url\" content=\"https:\/\/madeincreativos.com\/en\/product\/diseno-diptico\/\" \/>\n<meta property=\"og:site_name\" content=\"MadeIn Creativos\" \/>\n<meta property=\"article:publisher\" content=\"https:\/\/www.facebook.com\/madeincreativos\" \/>\n<meta property=\"article:modified_time\" content=\"2022-03-28T14:41:51+00:00\" \/>\n<meta property=\"og:image\" content=\"https:\/\/madeincreativos.com\/wp-content\/uploads\/2021\/07\/diseno-diptico.png\" \/>\n\t<meta property=\"og:image:width\" content=\"504\" \/>\n\t<meta property=\"og:image:height\" content=\"502\" \/>\n\t<meta property=\"og:image:type\" content=\"image\/png\" \/>\n<meta name=\"twitter:card\" content=\"summary_large_image\" \/>\n<meta name=\"twitter:label1\" content=\"Estimated reading time\" \/>\n\t<meta name=\"twitter:data1\" content=\"1 minute\" \/>\n<script type=\"application\/ld+json\" class=\"yoast-schema-graph\">{\"@context\":\"https:\\\/\\\/schema.org\",\"@graph\":[{\"@type\":\"WebPage\",\"@id\":\"https:\\\/\\\/madeincreativos.com\\\/producto\\\/diseno-diptico\\\/\",\"url\":\"https:\\\/\\\/madeincreativos.com\\\/producto\\\/diseno-diptico\\\/\",\"name\":\"Dise\u00f1o d\u00edptico &#187; MadeIn Creativos\",\"isPartOf\":{\"@id\":\"https:\\\/\\\/madeincreativos.com\\\/#website\"},\"primaryImageOfPage\":{\"@id\":\"https:\\\/\\\/madeincreativos.com\\\/producto\\\/diseno-diptico\\\/#primaryimage\"},\"image\":{\"@id\":\"https:\\\/\\\/madeincreativos.com\\\/producto\\\/diseno-diptico\\\/#primaryimage\"},\"thumbnailUrl\":\"https:\\\/\\\/madeincreativos.com\\\/wp-content\\\/uploads\\\/2021\\\/07\\\/diseno-diptico.png\",\"datePublished\":\"2021-07-10T20:40:05+00:00\",\"dateModified\":\"2022-03-28T14:41:51+00:00\",\"breadcrumb\":{\"@id\":\"https:\\\/\\\/madeincreativos.com\\\/producto\\\/diseno-diptico\\\/#breadcrumb\"},\"inLanguage\":\"en-GB\",\"potentialAction\":[{\"@type\":\"ReadAction\",\"target\":[\"https:\\\/\\\/madeincreativos.com\\\/producto\\\/diseno-diptico\\\/\"]}]},{\"@type\":\"ImageObject\",\"inLanguage\":\"en-GB\",\"@id\":\"https:\\\/\\\/madeincreativos.com\\\/producto\\\/diseno-diptico\\\/#primaryimage\",\"url\":\"https:\\\/\\\/madeincreativos.com\\\/wp-content\\\/uploads\\\/2021\\\/07\\\/diseno-diptico.png\",\"contentUrl\":\"https:\\\/\\\/madeincreativos.com\\\/wp-content\\\/uploads\\\/2021\\\/07\\\/diseno-diptico.png\",\"width\":504,\"height\":502,\"caption\":\"dise\u00f1o-d\u00edptico\"},{\"@type\":\"BreadcrumbList\",\"@id\":\"https:\\\/\\\/madeincreativos.com\\\/producto\\\/diseno-diptico\\\/#breadcrumb\",\"itemListElement\":[{\"@type\":\"ListItem\",\"position\":1,\"name\":\"Portada\",\"item\":\"https:\\\/\\\/madeincreativos.com\\\/\"},{\"@type\":\"ListItem\",\"position\":2,\"name\":\"Productos\",\"item\":\"https:\\\/\\\/madeincreativos.com\\\/shop\\\/\"},{\"@type\":\"ListItem\",\"position\":3,\"name\":\"Dise\u00f1o d\u00edptico\"}]},{\"@type\":\"WebSite\",\"@id\":\"https:\\\/\\\/madeincreativos.com\\\/#website\",\"url\":\"https:\\\/\\\/madeincreativos.com\\\/\",\"name\":\"MadeIn Creativos\",\"description\":\"Imprenta y r\u00f3tulos en Ibiza\",\"publisher\":{\"@id\":\"https:\\\/\\\/madeincreativos.com\\\/#organization\"},\"potentialAction\":[{\"@type\":\"SearchAction\",\"target\":{\"@type\":\"EntryPoint\",\"urlTemplate\":\"https:\\\/\\\/madeincreativos.com\\\/?s={search_term_string}\"},\"query-input\":{\"@type\":\"PropertyValueSpecification\",\"valueRequired\":true,\"valueName\":\"search_term_string\"}}],\"inLanguage\":\"en-GB\"},{\"@type\":\"Organization\",\"@id\":\"https:\\\/\\\/madeincreativos.com\\\/#organization\",\"name\":\"MadeIn Creativos\",\"url\":\"https:\\\/\\\/madeincreativos.com\\\/\",\"logo\":{\"@type\":\"ImageObject\",\"inLanguage\":\"en-GB\",\"@id\":\"https:\\\/\\\/madeincreativos.com\\\/#\\\/schema\\\/logo\\\/image\\\/\",\"url\":\"https:\\\/\\\/madeincreativos.com\\\/wp-content\\\/uploads\\\/2021\\\/10\\\/05.png\",\"contentUrl\":\"https:\\\/\\\/madeincreativos.com\\\/wp-content\\\/uploads\\\/2021\\\/10\\\/05.png\",\"width\":444,\"height\":453,\"caption\":\"MadeIn Creativos\"},\"image\":{\"@id\":\"https:\\\/\\\/madeincreativos.com\\\/#\\\/schema\\\/logo\\\/image\\\/\"},\"sameAs\":[\"https:\\\/\\\/www.facebook.com\\\/madeincreativos\",\"https:\\\/\\\/www.instagram.com\\\/madeincreativos\\\/\"]}]}<\/script>\n<!-- \/ Yoast SEO plugin. -->","yoast_head_json":{"title":"Dise\u00f1o d\u00edptico &#187; MadeIn Creativos","robots":{"index":"index","follow":"follow","max-snippet":"max-snippet:-1","max-image-preview":"max-image-preview:large","max-video-preview":"max-video-preview:-1"},"canonical":"https:\/\/madeincreativos.com\/en\/product\/diseno-diptico\/","og_locale":"en_GB","og_type":"article","og_title":"Dise\u00f1o d\u00edptico &#187; MadeIn Creativos","og_description":"Un d\u00edptico te permitir\u00e1 ampliar la informaci\u00f3n con respecto a un flyer tradicional, Si necesitas dar una buena impresi\u00f3n frente a tus clientes, realizamos tus d\u00edpticos con una excelente calidad que reforzar\u00e1 tu idea publicitaria.","og_url":"https:\/\/madeincreativos.com\/en\/product\/diseno-diptico\/","og_site_name":"MadeIn Creativos","article_publisher":"https:\/\/www.facebook.com\/madeincreativos","article_modified_time":"2022-03-28T14:41:51+00:00","og_image":[{"width":504,"height":502,"url":"https:\/\/madeincreativos.com\/wp-content\/uploads\/2021\/07\/diseno-diptico.png","type":"image\/png"}],"twitter_card":"summary_large_image","twitter_misc":{"Estimated reading time":"1 minute"},"schema":{"@context":"https:\/\/schema.org","@graph":[{"@type":"WebPage","@id":"https:\/\/madeincreativos.com\/producto\/diseno-diptico\/","url":"https:\/\/madeincreativos.com\/producto\/diseno-diptico\/","name":"Dise\u00f1o d\u00edptico &#187; MadeIn Creativos","isPartOf":{"@id":"https:\/\/madeincreativos.com\/#website"},"primaryImageOfPage":{"@id":"https:\/\/madeincreativos.com\/producto\/diseno-diptico\/#primaryimage"},"image":{"@id":"https:\/\/madeincreativos.com\/producto\/diseno-diptico\/#primaryimage"},"thumbnailUrl":"https:\/\/madeincreativos.com\/wp-content\/uploads\/2021\/07\/diseno-diptico.png","datePublished":"2021-07-10T20:40:05+00:00","dateModified":"2022-03-28T14:41:51+00:00","breadcrumb":{"@id":"https:\/\/madeincreativos.com\/producto\/diseno-diptico\/#breadcrumb"},"inLanguage":"en-GB","potentialAction":[{"@type":"ReadAction","target":["https:\/\/madeincreativos.com\/producto\/diseno-diptico\/"]}]},{"@type":"ImageObject","inLanguage":"en-GB","@id":"https:\/\/madeincreativos.com\/producto\/diseno-diptico\/#primaryimage","url":"https:\/\/madeincreativos.com\/wp-content\/uploads\/2021\/07\/diseno-diptico.png","contentUrl":"https:\/\/madeincreativos.com\/wp-content\/uploads\/2021\/07\/diseno-diptico.png","width":504,"height":502,"caption":"dise\u00f1o-d\u00edptico"},{"@type":"BreadcrumbList","@id":"https:\/\/madeincreativos.com\/producto\/diseno-diptico\/#breadcrumb","itemListElement":[{"@type":"ListItem","position":1,"name":"Portada","item":"https:\/\/madeincreativos.com\/"},{"@type":"ListItem","position":2,"name":"Productos","item":"https:\/\/madeincreativos.com\/shop\/"},{"@type":"ListItem","position":3,"name":"Dise\u00f1o d\u00edptico"}]},{"@type":"WebSite","@id":"https:\/\/madeincreativos.com\/#website","url":"https:\/\/madeincreativos.com\/","name":"MadeIn Creativos","description":"Imprenta y r\u00f3tulos en Ibiza","publisher":{"@id":"https:\/\/madeincreativos.com\/#organization"},"potentialAction":[{"@type":"SearchAction","target":{"@type":"EntryPoint","urlTemplate":"https:\/\/madeincreativos.com\/?s={search_term_string}"},"query-input":{"@type":"PropertyValueSpecification","valueRequired":true,"valueName":"search_term_string"}}],"inLanguage":"en-GB"},{"@type":"Organization","@id":"https:\/\/madeincreativos.com\/#organization","name":"MadeIn Creativos","url":"https:\/\/madeincreativos.com\/","logo":{"@type":"ImageObject","inLanguage":"en-GB","@id":"https:\/\/madeincreativos.com\/#\/schema\/logo\/image\/","url":"https:\/\/madeincreativos.com\/wp-content\/uploads\/2021\/10\/05.png","contentUrl":"https:\/\/madeincreativos.com\/wp-content\/uploads\/2021\/10\/05.png","width":444,"height":453,"caption":"MadeIn Creativos"},"image":{"@id":"https:\/\/madeincreativos.com\/#\/schema\/logo\/image\/"},"sameAs":["https:\/\/www.facebook.com\/madeincreativos","https:\/\/www.instagram.com\/madeincreativos\/"]}]}},"_links":{"self":[{"href":"https:\/\/madeincreativos.com\/en\/wp-json\/wp\/v2\/product\/2833","targetHints":{"allow":["GET"]}}],"collection":[{"href":"https:\/\/madeincreativos.com\/en\/wp-json\/wp\/v2\/product"}],"about":[{"href":"https:\/\/madeincreativos.com\/en\/wp-json\/wp\/v2\/types\/product"}],"replies":[{"embeddable":true,"href":"https:\/\/madeincreativos.com\/en\/wp-json\/wp\/v2\/comments?post=2833"}],"wp:featuredmedia":[{"embeddable":true,"href":"https:\/\/madeincreativos.com\/en\/wp-json\/wp\/v2\/media\/3074"}],"wp:attachment":[{"href":"https:\/\/madeincreativos.com\/en\/wp-json\/wp\/v2\/media?parent=2833"}],"wp:term":[{"taxonomy":"product_brand","embeddable":true,"href":"https:\/\/madeincreativos.com\/en\/wp-json\/wp\/v2\/product_brand?post=2833"},{"taxonomy":"product_cat","embeddable":true,"href":"https:\/\/madeincreativos.com\/en\/wp-json\/wp\/v2\/product_cat?post=2833"},{"taxonomy":"product_tag","embeddable":true,"href":"https:\/\/madeincreativos.com\/en\/wp-json\/wp\/v2\/product_tag?post=2833"}],"curies":[{"name":"wp","href":"https:\/\/api.w.org\/{rel}","templated":true}]}}