{"id":2828,"date":"2021-07-10T19:27:30","date_gmt":"2021-07-10T19:27:30","guid":{"rendered":"https:\/\/madeincreativos.com\/?post_type=product&#038;p=2828"},"modified":"2022-03-28T10:52:04","modified_gmt":"2022-03-28T10:52:04","slug":"diseno-tarjeta-de-visita","status":"publish","type":"product","link":"https:\/\/madeincreativos.com\/en\/product\/diseno-tarjeta-de-visita\/","title":{"rendered":"Dise\u00f1o tarjeta de visita"},"content":{"rendered":"<h1>Dise\u00f1o de tus tarjetas de visita<\/h1>\n<p>La tarjeta de visita no s\u00f3lo sirve para dar los datos de contacto a otra persona en un formato f\u00edsico. En realidad, es un elemento distintivo que puede ser de utilidad a la hora de difundir una marca y consolidar una identidad e imagen de negocio.<\/p>\n<p>Creamos tu tarjeta de visita donde podr\u00e1s darte a conocer, hacer que los clientes se acuerden de ti y mostrar los datos de contacto de tu negocio.<\/p>\n<p>Conf\u00eda en MadeIn Creativos para tus tarjetas de presentaci\u00f3n tradicionales, dale importancia a tu primera impresi\u00f3n.<\/p>\n<h2>Trabajamos desde el boceto en papel al ordenador<\/h2>\n<p>Para la creaci\u00f3n de un dise\u00f1o de tarjetas comenzando con simples bosquejos en un folio, creando varias versiones para luego vectorizarlas, darles forma y color a nuestras ideas, as\u00ed al cabo de 48 horas m\u00e1ximo, te presentaremos tu dise\u00f1o, despu\u00e9s de darnos tu feedback retocaremos los \u00faltimos detalles y con tu OK, te mandaremos tu archivo para que lo puedas utilizar en redes sociales, imprimirlo y ense\u00f1arlo a todo el mundo.<\/p>\n<h2>\u00bfQu\u00e9 escribir en las tarjetas de visita? Informaci\u00f3n esencial<\/h2>\n<p>Debemos incluir tu informaci\u00f3n esencial en tus tarjetas de visita personalizadas:<\/p>\n<ul>\n<li>Expl\u00edcanos el sector de tu empresa<\/li>\n<li>Preferencias de colores<\/li>\n<li>Una imagen de tu logotipo<\/li>\n<li>Nombre y apellidos<\/li>\n<li>Puesto en la empresa<\/li>\n<li>Datos de contacto<\/li>\n<li>Direcci\u00f3n de tu empresa<\/li>\n<\/ul>\n<h2>Para cualquier informaci\u00f3n, cuenta con nosotros !!<\/h2>","protected":false},"excerpt":{"rendered":"<ul>\n<li><strong>Business cards<\/strong>: se trata de la herramienta de comunicaci\u00f3n tradicional que utilizan los profesionales para pasarse sus datos de contacto.<\/li>\n<\/ul>","protected":false},"featured_media":3071,"comment_status":"open","ping_status":"closed","template":"","meta":{"_et_pb_use_builder":"","_et_pb_old_content":"","_et_gb_content_width":""},"product_brand":[],"product_cat":[20],"product_tag":[58,63],"class_list":{"0":"post-2828","1":"product","2":"type-product","3":"status-publish","4":"has-post-thumbnail","6":"product_cat-servicios-de-diseno","7":"product_tag-diseno","8":"product_tag-tarjetas","10":"first","11":"instock","12":"taxable","13":"shipping-taxable","14":"purchasable","15":"product-type-simple"},"yoast_head":"<!-- This site is optimized with the Yoast SEO plugin v27.5 - https:\/\/yoast.com\/product\/yoast-seo-wordpress\/ -->\n<title>Dise\u00f1o tarjeta de visita &#187; MadeIn Creativos<\/title>\n<meta name=\"robots\" content=\"index, follow, max-snippet:-1, max-image-preview:large, max-video-preview:-1\" \/>\n<link rel=\"canonical\" href=\"https:\/\/madeincreativos.com\/en\/product\/diseno-tarjeta-de-visita\/\" \/>\n<meta property=\"og:locale\" content=\"en_GB\" \/>\n<meta property=\"og:type\" content=\"article\" \/>\n<meta property=\"og:title\" content=\"Dise\u00f1o tarjeta de visita &#187; MadeIn Creativos\" \/>\n<meta property=\"og:description\" content=\"Tarjetas de visita: se trata de la herramienta de comunicaci\u00f3n tradicional que utilizan los profesionales para pasarse sus datos de contacto.\" \/>\n<meta property=\"og:url\" content=\"https:\/\/madeincreativos.com\/en\/product\/diseno-tarjeta-de-visita\/\" \/>\n<meta property=\"og:site_name\" content=\"MadeIn Creativos\" \/>\n<meta property=\"article:publisher\" content=\"https:\/\/www.facebook.com\/madeincreativos\" \/>\n<meta property=\"article:modified_time\" content=\"2022-03-28T10:52:04+00:00\" \/>\n<meta property=\"og:image\" content=\"https:\/\/madeincreativos.com\/wp-content\/uploads\/2021\/07\/Diseno-tarjeta-de-visita.png\" \/>\n\t<meta property=\"og:image:width\" content=\"504\" \/>\n\t<meta property=\"og:image:height\" content=\"502\" \/>\n\t<meta property=\"og:image:type\" content=\"image\/png\" \/>\n<meta name=\"twitter:card\" content=\"summary_large_image\" \/>\n<meta name=\"twitter:label1\" content=\"Estimated reading time\" \/>\n\t<meta name=\"twitter:data1\" content=\"1 minute\" \/>\n<script type=\"application\/ld+json\" class=\"yoast-schema-graph\">{\"@context\":\"https:\\\/\\\/schema.org\",\"@graph\":[{\"@type\":\"WebPage\",\"@id\":\"https:\\\/\\\/madeincreativos.com\\\/producto\\\/diseno-tarjeta-de-visita\\\/\",\"url\":\"https:\\\/\\\/madeincreativos.com\\\/producto\\\/diseno-tarjeta-de-visita\\\/\",\"name\":\"Dise\u00f1o tarjeta de visita &#187; MadeIn Creativos\",\"isPartOf\":{\"@id\":\"https:\\\/\\\/madeincreativos.com\\\/#website\"},\"primaryImageOfPage\":{\"@id\":\"https:\\\/\\\/madeincreativos.com\\\/producto\\\/diseno-tarjeta-de-visita\\\/#primaryimage\"},\"image\":{\"@id\":\"https:\\\/\\\/madeincreativos.com\\\/producto\\\/diseno-tarjeta-de-visita\\\/#primaryimage\"},\"thumbnailUrl\":\"https:\\\/\\\/madeincreativos.com\\\/wp-content\\\/uploads\\\/2021\\\/07\\\/Diseno-tarjeta-de-visita.png\",\"datePublished\":\"2021-07-10T19:27:30+00:00\",\"dateModified\":\"2022-03-28T10:52:04+00:00\",\"breadcrumb\":{\"@id\":\"https:\\\/\\\/madeincreativos.com\\\/producto\\\/diseno-tarjeta-de-visita\\\/#breadcrumb\"},\"inLanguage\":\"en-GB\",\"potentialAction\":[{\"@type\":\"ReadAction\",\"target\":[\"https:\\\/\\\/madeincreativos.com\\\/producto\\\/diseno-tarjeta-de-visita\\\/\"]}]},{\"@type\":\"ImageObject\",\"inLanguage\":\"en-GB\",\"@id\":\"https:\\\/\\\/madeincreativos.com\\\/producto\\\/diseno-tarjeta-de-visita\\\/#primaryimage\",\"url\":\"https:\\\/\\\/madeincreativos.com\\\/wp-content\\\/uploads\\\/2021\\\/07\\\/Diseno-tarjeta-de-visita.png\",\"contentUrl\":\"https:\\\/\\\/madeincreativos.com\\\/wp-content\\\/uploads\\\/2021\\\/07\\\/Diseno-tarjeta-de-visita.png\",\"width\":504,\"height\":502,\"caption\":\"Dise\u00f1o-tarjeta-de-visita\"},{\"@type\":\"BreadcrumbList\",\"@id\":\"https:\\\/\\\/madeincreativos.com\\\/producto\\\/diseno-tarjeta-de-visita\\\/#breadcrumb\",\"itemListElement\":[{\"@type\":\"ListItem\",\"position\":1,\"name\":\"Portada\",\"item\":\"https:\\\/\\\/madeincreativos.com\\\/\"},{\"@type\":\"ListItem\",\"position\":2,\"name\":\"Productos\",\"item\":\"https:\\\/\\\/madeincreativos.com\\\/shop\\\/\"},{\"@type\":\"ListItem\",\"position\":3,\"name\":\"Dise\u00f1o tarjeta de visita\"}]},{\"@type\":\"WebSite\",\"@id\":\"https:\\\/\\\/madeincreativos.com\\\/#website\",\"url\":\"https:\\\/\\\/madeincreativos.com\\\/\",\"name\":\"MadeIn Creativos\",\"description\":\"Imprenta y r\u00f3tulos en Ibiza\",\"publisher\":{\"@id\":\"https:\\\/\\\/madeincreativos.com\\\/#organization\"},\"potentialAction\":[{\"@type\":\"SearchAction\",\"target\":{\"@type\":\"EntryPoint\",\"urlTemplate\":\"https:\\\/\\\/madeincreativos.com\\\/?s={search_term_string}\"},\"query-input\":{\"@type\":\"PropertyValueSpecification\",\"valueRequired\":true,\"valueName\":\"search_term_string\"}}],\"inLanguage\":\"en-GB\"},{\"@type\":\"Organization\",\"@id\":\"https:\\\/\\\/madeincreativos.com\\\/#organization\",\"name\":\"MadeIn Creativos\",\"url\":\"https:\\\/\\\/madeincreativos.com\\\/\",\"logo\":{\"@type\":\"ImageObject\",\"inLanguage\":\"en-GB\",\"@id\":\"https:\\\/\\\/madeincreativos.com\\\/#\\\/schema\\\/logo\\\/image\\\/\",\"url\":\"https:\\\/\\\/madeincreativos.com\\\/wp-content\\\/uploads\\\/2021\\\/10\\\/05.png\",\"contentUrl\":\"https:\\\/\\\/madeincreativos.com\\\/wp-content\\\/uploads\\\/2021\\\/10\\\/05.png\",\"width\":444,\"height\":453,\"caption\":\"MadeIn Creativos\"},\"image\":{\"@id\":\"https:\\\/\\\/madeincreativos.com\\\/#\\\/schema\\\/logo\\\/image\\\/\"},\"sameAs\":[\"https:\\\/\\\/www.facebook.com\\\/madeincreativos\",\"https:\\\/\\\/www.instagram.com\\\/madeincreativos\\\/\"]}]}<\/script>\n<!-- \/ Yoast SEO plugin. -->","yoast_head_json":{"title":"Dise\u00f1o tarjeta de visita &#187; MadeIn Creativos","robots":{"index":"index","follow":"follow","max-snippet":"max-snippet:-1","max-image-preview":"max-image-preview:large","max-video-preview":"max-video-preview:-1"},"canonical":"https:\/\/madeincreativos.com\/en\/product\/diseno-tarjeta-de-visita\/","og_locale":"en_GB","og_type":"article","og_title":"Dise\u00f1o tarjeta de visita &#187; MadeIn Creativos","og_description":"Tarjetas de visita: se trata de la herramienta de comunicaci\u00f3n tradicional que utilizan los profesionales para pasarse sus datos de contacto.","og_url":"https:\/\/madeincreativos.com\/en\/product\/diseno-tarjeta-de-visita\/","og_site_name":"MadeIn Creativos","article_publisher":"https:\/\/www.facebook.com\/madeincreativos","article_modified_time":"2022-03-28T10:52:04+00:00","og_image":[{"width":504,"height":502,"url":"https:\/\/madeincreativos.com\/wp-content\/uploads\/2021\/07\/Diseno-tarjeta-de-visita.png","type":"image\/png"}],"twitter_card":"summary_large_image","twitter_misc":{"Estimated reading time":"1 minute"},"schema":{"@context":"https:\/\/schema.org","@graph":[{"@type":"WebPage","@id":"https:\/\/madeincreativos.com\/producto\/diseno-tarjeta-de-visita\/","url":"https:\/\/madeincreativos.com\/producto\/diseno-tarjeta-de-visita\/","name":"Dise\u00f1o tarjeta de visita &#187; MadeIn Creativos","isPartOf":{"@id":"https:\/\/madeincreativos.com\/#website"},"primaryImageOfPage":{"@id":"https:\/\/madeincreativos.com\/producto\/diseno-tarjeta-de-visita\/#primaryimage"},"image":{"@id":"https:\/\/madeincreativos.com\/producto\/diseno-tarjeta-de-visita\/#primaryimage"},"thumbnailUrl":"https:\/\/madeincreativos.com\/wp-content\/uploads\/2021\/07\/Diseno-tarjeta-de-visita.png","datePublished":"2021-07-10T19:27:30+00:00","dateModified":"2022-03-28T10:52:04+00:00","breadcrumb":{"@id":"https:\/\/madeincreativos.com\/producto\/diseno-tarjeta-de-visita\/#breadcrumb"},"inLanguage":"en-GB","potentialAction":[{"@type":"ReadAction","target":["https:\/\/madeincreativos.com\/producto\/diseno-tarjeta-de-visita\/"]}]},{"@type":"ImageObject","inLanguage":"en-GB","@id":"https:\/\/madeincreativos.com\/producto\/diseno-tarjeta-de-visita\/#primaryimage","url":"https:\/\/madeincreativos.com\/wp-content\/uploads\/2021\/07\/Diseno-tarjeta-de-visita.png","contentUrl":"https:\/\/madeincreativos.com\/wp-content\/uploads\/2021\/07\/Diseno-tarjeta-de-visita.png","width":504,"height":502,"caption":"Dise\u00f1o-tarjeta-de-visita"},{"@type":"BreadcrumbList","@id":"https:\/\/madeincreativos.com\/producto\/diseno-tarjeta-de-visita\/#breadcrumb","itemListElement":[{"@type":"ListItem","position":1,"name":"Portada","item":"https:\/\/madeincreativos.com\/"},{"@type":"ListItem","position":2,"name":"Productos","item":"https:\/\/madeincreativos.com\/shop\/"},{"@type":"ListItem","position":3,"name":"Dise\u00f1o tarjeta de visita"}]},{"@type":"WebSite","@id":"https:\/\/madeincreativos.com\/#website","url":"https:\/\/madeincreativos.com\/","name":"MadeIn Creativos","description":"Imprenta y r\u00f3tulos en Ibiza","publisher":{"@id":"https:\/\/madeincreativos.com\/#organization"},"potentialAction":[{"@type":"SearchAction","target":{"@type":"EntryPoint","urlTemplate":"https:\/\/madeincreativos.com\/?s={search_term_string}"},"query-input":{"@type":"PropertyValueSpecification","valueRequired":true,"valueName":"search_term_string"}}],"inLanguage":"en-GB"},{"@type":"Organization","@id":"https:\/\/madeincreativos.com\/#organization","name":"MadeIn Creativos","url":"https:\/\/madeincreativos.com\/","logo":{"@type":"ImageObject","inLanguage":"en-GB","@id":"https:\/\/madeincreativos.com\/#\/schema\/logo\/image\/","url":"https:\/\/madeincreativos.com\/wp-content\/uploads\/2021\/10\/05.png","contentUrl":"https:\/\/madeincreativos.com\/wp-content\/uploads\/2021\/10\/05.png","width":444,"height":453,"caption":"MadeIn Creativos"},"image":{"@id":"https:\/\/madeincreativos.com\/#\/schema\/logo\/image\/"},"sameAs":["https:\/\/www.facebook.com\/madeincreativos","https:\/\/www.instagram.com\/madeincreativos\/"]}]}},"_links":{"self":[{"href":"https:\/\/madeincreativos.com\/en\/wp-json\/wp\/v2\/product\/2828","targetHints":{"allow":["GET"]}}],"collection":[{"href":"https:\/\/madeincreativos.com\/en\/wp-json\/wp\/v2\/product"}],"about":[{"href":"https:\/\/madeincreativos.com\/en\/wp-json\/wp\/v2\/types\/product"}],"replies":[{"embeddable":true,"href":"https:\/\/madeincreativos.com\/en\/wp-json\/wp\/v2\/comments?post=2828"}],"wp:featuredmedia":[{"embeddable":true,"href":"https:\/\/madeincreativos.com\/en\/wp-json\/wp\/v2\/media\/3071"}],"wp:attachment":[{"href":"https:\/\/madeincreativos.com\/en\/wp-json\/wp\/v2\/media?parent=2828"}],"wp:term":[{"taxonomy":"product_brand","embeddable":true,"href":"https:\/\/madeincreativos.com\/en\/wp-json\/wp\/v2\/product_brand?post=2828"},{"taxonomy":"product_cat","embeddable":true,"href":"https:\/\/madeincreativos.com\/en\/wp-json\/wp\/v2\/product_cat?post=2828"},{"taxonomy":"product_tag","embeddable":true,"href":"https:\/\/madeincreativos.com\/en\/wp-json\/wp\/v2\/product_tag?post=2828"}],"curies":[{"name":"wp","href":"https:\/\/api.w.org\/{rel}","templated":true}]}}