{"id":2822,"date":"2021-07-09T17:40:12","date_gmt":"2021-07-09T17:40:12","guid":{"rendered":"https:\/\/madeincreativos.com\/?post_type=product&#038;p=2822"},"modified":"2022-03-28T14:41:26","modified_gmt":"2022-03-28T14:41:26","slug":"diseno-de-logotipo-start","status":"publish","type":"product","link":"https:\/\/madeincreativos.com\/en\/product\/diseno-de-logotipo-start\/","title":{"rendered":"Imagen Corporativa"},"content":{"rendered":"<p>La imagen de tu empresa, lo primero que ve el cliente es tu logotipo.<\/p>\n<p>Un logotipo es una representaci\u00f3n gr\u00e1fica que define de forma sencilla la identidad de una marca de empresa.<\/p>\n<p>Tu logotipo tiene que ser memorable, diferenciador y f\u00e1cil de reproducir. Por ello, su sencillez es solo aparente y en realidad, su elaboraci\u00f3n requiere de un excelente manejo t\u00e9cnico de dise\u00f1o gr\u00e1fico y de un estudio a fondo de las caracter\u00edsticas de la marca.<\/p>\n<p>Para la creaci\u00f3n de tu logotipo comenzaremos con un an\u00e1lisis de la empresa, de la clientela o de las competencias y con el establecimiento de los objetivos comunicativos, es decir, del mensaje que se quiere transmitir. Aunque su precio puede oscilar enormemente seg\u00fan la complejidad que tenga, por lo que puede ir de 150 \u20ac hasta 500 \u20ac, seg\u00fan el caso, este estudio lo incluimos dentro del servicio contratado, con la idea de conocerte mejor y darte el mejor servicio.<\/p>\n<p>La tarifa adem\u00e1s incluye dos propuestas iniciales, y la revisi\u00f3n de estas propuestas, por supuesto al finalizar haremos entrega de los archivos finales, es decir, del logotipo en varios formatos para poder ser reproducido y usado tanto digitalmente como impreso. Cuando todo finalice el logotipo es tuyo, para su uso y explotaci\u00f3n.<\/p>\n<p>&nbsp;<\/p>\n<p style=\"text-align: center;\"><strong>Pasos para la creaci\u00f3n de tu imagen corporativa<\/strong><\/p>\n<p><strong>Primero:\u00a0<\/strong><\/p>\n<p>Despu\u00e9s de rellenar un peque\u00f1o formulario, creamos los primeros bocetos, planteando ideas acorde al producto y al cliente.<\/p>\n<p>De esta lluvia de ideas sacaremos el modelo final a desarrollar.<\/p>\n<p><strong>Segundo:<\/strong><\/p>\n<p>Cuando el cliente ha decidido el camino que tomar,\u00a0\u00a0desarrollamos el modelo definitivo, definiendo tipograf\u00edas, colores y tama\u00f1os, para terminar vectorizando este logotipo.<\/p>\n<p><strong>Tercero:<\/strong><\/p>\n<p>Con la vectorizaci\u00f3n, creamos la adaptabilidad del logotipo final dise\u00f1ado, para que puedan ser utilizados en diferentes escenarios, tarjetas de visita, internet, impresi\u00f3n para r\u00f3tulos\u2026<\/p>\n<p><strong>Cuarto:<\/strong><\/p>\n<p>Para terminar te entregaremos el modelo final en formato .PDF y .JPG.<\/p>","protected":false},"excerpt":{"rendered":"<p>El logotipo es la imagen de tu empresa, es lo primero que ve el cliente cuando te busca como empresa y por lo tanto tiene que definirte.<\/p>\n<p>Un buen logotipo te ayudar\u00e1 a crecer y a darte a conocer en tu sector, mejorando la comunicaci\u00f3n con tus clientes y atray\u00e9ndoles a futuras ventas.<\/p>","protected":false},"featured_media":3067,"comment_status":"open","ping_status":"closed","template":"","meta":{"_et_pb_use_builder":"","_et_pb_old_content":"","_et_gb_content_width":""},"product_brand":[],"product_cat":[20],"product_tag":[58,62,60],"class_list":{"0":"post-2822","1":"product","2":"type-product","3":"status-publish","4":"has-post-thumbnail","6":"product_cat-servicios-de-diseno","7":"product_tag-diseno","8":"product_tag-imagen-corporativa","9":"product_tag-publicidad","11":"first","12":"instock","13":"taxable","14":"shipping-taxable","15":"purchasable","16":"product-type-simple"},"yoast_head":"<!-- This site is optimized with the Yoast SEO plugin v27.5 - https:\/\/yoast.com\/product\/yoast-seo-wordpress\/ -->\n<title>Imagen Corporativa &#187; MadeIn Creativos<\/title>\n<meta name=\"robots\" content=\"index, follow, max-snippet:-1, max-image-preview:large, max-video-preview:-1\" \/>\n<link rel=\"canonical\" href=\"https:\/\/madeincreativos.com\/en\/product\/diseno-de-logotipo-start\/\" \/>\n<meta property=\"og:locale\" content=\"en_GB\" \/>\n<meta property=\"og:type\" content=\"article\" \/>\n<meta property=\"og:title\" content=\"Imagen Corporativa &#187; MadeIn Creativos\" \/>\n<meta property=\"og:description\" content=\"El logotipo es la imagen de tu empresa, es lo primero que ve el cliente cuando te busca como empresa y por lo tanto tiene que definirte.  Un buen logotipo te ayudar\u00e1 a crecer y a darte a conocer en tu sector, mejorando la comunicaci\u00f3n con tus clientes y atray\u00e9ndoles a futuras ventas.\" \/>\n<meta property=\"og:url\" content=\"https:\/\/madeincreativos.com\/en\/product\/diseno-de-logotipo-start\/\" \/>\n<meta property=\"og:site_name\" content=\"MadeIn Creativos\" \/>\n<meta property=\"article:publisher\" content=\"https:\/\/www.facebook.com\/madeincreativos\" \/>\n<meta property=\"article:modified_time\" content=\"2022-03-28T14:41:26+00:00\" \/>\n<meta property=\"og:image\" content=\"https:\/\/madeincreativos.com\/wp-content\/uploads\/2021\/07\/Diseno-logotipos.png\" \/>\n\t<meta property=\"og:image:width\" content=\"504\" \/>\n\t<meta property=\"og:image:height\" content=\"502\" \/>\n\t<meta property=\"og:image:type\" content=\"image\/png\" \/>\n<meta name=\"twitter:card\" content=\"summary_large_image\" \/>\n<meta name=\"twitter:label1\" content=\"Estimated reading time\" \/>\n\t<meta name=\"twitter:data1\" content=\"2 minutes\" \/>\n<script type=\"application\/ld+json\" class=\"yoast-schema-graph\">{\"@context\":\"https:\\\/\\\/schema.org\",\"@graph\":[{\"@type\":\"WebPage\",\"@id\":\"https:\\\/\\\/madeincreativos.com\\\/producto\\\/diseno-de-logotipo-start\\\/\",\"url\":\"https:\\\/\\\/madeincreativos.com\\\/producto\\\/diseno-de-logotipo-start\\\/\",\"name\":\"Imagen Corporativa &#187; MadeIn Creativos\",\"isPartOf\":{\"@id\":\"https:\\\/\\\/madeincreativos.com\\\/#website\"},\"primaryImageOfPage\":{\"@id\":\"https:\\\/\\\/madeincreativos.com\\\/producto\\\/diseno-de-logotipo-start\\\/#primaryimage\"},\"image\":{\"@id\":\"https:\\\/\\\/madeincreativos.com\\\/producto\\\/diseno-de-logotipo-start\\\/#primaryimage\"},\"thumbnailUrl\":\"https:\\\/\\\/madeincreativos.com\\\/wp-content\\\/uploads\\\/2021\\\/07\\\/Diseno-logotipos.png\",\"datePublished\":\"2021-07-09T17:40:12+00:00\",\"dateModified\":\"2022-03-28T14:41:26+00:00\",\"breadcrumb\":{\"@id\":\"https:\\\/\\\/madeincreativos.com\\\/producto\\\/diseno-de-logotipo-start\\\/#breadcrumb\"},\"inLanguage\":\"en-GB\",\"potentialAction\":[{\"@type\":\"ReadAction\",\"target\":[\"https:\\\/\\\/madeincreativos.com\\\/producto\\\/diseno-de-logotipo-start\\\/\"]}]},{\"@type\":\"ImageObject\",\"inLanguage\":\"en-GB\",\"@id\":\"https:\\\/\\\/madeincreativos.com\\\/producto\\\/diseno-de-logotipo-start\\\/#primaryimage\",\"url\":\"https:\\\/\\\/madeincreativos.com\\\/wp-content\\\/uploads\\\/2021\\\/07\\\/Diseno-logotipos.png\",\"contentUrl\":\"https:\\\/\\\/madeincreativos.com\\\/wp-content\\\/uploads\\\/2021\\\/07\\\/Diseno-logotipos.png\",\"width\":504,\"height\":502,\"caption\":\"Dise\u00f1o-logotipos\"},{\"@type\":\"BreadcrumbList\",\"@id\":\"https:\\\/\\\/madeincreativos.com\\\/producto\\\/diseno-de-logotipo-start\\\/#breadcrumb\",\"itemListElement\":[{\"@type\":\"ListItem\",\"position\":1,\"name\":\"Portada\",\"item\":\"https:\\\/\\\/madeincreativos.com\\\/\"},{\"@type\":\"ListItem\",\"position\":2,\"name\":\"Productos\",\"item\":\"https:\\\/\\\/madeincreativos.com\\\/shop\\\/\"},{\"@type\":\"ListItem\",\"position\":3,\"name\":\"Imagen Corporativa\"}]},{\"@type\":\"WebSite\",\"@id\":\"https:\\\/\\\/madeincreativos.com\\\/#website\",\"url\":\"https:\\\/\\\/madeincreativos.com\\\/\",\"name\":\"MadeIn Creativos\",\"description\":\"Imprenta y r\u00f3tulos en Ibiza\",\"publisher\":{\"@id\":\"https:\\\/\\\/madeincreativos.com\\\/#organization\"},\"potentialAction\":[{\"@type\":\"SearchAction\",\"target\":{\"@type\":\"EntryPoint\",\"urlTemplate\":\"https:\\\/\\\/madeincreativos.com\\\/?s={search_term_string}\"},\"query-input\":{\"@type\":\"PropertyValueSpecification\",\"valueRequired\":true,\"valueName\":\"search_term_string\"}}],\"inLanguage\":\"en-GB\"},{\"@type\":\"Organization\",\"@id\":\"https:\\\/\\\/madeincreativos.com\\\/#organization\",\"name\":\"MadeIn Creativos\",\"url\":\"https:\\\/\\\/madeincreativos.com\\\/\",\"logo\":{\"@type\":\"ImageObject\",\"inLanguage\":\"en-GB\",\"@id\":\"https:\\\/\\\/madeincreativos.com\\\/#\\\/schema\\\/logo\\\/image\\\/\",\"url\":\"https:\\\/\\\/madeincreativos.com\\\/wp-content\\\/uploads\\\/2021\\\/10\\\/05.png\",\"contentUrl\":\"https:\\\/\\\/madeincreativos.com\\\/wp-content\\\/uploads\\\/2021\\\/10\\\/05.png\",\"width\":444,\"height\":453,\"caption\":\"MadeIn Creativos\"},\"image\":{\"@id\":\"https:\\\/\\\/madeincreativos.com\\\/#\\\/schema\\\/logo\\\/image\\\/\"},\"sameAs\":[\"https:\\\/\\\/www.facebook.com\\\/madeincreativos\",\"https:\\\/\\\/www.instagram.com\\\/madeincreativos\\\/\"]}]}<\/script>\n<!-- \/ Yoast SEO plugin. -->","yoast_head_json":{"title":"Imagen Corporativa &#187; MadeIn Creativos","robots":{"index":"index","follow":"follow","max-snippet":"max-snippet:-1","max-image-preview":"max-image-preview:large","max-video-preview":"max-video-preview:-1"},"canonical":"https:\/\/madeincreativos.com\/en\/product\/diseno-de-logotipo-start\/","og_locale":"en_GB","og_type":"article","og_title":"Imagen Corporativa &#187; MadeIn Creativos","og_description":"El logotipo es la imagen de tu empresa, es lo primero que ve el cliente cuando te busca como empresa y por lo tanto tiene que definirte.  Un buen logotipo te ayudar\u00e1 a crecer y a darte a conocer en tu sector, mejorando la comunicaci\u00f3n con tus clientes y atray\u00e9ndoles a futuras ventas.","og_url":"https:\/\/madeincreativos.com\/en\/product\/diseno-de-logotipo-start\/","og_site_name":"MadeIn Creativos","article_publisher":"https:\/\/www.facebook.com\/madeincreativos","article_modified_time":"2022-03-28T14:41:26+00:00","og_image":[{"width":504,"height":502,"url":"https:\/\/madeincreativos.com\/wp-content\/uploads\/2021\/07\/Diseno-logotipos.png","type":"image\/png"}],"twitter_card":"summary_large_image","twitter_misc":{"Estimated reading time":"2 minutes"},"schema":{"@context":"https:\/\/schema.org","@graph":[{"@type":"WebPage","@id":"https:\/\/madeincreativos.com\/producto\/diseno-de-logotipo-start\/","url":"https:\/\/madeincreativos.com\/producto\/diseno-de-logotipo-start\/","name":"Imagen Corporativa &#187; MadeIn Creativos","isPartOf":{"@id":"https:\/\/madeincreativos.com\/#website"},"primaryImageOfPage":{"@id":"https:\/\/madeincreativos.com\/producto\/diseno-de-logotipo-start\/#primaryimage"},"image":{"@id":"https:\/\/madeincreativos.com\/producto\/diseno-de-logotipo-start\/#primaryimage"},"thumbnailUrl":"https:\/\/madeincreativos.com\/wp-content\/uploads\/2021\/07\/Diseno-logotipos.png","datePublished":"2021-07-09T17:40:12+00:00","dateModified":"2022-03-28T14:41:26+00:00","breadcrumb":{"@id":"https:\/\/madeincreativos.com\/producto\/diseno-de-logotipo-start\/#breadcrumb"},"inLanguage":"en-GB","potentialAction":[{"@type":"ReadAction","target":["https:\/\/madeincreativos.com\/producto\/diseno-de-logotipo-start\/"]}]},{"@type":"ImageObject","inLanguage":"en-GB","@id":"https:\/\/madeincreativos.com\/producto\/diseno-de-logotipo-start\/#primaryimage","url":"https:\/\/madeincreativos.com\/wp-content\/uploads\/2021\/07\/Diseno-logotipos.png","contentUrl":"https:\/\/madeincreativos.com\/wp-content\/uploads\/2021\/07\/Diseno-logotipos.png","width":504,"height":502,"caption":"Dise\u00f1o-logotipos"},{"@type":"BreadcrumbList","@id":"https:\/\/madeincreativos.com\/producto\/diseno-de-logotipo-start\/#breadcrumb","itemListElement":[{"@type":"ListItem","position":1,"name":"Portada","item":"https:\/\/madeincreativos.com\/"},{"@type":"ListItem","position":2,"name":"Productos","item":"https:\/\/madeincreativos.com\/shop\/"},{"@type":"ListItem","position":3,"name":"Imagen Corporativa"}]},{"@type":"WebSite","@id":"https:\/\/madeincreativos.com\/#website","url":"https:\/\/madeincreativos.com\/","name":"MadeIn Creativos","description":"Imprenta y r\u00f3tulos en Ibiza","publisher":{"@id":"https:\/\/madeincreativos.com\/#organization"},"potentialAction":[{"@type":"SearchAction","target":{"@type":"EntryPoint","urlTemplate":"https:\/\/madeincreativos.com\/?s={search_term_string}"},"query-input":{"@type":"PropertyValueSpecification","valueRequired":true,"valueName":"search_term_string"}}],"inLanguage":"en-GB"},{"@type":"Organization","@id":"https:\/\/madeincreativos.com\/#organization","name":"MadeIn Creativos","url":"https:\/\/madeincreativos.com\/","logo":{"@type":"ImageObject","inLanguage":"en-GB","@id":"https:\/\/madeincreativos.com\/#\/schema\/logo\/image\/","url":"https:\/\/madeincreativos.com\/wp-content\/uploads\/2021\/10\/05.png","contentUrl":"https:\/\/madeincreativos.com\/wp-content\/uploads\/2021\/10\/05.png","width":444,"height":453,"caption":"MadeIn Creativos"},"image":{"@id":"https:\/\/madeincreativos.com\/#\/schema\/logo\/image\/"},"sameAs":["https:\/\/www.facebook.com\/madeincreativos","https:\/\/www.instagram.com\/madeincreativos\/"]}]}},"_links":{"self":[{"href":"https:\/\/madeincreativos.com\/en\/wp-json\/wp\/v2\/product\/2822","targetHints":{"allow":["GET"]}}],"collection":[{"href":"https:\/\/madeincreativos.com\/en\/wp-json\/wp\/v2\/product"}],"about":[{"href":"https:\/\/madeincreativos.com\/en\/wp-json\/wp\/v2\/types\/product"}],"replies":[{"embeddable":true,"href":"https:\/\/madeincreativos.com\/en\/wp-json\/wp\/v2\/comments?post=2822"}],"wp:featuredmedia":[{"embeddable":true,"href":"https:\/\/madeincreativos.com\/en\/wp-json\/wp\/v2\/media\/3067"}],"wp:attachment":[{"href":"https:\/\/madeincreativos.com\/en\/wp-json\/wp\/v2\/media?parent=2822"}],"wp:term":[{"taxonomy":"product_brand","embeddable":true,"href":"https:\/\/madeincreativos.com\/en\/wp-json\/wp\/v2\/product_brand?post=2822"},{"taxonomy":"product_cat","embeddable":true,"href":"https:\/\/madeincreativos.com\/en\/wp-json\/wp\/v2\/product_cat?post=2822"},{"taxonomy":"product_tag","embeddable":true,"href":"https:\/\/madeincreativos.com\/en\/wp-json\/wp\/v2\/product_tag?post=2822"}],"curies":[{"name":"wp","href":"https:\/\/api.w.org\/{rel}","templated":true}]}}