{"id":129,"date":"2020-07-23T07:15:20","date_gmt":"2020-07-23T07:15:20","guid":{"rendered":"https:\/\/wpthemes.themehunk.com\/topstore\/product\/import-placeholder-for-69\/"},"modified":"2022-03-28T14:40:26","modified_gmt":"2022-03-28T14:40:26","slug":"diseno-folleto","status":"publish","type":"product","link":"https:\/\/madeincreativos.com\/en\/product\/diseno-folleto\/","title":{"rendered":"Dise\u00f1o  Flyer 1 cara"},"content":{"rendered":"<p>La clave del \u00e9xito del flyer est\u00e1 en que son capaces de emitir un mensaje y captar la atenci\u00f3n del p\u00fablico de una manera r\u00e1pida, y sobre todo eficaz.<\/p>\n<p>Los flyers son elementos de comunicaci\u00f3n muy efectivos ya que llegan directamente a las manos de las personas y ellas mismas pueden decidir casi en el acto si les interesa o no lo que est\u00e1n leyendo.<\/p>\n<p>El objetivo de un flyer es llamar la atenci\u00f3n de quien lo lee, es por ello que su dise\u00f1o es algo muy importante ya que debe ser llamativo, el color y el formato son muy importantes a la hora de hacer un buen flyer.<\/p>","protected":false},"excerpt":{"rendered":"<p>La clave del \u00e9xito del flyer est\u00e1 en que son capaces de emitir un mensaje y captar la atenci\u00f3n del p\u00fablico de una manera r\u00e1pida, y sobre todo eficaz.<\/p>\n<p>En MadeIn Creativos dise\u00f1amos Flyers funcionales, podr\u00e1s darle un empuj\u00f3n a tu negocio de una forma f\u00e1cil y econ\u00f3mica por medio de los flyers, no te arrepentir\u00e1s.<\/p>","protected":false},"featured_media":3066,"comment_status":"open","ping_status":"closed","template":"","meta":{"_et_pb_use_builder":"","_et_pb_old_content":"","_et_gb_content_width":""},"product_brand":[],"product_cat":[20],"product_tag":[58,61,60],"class_list":{"0":"post-129","1":"product","2":"type-product","3":"status-publish","4":"has-post-thumbnail","6":"product_cat-servicios-de-diseno","7":"product_tag-diseno","8":"product_tag-flyer","9":"product_tag-publicidad","11":"first","12":"instock","13":"taxable","14":"shipping-taxable","15":"purchasable","16":"product-type-simple"},"yoast_head":"<!-- This site is optimized with the Yoast SEO plugin v27.4 - https:\/\/yoast.com\/product\/yoast-seo-wordpress\/ -->\n<title>Dise\u00f1o Flyer 1 cara &#187; MadeIn Creativos<\/title>\n<meta name=\"robots\" content=\"index, follow, max-snippet:-1, max-image-preview:large, max-video-preview:-1\" \/>\n<link rel=\"canonical\" href=\"https:\/\/madeincreativos.com\/en\/product\/diseno-folleto\/\" \/>\n<meta property=\"og:locale\" content=\"en_GB\" \/>\n<meta property=\"og:type\" content=\"article\" \/>\n<meta property=\"og:title\" content=\"Dise\u00f1o Flyer 1 cara &#187; MadeIn Creativos\" \/>\n<meta property=\"og:description\" content=\"La clave del \u00e9xito del flyer est\u00e1 en que son capaces de emitir un mensaje y captar la atenci\u00f3n del p\u00fablico de una manera r\u00e1pida, y sobre todo eficaz.  En MadeIn Creativos dise\u00f1amos Flyers funcionales, podr\u00e1s darle un empuj\u00f3n a tu negocio de una forma f\u00e1cil y econ\u00f3mica por medio de los flyers, no te arrepentir\u00e1s.\" \/>\n<meta property=\"og:url\" content=\"https:\/\/madeincreativos.com\/en\/product\/diseno-folleto\/\" \/>\n<meta property=\"og:site_name\" content=\"MadeIn Creativos\" \/>\n<meta property=\"article:publisher\" content=\"https:\/\/www.facebook.com\/madeincreativos\" \/>\n<meta property=\"article:modified_time\" content=\"2022-03-28T14:40:26+00:00\" \/>\n<meta property=\"og:image\" content=\"https:\/\/madeincreativos.com\/wp-content\/uploads\/2020\/07\/Diseno-flyer-1-cara.png\" \/>\n\t<meta property=\"og:image:width\" content=\"504\" \/>\n\t<meta property=\"og:image:height\" content=\"502\" \/>\n\t<meta property=\"og:image:type\" content=\"image\/png\" \/>\n<meta name=\"twitter:card\" content=\"summary_large_image\" \/>\n<meta name=\"twitter:label1\" content=\"Estimated reading time\" \/>\n\t<meta name=\"twitter:data1\" content=\"1 minute\" \/>\n<script type=\"application\/ld+json\" class=\"yoast-schema-graph\">{\"@context\":\"https:\\\/\\\/schema.org\",\"@graph\":[{\"@type\":\"WebPage\",\"@id\":\"https:\\\/\\\/madeincreativos.com\\\/producto\\\/diseno-folleto\\\/\",\"url\":\"https:\\\/\\\/madeincreativos.com\\\/producto\\\/diseno-folleto\\\/\",\"name\":\"Dise\u00f1o Flyer 1 cara &#187; MadeIn Creativos\",\"isPartOf\":{\"@id\":\"https:\\\/\\\/madeincreativos.com\\\/#website\"},\"primaryImageOfPage\":{\"@id\":\"https:\\\/\\\/madeincreativos.com\\\/producto\\\/diseno-folleto\\\/#primaryimage\"},\"image\":{\"@id\":\"https:\\\/\\\/madeincreativos.com\\\/producto\\\/diseno-folleto\\\/#primaryimage\"},\"thumbnailUrl\":\"https:\\\/\\\/madeincreativos.com\\\/wp-content\\\/uploads\\\/2020\\\/07\\\/Diseno-flyer-1-cara.png\",\"datePublished\":\"2020-07-23T07:15:20+00:00\",\"dateModified\":\"2022-03-28T14:40:26+00:00\",\"breadcrumb\":{\"@id\":\"https:\\\/\\\/madeincreativos.com\\\/producto\\\/diseno-folleto\\\/#breadcrumb\"},\"inLanguage\":\"en-GB\",\"potentialAction\":[{\"@type\":\"ReadAction\",\"target\":[\"https:\\\/\\\/madeincreativos.com\\\/producto\\\/diseno-folleto\\\/\"]}]},{\"@type\":\"ImageObject\",\"inLanguage\":\"en-GB\",\"@id\":\"https:\\\/\\\/madeincreativos.com\\\/producto\\\/diseno-folleto\\\/#primaryimage\",\"url\":\"https:\\\/\\\/madeincreativos.com\\\/wp-content\\\/uploads\\\/2020\\\/07\\\/Diseno-flyer-1-cara.png\",\"contentUrl\":\"https:\\\/\\\/madeincreativos.com\\\/wp-content\\\/uploads\\\/2020\\\/07\\\/Diseno-flyer-1-cara.png\",\"width\":504,\"height\":502,\"caption\":\"Dise\u00f1o-flyer-1-cara\"},{\"@type\":\"BreadcrumbList\",\"@id\":\"https:\\\/\\\/madeincreativos.com\\\/producto\\\/diseno-folleto\\\/#breadcrumb\",\"itemListElement\":[{\"@type\":\"ListItem\",\"position\":1,\"name\":\"Portada\",\"item\":\"https:\\\/\\\/madeincreativos.com\\\/\"},{\"@type\":\"ListItem\",\"position\":2,\"name\":\"Productos\",\"item\":\"https:\\\/\\\/madeincreativos.com\\\/shop\\\/\"},{\"@type\":\"ListItem\",\"position\":3,\"name\":\"Dise\u00f1o Flyer 1 cara\"}]},{\"@type\":\"WebSite\",\"@id\":\"https:\\\/\\\/madeincreativos.com\\\/#website\",\"url\":\"https:\\\/\\\/madeincreativos.com\\\/\",\"name\":\"MadeIn Creativos\",\"description\":\"Imprenta y r\u00f3tulos en Ibiza\",\"publisher\":{\"@id\":\"https:\\\/\\\/madeincreativos.com\\\/#organization\"},\"potentialAction\":[{\"@type\":\"SearchAction\",\"target\":{\"@type\":\"EntryPoint\",\"urlTemplate\":\"https:\\\/\\\/madeincreativos.com\\\/?s={search_term_string}\"},\"query-input\":{\"@type\":\"PropertyValueSpecification\",\"valueRequired\":true,\"valueName\":\"search_term_string\"}}],\"inLanguage\":\"en-GB\"},{\"@type\":\"Organization\",\"@id\":\"https:\\\/\\\/madeincreativos.com\\\/#organization\",\"name\":\"MadeIn Creativos\",\"url\":\"https:\\\/\\\/madeincreativos.com\\\/\",\"logo\":{\"@type\":\"ImageObject\",\"inLanguage\":\"en-GB\",\"@id\":\"https:\\\/\\\/madeincreativos.com\\\/#\\\/schema\\\/logo\\\/image\\\/\",\"url\":\"https:\\\/\\\/madeincreativos.com\\\/wp-content\\\/uploads\\\/2021\\\/10\\\/05.png\",\"contentUrl\":\"https:\\\/\\\/madeincreativos.com\\\/wp-content\\\/uploads\\\/2021\\\/10\\\/05.png\",\"width\":444,\"height\":453,\"caption\":\"MadeIn Creativos\"},\"image\":{\"@id\":\"https:\\\/\\\/madeincreativos.com\\\/#\\\/schema\\\/logo\\\/image\\\/\"},\"sameAs\":[\"https:\\\/\\\/www.facebook.com\\\/madeincreativos\",\"https:\\\/\\\/www.instagram.com\\\/madeincreativos\\\/\"]}]}<\/script>\n<!-- \/ Yoast SEO plugin. -->","yoast_head_json":{"title":"Dise\u00f1o Flyer 1 cara &#187; MadeIn Creativos","robots":{"index":"index","follow":"follow","max-snippet":"max-snippet:-1","max-image-preview":"max-image-preview:large","max-video-preview":"max-video-preview:-1"},"canonical":"https:\/\/madeincreativos.com\/en\/product\/diseno-folleto\/","og_locale":"en_GB","og_type":"article","og_title":"Dise\u00f1o Flyer 1 cara &#187; MadeIn Creativos","og_description":"La clave del \u00e9xito del flyer est\u00e1 en que son capaces de emitir un mensaje y captar la atenci\u00f3n del p\u00fablico de una manera r\u00e1pida, y sobre todo eficaz.  En MadeIn Creativos dise\u00f1amos Flyers funcionales, podr\u00e1s darle un empuj\u00f3n a tu negocio de una forma f\u00e1cil y econ\u00f3mica por medio de los flyers, no te arrepentir\u00e1s.","og_url":"https:\/\/madeincreativos.com\/en\/product\/diseno-folleto\/","og_site_name":"MadeIn Creativos","article_publisher":"https:\/\/www.facebook.com\/madeincreativos","article_modified_time":"2022-03-28T14:40:26+00:00","og_image":[{"width":504,"height":502,"url":"https:\/\/madeincreativos.com\/wp-content\/uploads\/2020\/07\/Diseno-flyer-1-cara.png","type":"image\/png"}],"twitter_card":"summary_large_image","twitter_misc":{"Estimated reading time":"1 minute"},"schema":{"@context":"https:\/\/schema.org","@graph":[{"@type":"WebPage","@id":"https:\/\/madeincreativos.com\/producto\/diseno-folleto\/","url":"https:\/\/madeincreativos.com\/producto\/diseno-folleto\/","name":"Dise\u00f1o Flyer 1 cara &#187; MadeIn Creativos","isPartOf":{"@id":"https:\/\/madeincreativos.com\/#website"},"primaryImageOfPage":{"@id":"https:\/\/madeincreativos.com\/producto\/diseno-folleto\/#primaryimage"},"image":{"@id":"https:\/\/madeincreativos.com\/producto\/diseno-folleto\/#primaryimage"},"thumbnailUrl":"https:\/\/madeincreativos.com\/wp-content\/uploads\/2020\/07\/Diseno-flyer-1-cara.png","datePublished":"2020-07-23T07:15:20+00:00","dateModified":"2022-03-28T14:40:26+00:00","breadcrumb":{"@id":"https:\/\/madeincreativos.com\/producto\/diseno-folleto\/#breadcrumb"},"inLanguage":"en-GB","potentialAction":[{"@type":"ReadAction","target":["https:\/\/madeincreativos.com\/producto\/diseno-folleto\/"]}]},{"@type":"ImageObject","inLanguage":"en-GB","@id":"https:\/\/madeincreativos.com\/producto\/diseno-folleto\/#primaryimage","url":"https:\/\/madeincreativos.com\/wp-content\/uploads\/2020\/07\/Diseno-flyer-1-cara.png","contentUrl":"https:\/\/madeincreativos.com\/wp-content\/uploads\/2020\/07\/Diseno-flyer-1-cara.png","width":504,"height":502,"caption":"Dise\u00f1o-flyer-1-cara"},{"@type":"BreadcrumbList","@id":"https:\/\/madeincreativos.com\/producto\/diseno-folleto\/#breadcrumb","itemListElement":[{"@type":"ListItem","position":1,"name":"Portada","item":"https:\/\/madeincreativos.com\/"},{"@type":"ListItem","position":2,"name":"Productos","item":"https:\/\/madeincreativos.com\/shop\/"},{"@type":"ListItem","position":3,"name":"Dise\u00f1o Flyer 1 cara"}]},{"@type":"WebSite","@id":"https:\/\/madeincreativos.com\/#website","url":"https:\/\/madeincreativos.com\/","name":"MadeIn Creativos","description":"Imprenta y r\u00f3tulos en Ibiza","publisher":{"@id":"https:\/\/madeincreativos.com\/#organization"},"potentialAction":[{"@type":"SearchAction","target":{"@type":"EntryPoint","urlTemplate":"https:\/\/madeincreativos.com\/?s={search_term_string}"},"query-input":{"@type":"PropertyValueSpecification","valueRequired":true,"valueName":"search_term_string"}}],"inLanguage":"en-GB"},{"@type":"Organization","@id":"https:\/\/madeincreativos.com\/#organization","name":"MadeIn Creativos","url":"https:\/\/madeincreativos.com\/","logo":{"@type":"ImageObject","inLanguage":"en-GB","@id":"https:\/\/madeincreativos.com\/#\/schema\/logo\/image\/","url":"https:\/\/madeincreativos.com\/wp-content\/uploads\/2021\/10\/05.png","contentUrl":"https:\/\/madeincreativos.com\/wp-content\/uploads\/2021\/10\/05.png","width":444,"height":453,"caption":"MadeIn Creativos"},"image":{"@id":"https:\/\/madeincreativos.com\/#\/schema\/logo\/image\/"},"sameAs":["https:\/\/www.facebook.com\/madeincreativos","https:\/\/www.instagram.com\/madeincreativos\/"]}]}},"_links":{"self":[{"href":"https:\/\/madeincreativos.com\/en\/wp-json\/wp\/v2\/product\/129","targetHints":{"allow":["GET"]}}],"collection":[{"href":"https:\/\/madeincreativos.com\/en\/wp-json\/wp\/v2\/product"}],"about":[{"href":"https:\/\/madeincreativos.com\/en\/wp-json\/wp\/v2\/types\/product"}],"replies":[{"embeddable":true,"href":"https:\/\/madeincreativos.com\/en\/wp-json\/wp\/v2\/comments?post=129"}],"wp:featuredmedia":[{"embeddable":true,"href":"https:\/\/madeincreativos.com\/en\/wp-json\/wp\/v2\/media\/3066"}],"wp:attachment":[{"href":"https:\/\/madeincreativos.com\/en\/wp-json\/wp\/v2\/media?parent=129"}],"wp:term":[{"taxonomy":"product_brand","embeddable":true,"href":"https:\/\/madeincreativos.com\/en\/wp-json\/wp\/v2\/product_brand?post=129"},{"taxonomy":"product_cat","embeddable":true,"href":"https:\/\/madeincreativos.com\/en\/wp-json\/wp\/v2\/product_cat?post=129"},{"taxonomy":"product_tag","embeddable":true,"href":"https:\/\/madeincreativos.com\/en\/wp-json\/wp\/v2\/product_tag?post=129"}],"curies":[{"name":"wp","href":"https:\/\/api.w.org\/{rel}","templated":true}]}}