{"id":3124,"date":"2021-09-28T17:27:03","date_gmt":"2021-09-28T17:27:03","guid":{"rendered":"https:\/\/madeincreativos.com\/?page_id=3124"},"modified":"2021-10-11T08:33:36","modified_gmt":"2021-10-11T08:33:36","slug":"terminos-y-condiciones","status":"publish","type":"page","link":"https:\/\/madeincreativos.com\/en\/terminos-y-condiciones\/","title":{"rendered":"T\u00e9rminos y Condiciones"},"content":{"rendered":"<h2 class=\"wp-block-heading\">Condiciones de uso<\/h2>\n\n\n\n<p>El acceso y uso de la Web www.madeincreativos.com (la Web\u00bb) est\u00e1 sujeto a la aceptaci\u00f3n por parte del usuario de las siguientes condiciones (las \u00abCondiciones\u00bb) y de las legislaci\u00f3n aplicables. Al acceder y consultar la Web, el usuario acepta, sin limitaciones ni reservas, las Condiciones que se indican a continuaci\u00f3n. En caso de no aceptarse las Condiciones, se invita al usuario a no utilizar la Web.<\/p>\n\n\n\n<p>La Web es propiedad de Salvador Barca Villanueva. a socio \u00fanico , con domicilio en C\/ Arquebisbe Cardona Riera N\u00ba19, Ibiza, Baleares (07800), N\u00famero de Identificaci\u00f3n Fiscal 047250406B <strong>(\u00abMadeIn Creativos\u00bb)<\/strong>.<\/p>\n\n\n\n<p>La compra de productos a trav\u00e9s de la Web est\u00e1 regulada por los T\u00e9rminos y Condiciones de Venta, de los que se informar\u00e1 al cliente en la fase de compra.<br>Para cualquier cuesti\u00f3n que desee consultar, p\u00f3ngase en contacto con MadeIn Creativos utilizando cualquiera de las opciones de contacto indicadas en el apartado Contacto de la Web.<\/p>\n\n\n\n<h4 class=\"wp-block-heading\">Restricciones de uso de los contenidos y de la informaci\u00f3n publicada en la Web<\/h4>\n\n\n\n<p>Toda la informaci\u00f3n y los contenidos publicados en la Web (la \u00abInformaci\u00f3n\u00bb) est\u00e1n protegidos por derechos de autor u otros derechos de propiedad intelectual y, salvo que se indique lo contrario, no se pueden utilizar (ni parcial ni totalmente), copiar, reproducir, transferir, publicar o difundir de ninguna manera sin el consentimiento previo por escrito de MadeIn Creativos. El usuario podr\u00e1 descargar y\/o imprimir la Informaci\u00f3n exclusivamente para uso personal y con fines no comerciales. En cualquier caso, el usuario no podr\u00e1 difundir, modificar, transmitir, reutilizar, enviar o utilizar la Informaci\u00f3n para fines publicitarios o comerciales sin la autorizaci\u00f3n previa por escrito de MadeIn Creativos. Dicha informaci\u00f3n&nbsp;incluye los textos, im\u00e1genes, contenidos y software presentes en la Web.&nbsp;<br>Las marcas, logotipos y cualquier caracter\u00edstica distintiva que aparezca en la Web son de propiedad de MadeIn Creativos o de sus socios comerciales y no se pueden utilizar de ning\u00fan modo ni a trav\u00e9s de ning\u00fan medio sin el consentimiento previo por escrito de MadeIn Creativos. En particular, la denominaci\u00f3n \u00abMadeIn Creativos\u00bb, as\u00ed como cualquier otra caracter\u00edstica distintiva que incluya la marca \u00abMadeIn Creativos\u00bb, no se podr\u00e1 utilizar de ning\u00fan modo como nombre de dominio ni parte de este en sitios de terceros sin el consentimiento previo por escrito de MadeIn Creativos.<br>En caso de que se detectara cualquier violaci\u00f3n de los derechos de propiedad intelectual, se puede informar al respecto a MadeIn Creativos a trav\u00e9s de la siguiente direcci\u00f3n e-mail: info@madeincreativos.com.<\/p>\n\n\n\n<h4 class=\"wp-block-heading\">Limitaci\u00f3n de responsabilidad<\/h4>\n\n\n\n<p>MadeIn Creativos se esfuerza en publicar Informaci\u00f3n precisa y actualizada en la Web. No obstante, no se ofrece ninguna garant\u00eda de que el uso de la Informaci\u00f3n no viole derechos de terceros, ni que dicha informaci\u00f3n est\u00e9 exenta de errores, sea exacta, completa o est\u00e9 actualizada. MadeIn Creativos no ser\u00e1 responsable en ning\u00fan caso ni en modo alguno de ninguna consecuencia negativa, p\u00e9rdida o da\u00f1o derivados o relacionados con el uso de la Web y de la Informaci\u00f3n.<\/p>\n\n\n\n<h4 class=\"wp-block-heading\">P\u00e1ginas web, v\u00ednculos y contenidos de terceros presentes en la Web<\/h4>\n\n\n\n<p>MadeIn Creativos no puede controlar el contenido de p\u00e1ginas web de terceros ni de p\u00e1ginas externas a las que la Web pueda estar vinculada de alg\u00fan modo y no asume responsabilidad alguna por la informaci\u00f3n o los productos\/materiales que se incluyan en dichos sitios con los que MadeIn Creativos pueda tener alg\u00fan tipo de v\u00ednculo desde su propia Web. La conexi\u00f3n a p\u00e1ginas externas se realizar\u00e1 bajo responsabilidad exclusiva del usuario. La conexi\u00f3n a trav\u00e9s de un v\u00ednculo con otros sitios Web no implica en modo alguno que MadeIn Creativos mantenga relaciones de colaboraci\u00f3n ni de afiliaci\u00f3n con los titulares de dichas p\u00e1ginas web.<\/p>\n\n\n\n<h4 class=\"wp-block-heading\">Informaci\u00f3n enviada por los usuarios<\/h4>\n\n\n\n<p>Cualquier informaci\u00f3n, contenido o material enviado a la Web (incluyendo los archivos subidos, datos, solicitudes, comentarios, sugerencias u otros) se considerar\u00e1 siempre confidencial. El usuario garantiza que exime a MadeIn Creativos de toda responsabilidad por cualquier acci\u00f3n, solicitud o reclamaci\u00f3n presentada por terceros en relaci\u00f3n con el uso de dicho material.<\/p>\n\n\n\n<h4 class=\"wp-block-heading\">Registro de los usuarios<\/h4>\n\n\n\n<p>Si desea adquirir productos ofertados en la Web, el usuario deber\u00e1 registrarse introduciendo sus datos en el formulario de registro correspondiente. El usuario garantiza a MadeIn Creativos que los datos facilitados para el registro se encuentran actualizados y son verdaderos y correctos, y se compromete a comunicar cualquier modificaci\u00f3n de los datos relativos al registro. Dicha comunicaci\u00f3n se realizar\u00e1 a trav\u00e9s de la cuenta personal del usuario. En caso de que MadeIn Creativos piense que la informaci\u00f3n no es correcta o, por cualquier motivo grave, considere justificada dicha medida, podr\u00e1 negar el acceso a la Web y suspender la cuenta del usuario. MadeIn Creativos proceder\u00e1 a comprobar el CIF \/NIF&nbsp;exclusivamente en el caso de usuarios profesionales\/empresas con domicilio en la Uni\u00f3n Europea.<\/p>\n\n\n\n<h4 class=\"wp-block-heading\">Limitaciones adicionales<\/h4>\n\n\n\n<p>S\u00f3lo est\u00e1 permitida la conexi\u00f3n a la p\u00e1gina de inicio de la Web por parte de terceros. En ning\u00fan caso se permitir\u00e1 crear hiperv\u00ednculos o enlaces<em>&nbsp;deep linking<\/em>&nbsp;sin la autorizaci\u00f3n previa por escrito de MadeIn Creativos.&nbsp;<br>No se permite la creaci\u00f3n de&nbsp;<em>framing<\/em>&nbsp;en la Web o de partes de este ni est\u00e1 permitido el uso de cualquier otro medio que pueda hacer creer a los usuarios que el contenido de la Web pueda atribuirse a terceros. Est\u00e1 asimismo prohibido incluir partes de la Web en p\u00e1ginas web de terceros ajenas a MadeIn Creativos.<br>Las solicitudes de conexi\u00f3n a la p\u00e1gina de inicio de la Web o a cualquier otra secci\u00f3n, p\u00e1gina o contenido de esta seber\u00e1n enviarse a la siguiente direcci\u00f3n e-mail: info@madeincreativos.com&nbsp;. MadeIn Creativos podr\u00e1 conceder a su propia discreci\u00f3n la autorizaci\u00f3n para la activaci\u00f3n del v\u00ednculo de la Web de forma gratuita y no exclusiva.<\/p>\n\n\n\n<p><strong>\u00daltima actualizaci\u00f3n:&nbsp;28\/09\/2021.<\/strong><\/p>\n\n\n\n<p>MadeIn Creativos se reserva el derecho a modificar en cualquier momento las Condiciones actuales. El usuario est\u00e1 sometido a dichas modificaciones y, por tanto, ha de consultar peri\u00f3dicamente esta p\u00e1gina para comprobar el contenido de las Condiciones a las que est\u00e1 sujeto.<\/p>","protected":false},"excerpt":{"rendered":"<p>Condiciones de uso El acceso y uso de la Web www.madeincreativos.com (la Web\u00bb) est\u00e1 sujeto a la aceptaci\u00f3n por parte del usuario de las siguientes condiciones (las \u00abCondiciones\u00bb) y de las legislaci\u00f3n aplicables. Al acceder y consultar la Web, el usuario acepta, sin limitaciones ni reservas, las Condiciones que se indican a continuaci\u00f3n. En caso [&hellip;]<\/p>","protected":false},"author":1,"featured_media":0,"parent":0,"menu_order":0,"comment_status":"closed","ping_status":"closed","template":"","meta":{"_et_pb_use_builder":"","_et_pb_old_content":"","_et_gb_content_width":"","footnotes":""},"class_list":["post-3124","page","type-page","status-publish","hentry"],"yoast_head":"<!-- This site is optimized with the Yoast SEO plugin v27.4 - https:\/\/yoast.com\/product\/yoast-seo-wordpress\/ -->\n<title>T\u00e9rminos y Condiciones de MadeIn Creativos<\/title>\n<meta name=\"description\" content=\"T\u00e9rminos y condiciones, condiciones de uso de nuestra web, v\u00ednculos o creaci\u00f3n de equipo con nosotros, adem\u00e1s de como hacer tu registro.\" \/>\n<meta name=\"robots\" content=\"index, follow, max-snippet:-1, max-image-preview:large, max-video-preview:-1\" \/>\n<link rel=\"canonical\" href=\"https:\/\/madeincreativos.com\/en\/terminos-y-condiciones\/\" \/>\n<meta property=\"og:locale\" content=\"en_GB\" \/>\n<meta property=\"og:type\" content=\"article\" \/>\n<meta property=\"og:title\" content=\"T\u00e9rminos y Condiciones de MadeIn Creativos\" \/>\n<meta property=\"og:description\" content=\"T\u00e9rminos y condiciones, condiciones de uso de nuestra web, v\u00ednculos o creaci\u00f3n de equipo con nosotros, adem\u00e1s de como hacer tu registro.\" \/>\n<meta property=\"og:url\" content=\"https:\/\/madeincreativos.com\/en\/terminos-y-condiciones\/\" \/>\n<meta property=\"og:site_name\" content=\"MadeIn Creativos\" \/>\n<meta property=\"article:publisher\" content=\"https:\/\/www.facebook.com\/madeincreativos\" \/>\n<meta property=\"article:modified_time\" content=\"2021-10-11T08:33:36+00:00\" \/>\n<meta property=\"og:image\" content=\"https:\/\/madeincreativos.com\/wp-content\/uploads\/2021\/10\/logotipo-madein.png\" \/>\n\t<meta property=\"og:image:width\" content=\"918\" \/>\n\t<meta property=\"og:image:height\" content=\"342\" \/>\n\t<meta property=\"og:image:type\" content=\"image\/png\" \/>\n<meta name=\"twitter:card\" content=\"summary_large_image\" \/>\n<meta name=\"twitter:label1\" content=\"Estimated reading time\" \/>\n\t<meta name=\"twitter:data1\" content=\"5 minutes\" \/>\n<script type=\"application\/ld+json\" class=\"yoast-schema-graph\">{\"@context\":\"https:\\\/\\\/schema.org\",\"@graph\":[{\"@type\":\"WebPage\",\"@id\":\"https:\\\/\\\/madeincreativos.com\\\/terminos-y-condiciones\\\/\",\"url\":\"https:\\\/\\\/madeincreativos.com\\\/terminos-y-condiciones\\\/\",\"name\":\"T\u00e9rminos y Condiciones de MadeIn Creativos\",\"isPartOf\":{\"@id\":\"https:\\\/\\\/madeincreativos.com\\\/#website\"},\"datePublished\":\"2021-09-28T17:27:03+00:00\",\"dateModified\":\"2021-10-11T08:33:36+00:00\",\"description\":\"T\u00e9rminos y condiciones, condiciones de uso de nuestra web, v\u00ednculos o creaci\u00f3n de equipo con nosotros, adem\u00e1s de como hacer tu registro.\",\"breadcrumb\":{\"@id\":\"https:\\\/\\\/madeincreativos.com\\\/terminos-y-condiciones\\\/#breadcrumb\"},\"inLanguage\":\"en-GB\",\"potentialAction\":[{\"@type\":\"ReadAction\",\"target\":[\"https:\\\/\\\/madeincreativos.com\\\/terminos-y-condiciones\\\/\"]}]},{\"@type\":\"BreadcrumbList\",\"@id\":\"https:\\\/\\\/madeincreativos.com\\\/terminos-y-condiciones\\\/#breadcrumb\",\"itemListElement\":[{\"@type\":\"ListItem\",\"position\":1,\"name\":\"Portada\",\"item\":\"https:\\\/\\\/madeincreativos.com\\\/\"},{\"@type\":\"ListItem\",\"position\":2,\"name\":\"T\u00e9rminos y Condiciones\"}]},{\"@type\":\"WebSite\",\"@id\":\"https:\\\/\\\/madeincreativos.com\\\/#website\",\"url\":\"https:\\\/\\\/madeincreativos.com\\\/\",\"name\":\"MadeIn Creativos\",\"description\":\"Imprenta y r\u00f3tulos en Ibiza\",\"publisher\":{\"@id\":\"https:\\\/\\\/madeincreativos.com\\\/#organization\"},\"potentialAction\":[{\"@type\":\"SearchAction\",\"target\":{\"@type\":\"EntryPoint\",\"urlTemplate\":\"https:\\\/\\\/madeincreativos.com\\\/?s={search_term_string}\"},\"query-input\":{\"@type\":\"PropertyValueSpecification\",\"valueRequired\":true,\"valueName\":\"search_term_string\"}}],\"inLanguage\":\"en-GB\"},{\"@type\":\"Organization\",\"@id\":\"https:\\\/\\\/madeincreativos.com\\\/#organization\",\"name\":\"MadeIn Creativos\",\"url\":\"https:\\\/\\\/madeincreativos.com\\\/\",\"logo\":{\"@type\":\"ImageObject\",\"inLanguage\":\"en-GB\",\"@id\":\"https:\\\/\\\/madeincreativos.com\\\/#\\\/schema\\\/logo\\\/image\\\/\",\"url\":\"https:\\\/\\\/madeincreativos.com\\\/wp-content\\\/uploads\\\/2021\\\/10\\\/05.png\",\"contentUrl\":\"https:\\\/\\\/madeincreativos.com\\\/wp-content\\\/uploads\\\/2021\\\/10\\\/05.png\",\"width\":444,\"height\":453,\"caption\":\"MadeIn Creativos\"},\"image\":{\"@id\":\"https:\\\/\\\/madeincreativos.com\\\/#\\\/schema\\\/logo\\\/image\\\/\"},\"sameAs\":[\"https:\\\/\\\/www.facebook.com\\\/madeincreativos\",\"https:\\\/\\\/www.instagram.com\\\/madeincreativos\\\/\"]}]}<\/script>\n<!-- \/ Yoast SEO plugin. -->","yoast_head_json":{"title":"T\u00e9rminos y Condiciones de MadeIn Creativos","description":"T\u00e9rminos y condiciones, condiciones de uso de nuestra web, v\u00ednculos o creaci\u00f3n de equipo con nosotros, adem\u00e1s de como hacer tu registro.","robots":{"index":"index","follow":"follow","max-snippet":"max-snippet:-1","max-image-preview":"max-image-preview:large","max-video-preview":"max-video-preview:-1"},"canonical":"https:\/\/madeincreativos.com\/en\/terminos-y-condiciones\/","og_locale":"en_GB","og_type":"article","og_title":"T\u00e9rminos y Condiciones de MadeIn Creativos","og_description":"T\u00e9rminos y condiciones, condiciones de uso de nuestra web, v\u00ednculos o creaci\u00f3n de equipo con nosotros, adem\u00e1s de como hacer tu registro.","og_url":"https:\/\/madeincreativos.com\/en\/terminos-y-condiciones\/","og_site_name":"MadeIn Creativos","article_publisher":"https:\/\/www.facebook.com\/madeincreativos","article_modified_time":"2021-10-11T08:33:36+00:00","og_image":[{"width":918,"height":342,"url":"https:\/\/madeincreativos.com\/wp-content\/uploads\/2021\/10\/logotipo-madein.png","type":"image\/png"}],"twitter_card":"summary_large_image","twitter_misc":{"Estimated reading time":"5 minutes"},"schema":{"@context":"https:\/\/schema.org","@graph":[{"@type":"WebPage","@id":"https:\/\/madeincreativos.com\/terminos-y-condiciones\/","url":"https:\/\/madeincreativos.com\/terminos-y-condiciones\/","name":"T\u00e9rminos y Condiciones de MadeIn Creativos","isPartOf":{"@id":"https:\/\/madeincreativos.com\/#website"},"datePublished":"2021-09-28T17:27:03+00:00","dateModified":"2021-10-11T08:33:36+00:00","description":"T\u00e9rminos y condiciones, condiciones de uso de nuestra web, v\u00ednculos o creaci\u00f3n de equipo con nosotros, adem\u00e1s de como hacer tu registro.","breadcrumb":{"@id":"https:\/\/madeincreativos.com\/terminos-y-condiciones\/#breadcrumb"},"inLanguage":"en-GB","potentialAction":[{"@type":"ReadAction","target":["https:\/\/madeincreativos.com\/terminos-y-condiciones\/"]}]},{"@type":"BreadcrumbList","@id":"https:\/\/madeincreativos.com\/terminos-y-condiciones\/#breadcrumb","itemListElement":[{"@type":"ListItem","position":1,"name":"Portada","item":"https:\/\/madeincreativos.com\/"},{"@type":"ListItem","position":2,"name":"T\u00e9rminos y Condiciones"}]},{"@type":"WebSite","@id":"https:\/\/madeincreativos.com\/#website","url":"https:\/\/madeincreativos.com\/","name":"MadeIn Creativos","description":"Imprenta y r\u00f3tulos en Ibiza","publisher":{"@id":"https:\/\/madeincreativos.com\/#organization"},"potentialAction":[{"@type":"SearchAction","target":{"@type":"EntryPoint","urlTemplate":"https:\/\/madeincreativos.com\/?s={search_term_string}"},"query-input":{"@type":"PropertyValueSpecification","valueRequired":true,"valueName":"search_term_string"}}],"inLanguage":"en-GB"},{"@type":"Organization","@id":"https:\/\/madeincreativos.com\/#organization","name":"MadeIn Creativos","url":"https:\/\/madeincreativos.com\/","logo":{"@type":"ImageObject","inLanguage":"en-GB","@id":"https:\/\/madeincreativos.com\/#\/schema\/logo\/image\/","url":"https:\/\/madeincreativos.com\/wp-content\/uploads\/2021\/10\/05.png","contentUrl":"https:\/\/madeincreativos.com\/wp-content\/uploads\/2021\/10\/05.png","width":444,"height":453,"caption":"MadeIn Creativos"},"image":{"@id":"https:\/\/madeincreativos.com\/#\/schema\/logo\/image\/"},"sameAs":["https:\/\/www.facebook.com\/madeincreativos","https:\/\/www.instagram.com\/madeincreativos\/"]}]}},"_links":{"self":[{"href":"https:\/\/madeincreativos.com\/en\/wp-json\/wp\/v2\/pages\/3124","targetHints":{"allow":["GET"]}}],"collection":[{"href":"https:\/\/madeincreativos.com\/en\/wp-json\/wp\/v2\/pages"}],"about":[{"href":"https:\/\/madeincreativos.com\/en\/wp-json\/wp\/v2\/types\/page"}],"author":[{"embeddable":true,"href":"https:\/\/madeincreativos.com\/en\/wp-json\/wp\/v2\/users\/1"}],"replies":[{"embeddable":true,"href":"https:\/\/madeincreativos.com\/en\/wp-json\/wp\/v2\/comments?post=3124"}],"version-history":[{"count":3,"href":"https:\/\/madeincreativos.com\/en\/wp-json\/wp\/v2\/pages\/3124\/revisions"}],"predecessor-version":[{"id":3329,"href":"https:\/\/madeincreativos.com\/en\/wp-json\/wp\/v2\/pages\/3124\/revisions\/3329"}],"wp:attachment":[{"href":"https:\/\/madeincreativos.com\/en\/wp-json\/wp\/v2\/media?parent=3124"}],"curies":[{"name":"wp","href":"https:\/\/api.w.org\/{rel}","templated":true}]}}