{"id":2492,"date":"2021-07-07T15:42:01","date_gmt":"2021-07-07T15:42:01","guid":{"rendered":""},"modified":"2021-10-07T09:05:28","modified_gmt":"2021-10-07T09:05:28","slug":"faq","status":"publish","type":"page","link":"https:\/\/madeincreativos.com\/en\/faq\/","title":{"rendered":"Preguntas Frecuentes"},"content":{"rendered":"[et_pb_section fb_built=&#8221;1&#8243; _builder_version=&#8221;3.22&#8243;][et_pb_row _builder_version=&#8221;4.9.7&#8243; _module_preset=&#8221;default&#8221; custom_margin=&#8221;|auto|-5px|auto||&#8221;][et_pb_column type=&#8221;4_4&#8243; _builder_version=&#8221;4.9.7&#8243; _module_preset=&#8221;default&#8221;][et_pb_text _builder_version=&#8221;4.9.7&#8243; _module_preset=&#8221;default&#8221;]<h2 id=\"h-got-questions-we-re-here-to-help-get-you-started-with-our-product\" style=\"text-align: center;\">\u00bf<strong>Tienes preguntas?<\/strong>\u00a0Nosotros estamos aqu\u00ed para resolver todas tus dudas.<\/h2>\n[\/et_pb_text][et_pb_image src=&#8221;https:\/\/madeincreativos.com\/wp-content\/uploads\/2021\/02\/pexels-dids-1616472-1-scaled-1-1.jpg&#8221; title_text=&#8221;pexels-dids-1616472-1&#8243; _builder_version=&#8221;4.9.7&#8243; _module_preset=&#8221;default&#8221;][\/et_pb_image][et_pb_text _builder_version=&#8221;4.9.7&#8243; _module_preset=&#8221;default&#8221; min_height=&#8221;68px&#8221; custom_margin=&#8221;||-19px|||&#8221; custom_padding=&#8221;||0px|||&#8221;]<div class=\"wp-block-columns\">\n<div class=\"wp-block-column\">\n<div class=\"wp-block-columns\">\n<div class=\"wp-block-column\" style=\"flex-basis: 100%;\">\n<h3 class=\"has-text-align-center\" id=\"h-frequently-asked-questions\" style=\"text-align: center;\">Respondemos a las preguntas mas frecuentes<\/h3>\n<p><!-- \/divi:heading --><\/div>\n<p><!-- \/divi:column --><\/div>\n<p><!-- \/divi:columns --><\/div>\n<p><!-- \/divi:column --><\/div>\n<p>&nbsp;<\/p>\n<p>&nbsp;<\/p>\n[\/et_pb_text][et_pb_toggle title=&#8221;\u00bfQu\u00e9 pasa si cambio de opini\u00f3n?&#8221; _builder_version=&#8221;4.9.7&#8243; _module_preset=&#8221;default&#8221;]<p>\u00a1No hay problema! Estamos seguros de que le encantar\u00e1 nuestro producto. Ofrecemos una garant\u00eda de devoluci\u00f3n de dinero de 14 d\u00edas, sin preguntas.<\/p>\n[\/et_pb_toggle][et_pb_toggle title=&#8221;\u00bfNuestro producto es eco-friendly?&#8221; _builder_version=&#8221;4.9.7&#8243; _module_preset=&#8221;default&#8221;]<div class=\"wp-block-column\"><\/div>\n<p>La mayor parte de nuestros productos tienen la certificaci\u00f3n FSC<sup style=\"color: inherit; text-align: inherit;\">\u00ae<\/sup><\/p>\n<div class=\"wp-block-column\">\n<p><!-- \/divi:paragraph --> <!-- divi:image {\"width\":20,\"height\":31} --><\/p>\n<figure class=\"wp-block-image is-resized\"><img loading=\"lazy\" decoding=\"async\" src=\"https:\/\/images.pixartprinting.net\/img\/landing\/sostenibilita19\/svg\/fsc.svg?v=1614787988\" alt=\"\" width=\"20\" height=\"31\" \/><\/figure>\n<p><!-- \/divi:image --> <!-- divi:paragraph -->El papel es el principal material de nuestra producci\u00f3n. La mayor\u00eda de los papeles que usamos tienen certificado FSC<sup>\u00ae<\/sup>, el cual garantiza su procedencia de\u00a0<strong>bosques y comunidades gestionados de acuerdo con elevados est\u00e1ndares medioambientales, sociales y econ\u00f3micos.<\/strong><\/p>\n<p><!-- \/divi:paragraph --> <!-- divi:paragraph -->Adem\u00e1s, con respecto a la impresi\u00f3n, nos comprometemos a utilizar principalmente con empresas que utilizan productos a base de agua. De esta forma, MadeIn Creativos quiere sensibilizar a sus clientes y guiarlos hacia una elecci\u00f3n consciente de los materiales con los que realizar sus trabajos, tratando de tener el menor impacto medioambiental posible.<\/p>\n<\/div>\n[\/et_pb_toggle][et_pb_toggle title=&#8221;\u00bfDisponemos de descuento?&#8221; _builder_version=&#8221;4.9.7&#8243; _module_preset=&#8221;default&#8221;]<div class=\"wp-block-column\">\n<div class=\"wp-block-column\"><!-- divi:paragraph --><span style=\"vertical-align: inherit;\">Aunque actualmente no tenemos ning\u00fan c\u00f3digo de cup\u00f3n activo, ocasionalmente realizamos ventas de temporada, s\u00edguenos por redes sociales para enterarte de todo lo que se avecina.<\/span><\/p>\n<p>&nbsp;<\/p>\n<\/div>\n<\/div>\n[\/et_pb_toggle][et_pb_text _builder_version=&#8221;4.9.7&#8243; _module_preset=&#8221;default&#8221; custom_padding=&#8221;||0px|||&#8221;]<h2 class=\"has-text-align-center\" id=\"h-still-need-help-we-re-here\" style=\"text-align: center;\"><span style=\"vertical-align: inherit;\">\u00bfA\u00fan necesitas ayuda? \u00a1Estamos aqu\u00ed!<\/span><\/h2>\n<p>&nbsp;<\/p>\n[\/et_pb_text][et_pb_button button_url=&#8221;https:\/\/madeincreativos.com\/contactanos\/&#8221; button_text=&#8221;Contacta con nosotros&#8221; button_alignment=&#8221;center&#8221; _builder_version=&#8221;4.9.7&#8243; _module_preset=&#8221;default&#8221;][\/et_pb_button][\/et_pb_column][\/et_pb_row][\/et_pb_section]","protected":false},"excerpt":{"rendered":"<p>\u00bfTienes preguntas?\u00a0Nosotros estamos aqu\u00ed para resolver todas tus dudas. Respondemos a las preguntas mas frecuentes &nbsp; &nbsp; \u00a1No hay problema! Estamos seguros de que le encantar\u00e1 nuestro producto. Ofrecemos una garant\u00eda de devoluci\u00f3n de dinero de 14 d\u00edas, sin preguntas. La mayor parte de nuestros productos tienen la certificaci\u00f3n FSC\u00ae El papel es el principal [&hellip;]<\/p>","protected":false},"author":1,"featured_media":0,"parent":0,"menu_order":0,"comment_status":"closed","ping_status":"closed","template":"","meta":{"_et_pb_use_builder":"on","_et_pb_old_content":"<!-- wp:media-text {\"mediaPosition\":\"right\",\"mediaId\":2203,\"mediaLink\":\"https:\/\/ocdi.com\/faq\/pexels-dids-1616472-1\/\",\"mediaType\":\"image\",\"mediaSizeSlug\":\"full\",\"imageFill\":true,\"className\":\"is-style-default\"} -->\n<div class=\"wp-block-media-text alignwide has-media-on-the-right is-stacked-on-mobile is-image-fill is-style-default\"><figure class=\"wp-block-media-text__media\" style=\"background-image:url(https:\/\/madeincreativos.com\/wp-content\/uploads\/2021\/02\/pexels-dids-1616472-1-scaled-1-1.jpg);background-position:50% 50%\"><img src=\"https:\/\/madeincreativos.com\/wp-content\/uploads\/2021\/02\/pexels-dids-1616472-1-scaled-1-1.jpg\" alt=\"\" class=\"wp-image-2203 size-full\"\/><\/figure><div class=\"wp-block-media-text__content\"><!-- wp:heading -->\n<h2 id=\"h-got-questions-we-re-here-to-help-get-you-started-with-our-product\">\u00bf<strong>Tienes preguntas?<\/strong> Nosotros estamos aqu\u00ed para resolver todas tus dudas.<\/h2>\n<!-- \/wp:heading --><\/div><\/div>\n<!-- \/wp:media-text -->\n\n<!-- wp:search {\"label\":\"\u00bfComo podemos ayudarte?\",\"buttonText\":\"Search\"} \/-->\n\n<!-- wp:columns -->\n<div class=\"wp-block-columns\"><!-- wp:column -->\n<div class=\"wp-block-column\"><!-- wp:columns -->\n<div class=\"wp-block-columns\"><!-- wp:column {\"width\":\"100%\"} -->\n<div class=\"wp-block-column\" style=\"flex-basis:100%\"><!-- wp:heading {\"textAlign\":\"center\"} -->\n<h2 class=\"has-text-align-center\" id=\"h-frequently-asked-questions\">Respondemos a las preguntas mas frecuentes<\/h2>\n<!-- \/wp:heading --><\/div>\n<!-- \/wp:column --><\/div>\n<!-- \/wp:columns --><\/div>\n<!-- \/wp:column --><\/div>\n<!-- \/wp:columns -->\n\n<!-- wp:columns -->\n<div class=\"wp-block-columns\"><!-- wp:column -->\n<div class=\"wp-block-column\"><!-- wp:heading {\"textAlign\":\"left\",\"level\":3,\"align\":\"wide\"} -->\n<h3 class=\"alignwide has-text-align-left\" id=\"h-what-if-i-change-my-mind\"><font style=\"vertical-align: inherit;\"><font style=\"vertical-align: inherit;\">\u00bfQu\u00e9 pasa si cambio de opini\u00f3n?<\/font><\/font><\/h3>\n<!-- \/wp:heading --><\/div>\n<!-- \/wp:column -->\n\n<!-- wp:column -->\n<div class=\"wp-block-column\"><!-- wp:paragraph -->\n<p><font style=\"vertical-align: inherit;\"><font style=\"vertical-align: inherit;\">\u00a1No hay problema! Estamos seguros de que le encantar\u00e1 nuestro producto. Ofrecemos una garant\u00eda de devoluci\u00f3n de dinero de 14 d\u00edas, sin preguntas.<\/font><\/font><\/p>\n<!-- \/wp:paragraph --><\/div>\n<!-- \/wp:column --><\/div>\n<!-- \/wp:columns -->\n\n<!-- wp:columns -->\n<div class=\"wp-block-columns\"><!-- wp:column -->\n<div class=\"wp-block-column\"><!-- wp:heading {\"level\":3,\"align\":\"full\"} -->\n<h3 class=\"alignfull\" id=\"h-is-your-product-eco-friendly\">\u00bfNuestro producto es eco-friendly?<\/h3>\n<!-- \/wp:heading --><\/div>\n<!-- \/wp:column -->\n\n<!-- wp:column -->\n<div class=\"wp-block-column\"><!-- wp:paragraph -->\n<p>La mayor parte de nuestros productos tienen la certificaci\u00f3n FSC<sup>\u00ae<\/sup> <\/p>\n<!-- \/wp:paragraph -->\n\n<!-- wp:image {\"width\":20,\"height\":31} -->\n<figure class=\"wp-block-image is-resized\"><img src=\"https:\/\/images.pixartprinting.net\/img\/landing\/sostenibilita19\/svg\/fsc.svg?v=1614787988\" alt=\"\" width=\"20\" height=\"31\"\/><\/figure>\n<!-- \/wp:image -->\n\n<!-- wp:paragraph -->\n<p>El papel es el principal material de nuestra producci\u00f3n. La mayor\u00eda de los papeles que usamos tienen certificado FSC<sup>\u00ae<\/sup>, el cual garantiza su procedencia de&nbsp;<strong>bosques y comunidades gestionados de acuerdo con elevados est\u00e1ndares medioambientales, sociales y econ\u00f3micos.<\/strong><\/p>\n<!-- \/wp:paragraph -->\n\n<!-- wp:paragraph -->\n<p>Adem\u00e1s, con respecto a la impresi\u00f3n, nos comprometemos a utilizar principalmente con empresas que utilizan productos a base de agua. De esta forma, MadeIn Creativos quiere sensibilizar a sus clientes y guiarlos hacia una elecci\u00f3n consciente de los materiales con los que realizar sus trabajos, tratando de tener el menor impacto medioambiental posible.<\/p>\n<!-- \/wp:paragraph --><\/div>\n<!-- \/wp:column --><\/div>\n<!-- \/wp:columns -->\n\n<!-- wp:columns -->\n<div class=\"wp-block-columns\"><!-- wp:column -->\n<div class=\"wp-block-column\"><!-- wp:heading {\"level\":3,\"align\":\"full\"} -->\n<h3 class=\"alignfull\" id=\"h-do-you-offer-any-discounts\">\u00bfDisponemos de descuento?<\/h3>\n<!-- \/wp:heading -->\n\n<!-- wp:paragraph -->\n<p><\/p>\n<!-- \/wp:paragraph --><\/div>\n<!-- \/wp:column -->\n\n<!-- wp:column -->\n<div class=\"wp-block-column\"><!-- wp:paragraph -->\n<p><font style=\"vertical-align: inherit;\"><font style=\"vertical-align: inherit;\">Aunque actualmente no tenemos ning\u00fan c\u00f3digo de cup\u00f3n activo, ocasionalmente realizamos ventas de temporada. \u00a1 <\/font><\/font><a href=\"http:\/\/newsletterlandingpageexample.com\"><font style=\"vertical-align: inherit;\"><font style=\"vertical-align: inherit;\">\u00danase a nuestro bolet\u00edn<\/font><\/font><\/a><font style=\"vertical-align: inherit;\"><font style=\"vertical-align: inherit;\"> para mantenerse actualizado!<\/font><\/font><\/p>\n<!-- \/wp:paragraph --><\/div>\n<!-- \/wp:column --><\/div>\n<!-- \/wp:columns -->\n\n<!-- wp:heading {\"textAlign\":\"center\"} -->\n<h2 class=\"has-text-align-center\" id=\"h-still-need-help-we-re-here\"><font style=\"vertical-align: inherit;\"><font style=\"vertical-align: inherit;\">\u00bfA\u00fan necesitas ayuda? \u00a1Estaban aqu\u00ed!<\/font><\/font><\/h2>\n<!-- \/wp:heading -->\n\n<!-- wp:buttons {\"contentJustification\":\"center\"} -->\n<div class=\"wp-block-buttons is-content-justification-center\"><!-- wp:button -->\n<div class=\"wp-block-button\"><a class=\"wp-block-button__link\" href=\"https:\/\/madeincreativos.com\/contactanos\/\">Contacta con nosotros<\/a><\/div>\n<!-- \/wp:button --><\/div>\n<!-- \/wp:buttons -->\n\n<!-- wp:paragraph -->\n<p><\/p>\n<!-- \/wp:paragraph -->","_et_gb_content_width":"","footnotes":""},"class_list":["post-2492","page","type-page","status-publish","hentry"],"yoast_head":"<!-- This site is optimized with the Yoast SEO plugin v27.5 - https:\/\/yoast.com\/product\/yoast-seo-wordpress\/ -->\n<title>MadeIn Creativos &#187; MadeIn Creativos<\/title>\n<meta name=\"description\" content=\"\u00bfTienes preguntas? Nosotros estamos aqu\u00ed para resolver todas tus dudas. Como \u00bfQu\u00e9 pasa si cambio de opini\u00f3n?, productos eco-friendl...\" \/>\n<meta name=\"robots\" content=\"index, follow, max-snippet:-1, max-image-preview:large, max-video-preview:-1\" \/>\n<link rel=\"canonical\" href=\"https:\/\/madeincreativos.com\/en\/faq\/\" \/>\n<meta property=\"og:locale\" content=\"en_GB\" \/>\n<meta property=\"og:type\" content=\"article\" \/>\n<meta property=\"og:title\" content=\"MadeIn Creativos &#187; MadeIn Creativos\" \/>\n<meta property=\"og:description\" content=\"\u00bfTienes preguntas? Nosotros estamos aqu\u00ed para resolver todas tus dudas. Como \u00bfQu\u00e9 pasa si cambio de opini\u00f3n?, productos eco-friendl...\" \/>\n<meta property=\"og:url\" content=\"https:\/\/madeincreativos.com\/en\/faq\/\" \/>\n<meta property=\"og:site_name\" content=\"MadeIn Creativos\" \/>\n<meta property=\"article:publisher\" content=\"https:\/\/www.facebook.com\/madeincreativos\" \/>\n<meta property=\"article:modified_time\" content=\"2021-10-07T09:05:28+00:00\" \/>\n<meta property=\"og:image\" content=\"https:\/\/images.pixartprinting.net\/img\/landing\/sostenibilita19\/svg\/fsc.svg?v=1614787988\" \/>\n<meta name=\"twitter:card\" content=\"summary_large_image\" \/>\n<meta name=\"twitter:label1\" content=\"Estimated reading time\" \/>\n\t<meta name=\"twitter:data1\" content=\"2 minutes\" \/>\n<script type=\"application\/ld+json\" class=\"yoast-schema-graph\">{\"@context\":\"https:\\\/\\\/schema.org\",\"@graph\":[{\"@type\":\"WebPage\",\"@id\":\"https:\\\/\\\/madeincreativos.com\\\/faq\\\/\",\"url\":\"https:\\\/\\\/madeincreativos.com\\\/faq\\\/\",\"name\":\"MadeIn Creativos &#187; MadeIn Creativos\",\"isPartOf\":{\"@id\":\"https:\\\/\\\/madeincreativos.com\\\/#website\"},\"primaryImageOfPage\":{\"@id\":\"https:\\\/\\\/madeincreativos.com\\\/faq\\\/#primaryimage\"},\"image\":{\"@id\":\"https:\\\/\\\/madeincreativos.com\\\/faq\\\/#primaryimage\"},\"thumbnailUrl\":\"https:\\\/\\\/images.pixartprinting.net\\\/img\\\/landing\\\/sostenibilita19\\\/svg\\\/fsc.svg?v=1614787988\",\"datePublished\":\"2021-07-07T15:42:01+00:00\",\"dateModified\":\"2021-10-07T09:05:28+00:00\",\"description\":\"\u00bfTienes preguntas? Nosotros estamos aqu\u00ed para resolver todas tus dudas. Como \u00bfQu\u00e9 pasa si cambio de opini\u00f3n?, productos eco-friendl...\",\"breadcrumb\":{\"@id\":\"https:\\\/\\\/madeincreativos.com\\\/faq\\\/#breadcrumb\"},\"inLanguage\":\"en-GB\",\"potentialAction\":[{\"@type\":\"ReadAction\",\"target\":[\"https:\\\/\\\/madeincreativos.com\\\/faq\\\/\"]}]},{\"@type\":\"ImageObject\",\"inLanguage\":\"en-GB\",\"@id\":\"https:\\\/\\\/madeincreativos.com\\\/faq\\\/#primaryimage\",\"url\":\"https:\\\/\\\/images.pixartprinting.net\\\/img\\\/landing\\\/sostenibilita19\\\/svg\\\/fsc.svg?v=1614787988\",\"contentUrl\":\"https:\\\/\\\/images.pixartprinting.net\\\/img\\\/landing\\\/sostenibilita19\\\/svg\\\/fsc.svg?v=1614787988\"},{\"@type\":\"BreadcrumbList\",\"@id\":\"https:\\\/\\\/madeincreativos.com\\\/faq\\\/#breadcrumb\",\"itemListElement\":[{\"@type\":\"ListItem\",\"position\":1,\"name\":\"Portada\",\"item\":\"https:\\\/\\\/madeincreativos.com\\\/\"},{\"@type\":\"ListItem\",\"position\":2,\"name\":\"Preguntas Frecuentes\"}]},{\"@type\":\"WebSite\",\"@id\":\"https:\\\/\\\/madeincreativos.com\\\/#website\",\"url\":\"https:\\\/\\\/madeincreativos.com\\\/\",\"name\":\"MadeIn Creativos\",\"description\":\"Imprenta y r\u00f3tulos en Ibiza\",\"publisher\":{\"@id\":\"https:\\\/\\\/madeincreativos.com\\\/#organization\"},\"potentialAction\":[{\"@type\":\"SearchAction\",\"target\":{\"@type\":\"EntryPoint\",\"urlTemplate\":\"https:\\\/\\\/madeincreativos.com\\\/?s={search_term_string}\"},\"query-input\":{\"@type\":\"PropertyValueSpecification\",\"valueRequired\":true,\"valueName\":\"search_term_string\"}}],\"inLanguage\":\"en-GB\"},{\"@type\":\"Organization\",\"@id\":\"https:\\\/\\\/madeincreativos.com\\\/#organization\",\"name\":\"MadeIn Creativos\",\"url\":\"https:\\\/\\\/madeincreativos.com\\\/\",\"logo\":{\"@type\":\"ImageObject\",\"inLanguage\":\"en-GB\",\"@id\":\"https:\\\/\\\/madeincreativos.com\\\/#\\\/schema\\\/logo\\\/image\\\/\",\"url\":\"https:\\\/\\\/madeincreativos.com\\\/wp-content\\\/uploads\\\/2021\\\/10\\\/05.png\",\"contentUrl\":\"https:\\\/\\\/madeincreativos.com\\\/wp-content\\\/uploads\\\/2021\\\/10\\\/05.png\",\"width\":444,\"height\":453,\"caption\":\"MadeIn Creativos\"},\"image\":{\"@id\":\"https:\\\/\\\/madeincreativos.com\\\/#\\\/schema\\\/logo\\\/image\\\/\"},\"sameAs\":[\"https:\\\/\\\/www.facebook.com\\\/madeincreativos\",\"https:\\\/\\\/www.instagram.com\\\/madeincreativos\\\/\"]}]}<\/script>\n<!-- \/ Yoast SEO plugin. -->","yoast_head_json":{"title":"MadeIn Creativos &#187; MadeIn Creativos","description":"\u00bfTienes preguntas? Nosotros estamos aqu\u00ed para resolver todas tus dudas. Como \u00bfQu\u00e9 pasa si cambio de opini\u00f3n?, productos eco-friendl...","robots":{"index":"index","follow":"follow","max-snippet":"max-snippet:-1","max-image-preview":"max-image-preview:large","max-video-preview":"max-video-preview:-1"},"canonical":"https:\/\/madeincreativos.com\/en\/faq\/","og_locale":"en_GB","og_type":"article","og_title":"MadeIn Creativos &#187; MadeIn Creativos","og_description":"\u00bfTienes preguntas? Nosotros estamos aqu\u00ed para resolver todas tus dudas. Como \u00bfQu\u00e9 pasa si cambio de opini\u00f3n?, productos eco-friendl...","og_url":"https:\/\/madeincreativos.com\/en\/faq\/","og_site_name":"MadeIn Creativos","article_publisher":"https:\/\/www.facebook.com\/madeincreativos","article_modified_time":"2021-10-07T09:05:28+00:00","og_image":[{"url":"https:\/\/images.pixartprinting.net\/img\/landing\/sostenibilita19\/svg\/fsc.svg?v=1614787988","type":"","width":"","height":""}],"twitter_card":"summary_large_image","twitter_misc":{"Estimated reading time":"2 minutes"},"schema":{"@context":"https:\/\/schema.org","@graph":[{"@type":"WebPage","@id":"https:\/\/madeincreativos.com\/faq\/","url":"https:\/\/madeincreativos.com\/faq\/","name":"MadeIn Creativos &#187; MadeIn Creativos","isPartOf":{"@id":"https:\/\/madeincreativos.com\/#website"},"primaryImageOfPage":{"@id":"https:\/\/madeincreativos.com\/faq\/#primaryimage"},"image":{"@id":"https:\/\/madeincreativos.com\/faq\/#primaryimage"},"thumbnailUrl":"https:\/\/images.pixartprinting.net\/img\/landing\/sostenibilita19\/svg\/fsc.svg?v=1614787988","datePublished":"2021-07-07T15:42:01+00:00","dateModified":"2021-10-07T09:05:28+00:00","description":"\u00bfTienes preguntas? Nosotros estamos aqu\u00ed para resolver todas tus dudas. Como \u00bfQu\u00e9 pasa si cambio de opini\u00f3n?, productos eco-friendl...","breadcrumb":{"@id":"https:\/\/madeincreativos.com\/faq\/#breadcrumb"},"inLanguage":"en-GB","potentialAction":[{"@type":"ReadAction","target":["https:\/\/madeincreativos.com\/faq\/"]}]},{"@type":"ImageObject","inLanguage":"en-GB","@id":"https:\/\/madeincreativos.com\/faq\/#primaryimage","url":"https:\/\/images.pixartprinting.net\/img\/landing\/sostenibilita19\/svg\/fsc.svg?v=1614787988","contentUrl":"https:\/\/images.pixartprinting.net\/img\/landing\/sostenibilita19\/svg\/fsc.svg?v=1614787988"},{"@type":"BreadcrumbList","@id":"https:\/\/madeincreativos.com\/faq\/#breadcrumb","itemListElement":[{"@type":"ListItem","position":1,"name":"Portada","item":"https:\/\/madeincreativos.com\/"},{"@type":"ListItem","position":2,"name":"Preguntas Frecuentes"}]},{"@type":"WebSite","@id":"https:\/\/madeincreativos.com\/#website","url":"https:\/\/madeincreativos.com\/","name":"MadeIn Creativos","description":"Imprenta y r\u00f3tulos en Ibiza","publisher":{"@id":"https:\/\/madeincreativos.com\/#organization"},"potentialAction":[{"@type":"SearchAction","target":{"@type":"EntryPoint","urlTemplate":"https:\/\/madeincreativos.com\/?s={search_term_string}"},"query-input":{"@type":"PropertyValueSpecification","valueRequired":true,"valueName":"search_term_string"}}],"inLanguage":"en-GB"},{"@type":"Organization","@id":"https:\/\/madeincreativos.com\/#organization","name":"MadeIn Creativos","url":"https:\/\/madeincreativos.com\/","logo":{"@type":"ImageObject","inLanguage":"en-GB","@id":"https:\/\/madeincreativos.com\/#\/schema\/logo\/image\/","url":"https:\/\/madeincreativos.com\/wp-content\/uploads\/2021\/10\/05.png","contentUrl":"https:\/\/madeincreativos.com\/wp-content\/uploads\/2021\/10\/05.png","width":444,"height":453,"caption":"MadeIn Creativos"},"image":{"@id":"https:\/\/madeincreativos.com\/#\/schema\/logo\/image\/"},"sameAs":["https:\/\/www.facebook.com\/madeincreativos","https:\/\/www.instagram.com\/madeincreativos\/"]}]}},"_links":{"self":[{"href":"https:\/\/madeincreativos.com\/en\/wp-json\/wp\/v2\/pages\/2492","targetHints":{"allow":["GET"]}}],"collection":[{"href":"https:\/\/madeincreativos.com\/en\/wp-json\/wp\/v2\/pages"}],"about":[{"href":"https:\/\/madeincreativos.com\/en\/wp-json\/wp\/v2\/types\/page"}],"author":[{"embeddable":true,"href":"https:\/\/madeincreativos.com\/en\/wp-json\/wp\/v2\/users\/1"}],"replies":[{"embeddable":true,"href":"https:\/\/madeincreativos.com\/en\/wp-json\/wp\/v2\/comments?post=2492"}],"version-history":[{"count":5,"href":"https:\/\/madeincreativos.com\/en\/wp-json\/wp\/v2\/pages\/2492\/revisions"}],"predecessor-version":[{"id":3334,"href":"https:\/\/madeincreativos.com\/en\/wp-json\/wp\/v2\/pages\/2492\/revisions\/3334"}],"wp:attachment":[{"href":"https:\/\/madeincreativos.com\/en\/wp-json\/wp\/v2\/media?parent=2492"}],"curies":[{"name":"wp","href":"https:\/\/api.w.org\/{rel}","templated":true}]}}